{"id":725087,"date":"2025-08-27T19:44:43","date_gmt":"2025-08-27T16:44:43","guid":{"rendered":"https:\/\/roveyayinevi.com.tr\/index.php\/urun\/libya\/"},"modified":"2026-04-16T02:32:51","modified_gmt":"2026-04-15T23:32:51","slug":"libya","status":"publish","type":"product","link":"https:\/\/roveyayinevi.com.tr\/index.php\/urun\/libya\/","title":{"rendered":"Libya"},"content":{"rendered":"<p>Abd\u00fclvahid Efendi, Sultan II. Abd\u00fclhamid taraf\u0131ndan bug\u00fcnk\u00fc Libya topraklar\u0131na g\u00f6nderilmi\u015f bir Osmanl\u0131 subay\u0131d\u0131r. Osmanl\u0131 Devleti, i\u00e7eride b\u00fcy\u00fck ekonomik krizler, siyasi \u00e7alkant\u0131lar ve milliyet\u00e7ilik isyanlar\u0131yla bo\u011fu\u015furken, d\u0131\u015far\u0131da da Rus sald\u0131r\u0131lar\u0131 ile \u0130ngilizler ve Frans\u0131zlar gibi s\u00f6m\u00fcrgeci g\u00fc\u00e7lere kar\u015f\u0131 amans\u0131z bir m\u00fccadele veriyordu. Mill\u00ee birli\u011fini olduk\u00e7a ge\u00e7 say\u0131labilecek bir tarih olan 1870 y\u0131l\u0131nda tamamlayabilen \u0130talya da g\u00f6zlerini \u00e7ok yak\u0131n bir yer olan Libya topraklar\u0131na dikmi\u015fti. \u00d6te yandan 1881\u2019de Tunus\u2019un Frans\u0131zlar, 1882\u2019de de M\u0131s\u0131r\u2019\u0131n \u0130ngilizler taraf\u0131ndan i\u015fgalinden sonra Trablusgarp eyaleti Osmanl\u0131 Devleti i\u00e7in daha da ehemmiyetli bir yer h\u00e2line gelmi\u015fti. Osmanl\u0131lar, h\u00e2lihaz\u0131rda devletin bir par\u00e7as\u0131 olarak mevcudiyetini devam ettiren Trablusgarp eyaleti hakk\u0131nda b\u00f6lgede g\u00f6rev yapan devlet yetkilileri sayesinde bilgi toplamaya devam ediyor, buradan gelen raporlarla merkezden olduk\u00e7a uzak olan bu topraklardaki varl\u0131\u011f\u0131n\u0131 s\u00fcrd\u00fcrmeye \u00e7al\u0131\u015f\u0131yordu.Libya\u2019da merkeze bilgi ak\u0131\u015f\u0131 sa\u011flayan isimlerden birisi de de\u011fi\u015fik aral\u0131klarla b\u00f6lgede g\u00f6rev yapan Binba\u015f\u0131 Abd\u00fclvahid Efendi\u2019dir. On y\u0131l\u0131 a\u015fk\u0131n bir s\u00fcre Trablusgarp ve Bingazi \u00e7evresinde resm\u00ee vazifeli olarak bulunan Abd\u00fclvahid\u2019in kaleminden d\u00f6k\u00fclen bilgiler b\u00f6lgeye y\u00f6nelik stratejiler a\u00e7\u0131s\u0131ndan son derece \u00f6nemlidir. O, 1870-1881 y\u0131llar\u0131 aras\u0131nda toplad\u0131\u011f\u0131 bilgileri bir rapor h\u00e2line getirip bizzat haz\u0131rlad\u0131\u011f\u0131 harita ile birlikte zaman\u0131n padi\u015fah\u0131 Sultan II. Abd\u00fclhamid Han\u2019a takdim etmi\u015ftir.Binba\u015f\u0131 Abd\u00fclvahid\u2019in Libya\u2019da g\u00f6rev yapt\u0131\u011f\u0131 zaman diliminde Osmanl\u0131 Devleti zor g\u00fcnler ge\u00e7iriyordu. O, sanki hi\u00e7bir sorun yokmu\u015f gibi tamamen kendi vazifesine odaklanm\u0131\u015f, Libya\u2019n\u0131n muhtemel i\u015fgallere kar\u015f\u0131 savunulabilmesi i\u00e7in neler yap\u0131labilece\u011fini b\u00fct\u00fcn detaylar\u0131 ile ortaya koymu\u015ftur. Buradaki g\u00f6revini hakk\u0131yla yerine getiren bu Osmanl\u0131 subay\u0131 tarihteki e\u015fsiz yerini alm\u0131\u015ft\u0131r. Raporu Libya\u2019n\u0131n yak\u0131n ge\u00e7mi\u015fine \u0131\u015f\u0131k tuttu\u011fu gibi Libya halk\u0131n\u0131n bug\u00fcn ya\u015fad\u0131\u011f\u0131 sorunlar\u0131n k\u00f6keni hakk\u0131nda da k\u0131ymetli veriler sunmaktad\u0131r. Rapor sahibi Binba\u015f\u0131 Abd\u00fclvahid\u2019in ruhu \u015fad olsun<\/p>\n","protected":false},"excerpt":{"rendered":"<p>Abd\u00fclvahid Efendi, Sultan II. Abd\u00fclhamid taraf\u0131ndan bug\u00fcnk\u00fc Libya topraklar\u0131na g\u00f6nderilmi\u015f bir Osmanl\u0131 subay\u0131d\u0131r. Osmanl\u0131 Devleti, i\u00e7eride b\u00fcy\u00fck ekonomik krizler, siyasi \u00e7alkant\u0131lar ve milliyet\u00e7ilik isyanlar\u0131yla bo\u011fu\u015furken, d\u0131\u015far\u0131da<span class=\"excerpt-hellip\"> [\u2026]<\/span><\/p>\n","protected":false},"featured_media":0,"template":"","meta":{"_monsterinsights_skip_tracking":false,"_monsterinsights_sitenote_active":false,"_monsterinsights_sitenote_note":"","_monsterinsights_sitenote_category":0},"product_brand":[],"product_cat":[13517,12304],"product_tag":[],"class_list":{"0":"post-725087","1":"product","2":"type-product","3":"status-publish","5":"product_cat-osmanli-tarihi","6":"product_cat-tarih","7":"pa_cilt-ciltsiz","8":"pa_tur-kitap","9":"pa_yayinevi-bilge-kultur-sanat","10":"pa_yazar-binbasi-abdulvahid","12":"first","13":"instock","14":"sale","15":"shipping-taxable","16":"purchasable","17":"product-type-simple"},"_links":{"self":[{"href":"https:\/\/roveyayinevi.com.tr\/index.php\/wp-json\/wp\/v2\/product\/725087","targetHints":{"allow":["GET"]}}],"collection":[{"href":"https:\/\/roveyayinevi.com.tr\/index.php\/wp-json\/wp\/v2\/product"}],"about":[{"href":"https:\/\/roveyayinevi.com.tr\/index.php\/wp-json\/wp\/v2\/types\/product"}],"wp:attachment":[{"href":"https:\/\/roveyayinevi.com.tr\/index.php\/wp-json\/wp\/v2\/media?parent=725087"}],"wp:term":[{"taxonomy":"product_brand","embeddable":true,"href":"https:\/\/roveyayinevi.com.tr\/index.php\/wp-json\/wp\/v2\/product_brand?post=725087"},{"taxonomy":"product_cat","embeddable":true,"href":"https:\/\/roveyayinevi.com.tr\/index.php\/wp-json\/wp\/v2\/product_cat?post=725087"},{"taxonomy":"product_tag","embeddable":true,"href":"https:\/\/roveyayinevi.com.tr\/index.php\/wp-json\/wp\/v2\/product_tag?post=725087"}],"curies":[{"name":"wp","href":"https:\/\/api.w.org\/{rel}","templated":true}]}}