{"id":725086,"date":"2025-08-27T19:44:42","date_gmt":"2025-08-27T16:44:42","guid":{"rendered":"https:\/\/roveyayinevi.com.tr\/index.php\/urun\/insan-yasaminda-oyunun-yeri\/"},"modified":"2026-04-16T02:32:51","modified_gmt":"2026-04-15T23:32:51","slug":"insan-yasaminda-oyunun-yeri","status":"publish","type":"product","link":"https:\/\/roveyayinevi.com.tr\/index.php\/urun\/insan-yasaminda-oyunun-yeri\/","title":{"rendered":"\u0130nsan Ya\u015fam\u0131nda Oyunun Yeri"},"content":{"rendered":"<p>Bu kitapta oyunun insan ya\u015fam\u0131nda; \u00f6zellikle de erken \u00e7ocukluk y\u0131llar\u0131ndaki yeri ve \u00f6nemi ele al\u0131nm\u0131\u015ft\u0131r. Kitap boyunca oyunun ve \u00e7ocuklu\u011fun tarih\u00e7esine, oyun teorilerine, zaman i\u00e7inde de\u011fi\u015fen oyunlar\u0131n \u00e7ocuklar\u0131 nas\u0131l etkiledi\u011fine, oyun davran\u0131\u015f\u0131nda k\u00fclt\u00fcrel farkl\u0131l\u0131klar\/benzerliklere ve yeti\u015fkinlikte oyuna da de\u011finilerek zengin bir i\u00e7erik ortaya konmu\u015ftur. Bu kitab\u0131n okuyucular\u0131, konuyla ilgilenen meslekta\u015flar, \u00f6\u011frenciler, ebeveynler ve konuyu merak eden herkes olacakt\u0131r\u2026<\/p>\n","protected":false},"excerpt":{"rendered":"<p>Bu kitapta oyunun insan ya\u015fam\u0131nda; \u00f6zellikle de erken \u00e7ocukluk y\u0131llar\u0131ndaki yeri ve \u00f6nemi ele al\u0131nm\u0131\u015ft\u0131r. Kitap boyunca oyunun ve \u00e7ocuklu\u011fun tarih\u00e7esine, oyun teorilerine, zaman i\u00e7inde de\u011fi\u015fen<span class=\"excerpt-hellip\"> [\u2026]<\/span><\/p>\n","protected":false},"featured_media":0,"template":"","meta":{"_monsterinsights_skip_tracking":false,"_monsterinsights_sitenote_active":false,"_monsterinsights_sitenote_note":"","_monsterinsights_sitenote_category":0},"product_brand":[],"product_cat":[12365,12364],"product_tag":[],"class_list":{"0":"post-725086","1":"product","2":"type-product","3":"status-publish","5":"product_cat-diger-genel-konular","6":"product_cat-genel-konular","7":"pa_cilt-ciltsiz","8":"pa_tur-kitap","9":"pa_yayinevi-bilge-kultur-sanat","10":"pa_yazar-t-gul-sendil","12":"first","13":"instock","14":"sale","15":"shipping-taxable","16":"purchasable","17":"product-type-simple"},"_links":{"self":[{"href":"https:\/\/roveyayinevi.com.tr\/index.php\/wp-json\/wp\/v2\/product\/725086","targetHints":{"allow":["GET"]}}],"collection":[{"href":"https:\/\/roveyayinevi.com.tr\/index.php\/wp-json\/wp\/v2\/product"}],"about":[{"href":"https:\/\/roveyayinevi.com.tr\/index.php\/wp-json\/wp\/v2\/types\/product"}],"wp:attachment":[{"href":"https:\/\/roveyayinevi.com.tr\/index.php\/wp-json\/wp\/v2\/media?parent=725086"}],"wp:term":[{"taxonomy":"product_brand","embeddable":true,"href":"https:\/\/roveyayinevi.com.tr\/index.php\/wp-json\/wp\/v2\/product_brand?post=725086"},{"taxonomy":"product_cat","embeddable":true,"href":"https:\/\/roveyayinevi.com.tr\/index.php\/wp-json\/wp\/v2\/product_cat?post=725086"},{"taxonomy":"product_tag","embeddable":true,"href":"https:\/\/roveyayinevi.com.tr\/index.php\/wp-json\/wp\/v2\/product_tag?post=725086"}],"curies":[{"name":"wp","href":"https:\/\/api.w.org\/{rel}","templated":true}]}}