{"id":725085,"date":"2025-08-27T19:44:41","date_gmt":"2025-08-27T16:44:41","guid":{"rendered":"https:\/\/roveyayinevi.com.tr\/index.php\/urun\/estetik-ve-sanat-felsefesi\/"},"modified":"2026-04-16T02:32:51","modified_gmt":"2026-04-15T23:32:51","slug":"estetik-ve-sanat-felsefesi","status":"publish","type":"product","link":"https:\/\/roveyayinevi.com.tr\/index.php\/urun\/estetik-ve-sanat-felsefesi\/","title":{"rendered":"Estetik Ve Sanat Felsefesi"},"content":{"rendered":"<p>Prof. Dr. \u00d6mer Naci Soykan\u2019\u0131n haz\u0131rlad\u0131\u011f\u0131 Estetik ve Sanat Felsefesi, klasik ve g\u00fcncel kaynaklara dayanarak olduk\u00e7a geni\u015f bir \u00e7er\u00e7evede sanat\u0131n t\u00fcm t\u00fcrlerini ele al\u0131yor.Sanat\u0131n kayna\u011f\u0131, m\u00fczik; resim, heykel, mimarl\u0131k gibi bi\u00e7imleyici sanatlar; \u015fiir, hik\u00e2ye\/roman, piyes gibi s\u00f6z sanatlar\u0131; sahne sanatlar\u0131 ile g\u00f6r\u00fcnt\u00fc sanatlar\u0131 \u00fczerinden sanat\u0131n ne oldu\u011funa dair bir b\u00fct\u00fcnl\u00fc\u011fe ula\u015fan Estetik ve Sanat Felsefesi, bu alanda yaz\u0131lm\u0131\u015f az say\u0131da kitaptan biri olarak ayr\u0131 bir \u00f6nem ta\u015f\u0131yor.Ya\u015fam\u0131 yans\u0131tan sanat yap\u0131t\u0131nda ya\u015fam\u0131 g\u00f6rmek, g\u00f6r\u00fcleni kavramsal tarzda dile getirmek sanat felsefesidir. Sanat yap\u0131tlar\u0131, ya\u015fam\u0131n nas\u0131l oldu\u011funu serimler; felsefe onlardan ya\u015fam\u0131n ne oldu\u011funu \u00e7\u0131kar\u0131r. Sanat\u0131 bilmek, ya\u015fam\u0131 bilmektir. Felsefe, ya\u015fam\u0131, onun durumlar\u0131n\u0131n dile yans\u0131t\u0131ld\u0131\u011f\u0131 kavramlarda ya da sanat felsefesi olarak somut sanat yap\u0131tlar\u0131nda, ahl\u00e2k felsefesi olarak insansal eylemlerde bilir. Bir sanat kuram\u0131 \u00f6ne s\u00fcrmeyi savlayan bu kitap, demek ki ayn\u0131 zamanda bir ya\u015fama felsefesidir. Prof. Dr. \u00d6mer Naci Soykan<\/p>\n","protected":false},"excerpt":{"rendered":"<p>Prof. Dr. \u00d6mer Naci Soykan\u2019\u0131n haz\u0131rlad\u0131\u011f\u0131 Estetik ve Sanat Felsefesi, klasik ve g\u00fcncel kaynaklara dayanarak olduk\u00e7a geni\u015f bir \u00e7er\u00e7evede sanat\u0131n t\u00fcm t\u00fcrlerini ele al\u0131yor.Sanat\u0131n kayna\u011f\u0131, m\u00fczik;<span class=\"excerpt-hellip\"> [\u2026]<\/span><\/p>\n","protected":false},"featured_media":0,"template":"","meta":{"_monsterinsights_skip_tracking":false,"_monsterinsights_sitenote_active":false,"_monsterinsights_sitenote_note":"","_monsterinsights_sitenote_category":0},"product_brand":[],"product_cat":[22741,12388],"product_tag":[],"class_list":{"0":"post-725085","1":"product","2":"type-product","3":"status-publish","5":"product_cat-estetik","6":"product_cat-felsefe","7":"pa_cilt-ciltsiz","8":"pa_tur-kitap","9":"pa_yayinevi-bilge-kultur-sanat","10":"pa_yazar-omer-naci-soykan","12":"first","13":"instock","14":"sale","15":"shipping-taxable","16":"purchasable","17":"product-type-simple"},"_links":{"self":[{"href":"https:\/\/roveyayinevi.com.tr\/index.php\/wp-json\/wp\/v2\/product\/725085","targetHints":{"allow":["GET"]}}],"collection":[{"href":"https:\/\/roveyayinevi.com.tr\/index.php\/wp-json\/wp\/v2\/product"}],"about":[{"href":"https:\/\/roveyayinevi.com.tr\/index.php\/wp-json\/wp\/v2\/types\/product"}],"wp:attachment":[{"href":"https:\/\/roveyayinevi.com.tr\/index.php\/wp-json\/wp\/v2\/media?parent=725085"}],"wp:term":[{"taxonomy":"product_brand","embeddable":true,"href":"https:\/\/roveyayinevi.com.tr\/index.php\/wp-json\/wp\/v2\/product_brand?post=725085"},{"taxonomy":"product_cat","embeddable":true,"href":"https:\/\/roveyayinevi.com.tr\/index.php\/wp-json\/wp\/v2\/product_cat?post=725085"},{"taxonomy":"product_tag","embeddable":true,"href":"https:\/\/roveyayinevi.com.tr\/index.php\/wp-json\/wp\/v2\/product_tag?post=725085"}],"curies":[{"name":"wp","href":"https:\/\/api.w.org\/{rel}","templated":true}]}}