{"id":725083,"date":"2025-08-27T19:44:40","date_gmt":"2025-08-27T16:44:40","guid":{"rendered":"https:\/\/roveyayinevi.com.tr\/index.php\/urun\/gumus-patenler-5\/"},"modified":"2026-04-16T02:32:51","modified_gmt":"2026-04-15T23:32:51","slug":"gumus-patenler-5","status":"publish","type":"product","link":"https:\/\/roveyayinevi.com.tr\/index.php\/urun\/gumus-patenler-5\/","title":{"rendered":"G\u00fcm\u00fc\u015f Patenler"},"content":{"rendered":"<p>\u0130lk kez 1865 y\u0131l\u0131nda yay\u0131mlanan bu klasik eser, yazar\u0131n s\u00f6zleriyle belirtirsek e\u011fer, bir seyahatnamenin \u00f6\u011fretici yanlar\u0131n\u0131 bir aile hik\u00e2yesiyle harmanlamaktad\u0131r. Hik\u00e2yemiz Hollanda\u2019da ge\u00e7ti\u011fi i\u00e7in \u00f6yk\u00fc boyunca Hollanda ve Hollandal\u0131lar\u0131n \u00e2detleri canl\u0131 bir \u015fekilde betimlenmi\u015ftir. Okur b\u00f6ylece ya\u015fayan kahramanlar arac\u0131l\u0131\u011f\u0131yla ba\u015fka bir \u00fclkeyle ve o \u00fclkenin k\u00fclt\u00fcr\u00fcyle tan\u0131\u015fmakta, \u00f6te yandan baz\u0131 de\u011ferlerin farkl\u0131 k\u00fclt\u00fcrlerde de ayn\u0131 kald\u0131\u011f\u0131na, yani evrenselli\u011fine tan\u0131kl\u0131k etmektedir.Hik\u00e2yemizin kahramanlar\u0131 Hans ve Gretel karde\u015fler, babalar\u0131n\u0131n ba\u015f\u0131na gelen korkun\u00e7 i\u015f kazas\u0131 ve i\u00e7inde bulunduklar\u0131 yoksulluk nedeniyle zorluklara g\u00f6\u011f\u00fcs geren, onurlu ve \u00e7al\u0131\u015fkan \u00e7ocuklard\u0131r. Annelerine ellerinden geldi\u011fince yard\u0131m etmekte, akl\u0131 yerinde olmayan babalar\u0131na da bakarak hayatta kalma m\u00fccadelesi vermektedirler. Derken o y\u0131l aral\u0131k ay\u0131nda bir paten yar\u0131\u015fmas\u0131 yap\u0131laca\u011f\u0131n\u0131 ve kazanana bir g\u00fcm\u00fc\u015f paten verilece\u011fini duyarlar. O g\u00fcne dek sadece kendi yapt\u0131klar\u0131 e\u011freti tahta patenlerle kayan iki karde\u015f i\u00e7in yar\u0131\u015fmaya kat\u0131lmak bile hayaldir. T\u0131pk\u0131 babalar\u0131n\u0131n bir g\u00fcn iyile\u015fmesi gibi\u2026 Ama iyilik ve iyi niyet var oldu\u011fu, insan azmetmekten vazge\u00e7medi\u011fi s\u00fcrece hi\u00e7bir \u015fey imk\u00e2ns\u0131z de\u011fildir.<\/p>\n","protected":false},"excerpt":{"rendered":"<p>\u0130lk kez 1865 y\u0131l\u0131nda yay\u0131mlanan bu klasik eser, yazar\u0131n s\u00f6zleriyle belirtirsek e\u011fer, bir seyahatnamenin \u00f6\u011fretici yanlar\u0131n\u0131 bir aile hik\u00e2yesiyle harmanlamaktad\u0131r. Hik\u00e2yemiz Hollanda\u2019da ge\u00e7ti\u011fi i\u00e7in \u00f6yk\u00fc boyunca<span class=\"excerpt-hellip\"> [\u2026]<\/span><\/p>\n","protected":false},"featured_media":0,"template":"","meta":{"_monsterinsights_skip_tracking":false,"_monsterinsights_sitenote_active":false,"_monsterinsights_sitenote_note":"","_monsterinsights_sitenote_category":0},"product_brand":[],"product_cat":[12274,12631],"product_tag":[],"class_list":{"0":"post-725083","1":"product","2":"type-product","3":"status-publish","5":"product_cat-cocuk-ve-genclik-kitaplari","6":"product_cat-diger-cocuk-ve-genclik-kitaplari","7":"pa_cilt-ciltsiz","8":"pa_tur-kitap","9":"pa_yayinevi-beyaz-balina-yayinlari","10":"pa_yazar-mary-mapes-dodge","12":"first","13":"instock","14":"sale","15":"shipping-taxable","16":"purchasable","17":"product-type-simple"},"_links":{"self":[{"href":"https:\/\/roveyayinevi.com.tr\/index.php\/wp-json\/wp\/v2\/product\/725083","targetHints":{"allow":["GET"]}}],"collection":[{"href":"https:\/\/roveyayinevi.com.tr\/index.php\/wp-json\/wp\/v2\/product"}],"about":[{"href":"https:\/\/roveyayinevi.com.tr\/index.php\/wp-json\/wp\/v2\/types\/product"}],"wp:attachment":[{"href":"https:\/\/roveyayinevi.com.tr\/index.php\/wp-json\/wp\/v2\/media?parent=725083"}],"wp:term":[{"taxonomy":"product_brand","embeddable":true,"href":"https:\/\/roveyayinevi.com.tr\/index.php\/wp-json\/wp\/v2\/product_brand?post=725083"},{"taxonomy":"product_cat","embeddable":true,"href":"https:\/\/roveyayinevi.com.tr\/index.php\/wp-json\/wp\/v2\/product_cat?post=725083"},{"taxonomy":"product_tag","embeddable":true,"href":"https:\/\/roveyayinevi.com.tr\/index.php\/wp-json\/wp\/v2\/product_tag?post=725083"}],"curies":[{"name":"wp","href":"https:\/\/api.w.org\/{rel}","templated":true}]}}