{"id":725080,"date":"2025-08-27T19:44:37","date_gmt":"2025-08-27T16:44:37","guid":{"rendered":"https:\/\/roveyayinevi.com.tr\/index.php\/urun\/seyyah-yazar-gezerken-gorduklerim\/"},"modified":"2026-04-16T02:32:51","modified_gmt":"2026-04-15T23:32:51","slug":"seyyah-yazar-gezerken-gorduklerim","status":"publish","type":"product","link":"https:\/\/roveyayinevi.com.tr\/index.php\/urun\/seyyah-yazar-gezerken-gorduklerim\/","title":{"rendered":"Seyyah Yazar \/ Gezerken G\u00f6rd\u00fcklerim"},"content":{"rendered":"<p>\u015eair\/yazar Mehmet G\u00f6z\u00fckara, davetli oldu\u011fu k\u00fclt\u00fcr vesanat etkinlikleri m\u00fcnasebetiyle gitti\u011fi farkl\u0131 co\u011frafyalarave mek\u00e2nlara, buralarda kat\u0131ld\u0131\u011f\u0131 programlara ait g\u00f6zlem,izlenim, duygu ve d\u00fc\u015f\u00fcncelerini hem g\u00fc\u00e7l\u00fc bir \u015fair hemde yazar kimli\u011fiyle dile getiren, kay\u0131t alt\u0131na alan birsanat\u00e7\u0131m\u0131zd\u0131r. Yazar, bu yaz\u0131lar\u0131n\u0131n bir k\u0131sm\u0131n\u0131 Seyyah Yazar\/Gezerken G\u00f6rd\u00fcklerim adl\u0131 eserinde bir araya getirerekokuyucuyla payla\u015fmaktad\u0131r. Mehmet G\u00f6z\u00fckara\u2019n\u0131n, gidilenyerlere ait tabii g\u00fczellikler yan\u0131nda tarih, co\u011frafya, edebiyat,k\u00fclt\u00fcr, sanat, gelenek ve g\u00f6renekler gibi pek \u00e7ok alandatespit ve de\u011ferlendirmeler yapmas\u0131; \u00e7ok y\u00f6nl\u00fc ve hemenher t\u00fcrde ayr\u0131 ayr\u0131 g\u00f6rebilece\u011fimiz konular\u0131 bir arada elealmas\u0131, bu eseri edeb\u00ee bir t\u00fcr olmakla birlikte ayn\u0131 zamandaba\u015fvurulacak bir kaynak h\u00e2line getirmektedir.G\u00f6z\u00fckara, eserinde seyahat pergelinin merkezini kadimbir k\u00fclt\u00fcr \u015fehri olan Elbistan\u2019a teyelleyip pergelin di\u011ferucunu yurdun di\u011fer il ve il\u00e7elerinde dola\u015ft\u0131r\u0131yor. Eserdekiyaz\u0131lar\u0131n bir k\u0131sm\u0131 gezi \u00f6zelli\u011fini ta\u015f\u0131rken, bir k\u0131sm\u0131  hat\u0131ralar\u0131n kayna\u015fmas\u0131ndan  olu\u015fan \u00e7e\u015fni g\u00f6stermektedir.Eserde; Bahaettin Karako\u00e7 ile Hurman \u00c7ay\u0131 \u00fcst\u00fcnekurulan haymada \u00e7ay muhabbeti yapacak, \u00c7anakkale\u2019yi\u015fair g\u00f6z\u00fcyle tan\u0131yacak, Nurhak\u2019ta bizi karde\u015f yapan k\u00fclt\u00fcrelkodlar\u0131m\u0131z\u0131 payla\u015facak, Eski\u015fehir\u2019de T\u00fcrk D\u00fcnyas\u0131\u2019n\u0131n \u015fiiriklimini soluyacak, Diyarbak\u0131r\u2019\u0131n \u201cSur\u201dlar\u0131n\u0131 ve \u201cs\u0131r\u201dlar\u0131n\u0131if\u015fa edecek, Tekir\u2019de \u015fair ve da\u011f oylumlu sohbet yapacak,Erciyes Da\u011f\u0131\u2019ndan \u015fairlere seslenecek, Kitap Fuarlar\u0131ndakelam ve kalem erbab\u0131yla tan\u0131\u015faca\u011f\u0131z\u2026.        Ramazan AVCI<\/p>\n","protected":false},"excerpt":{"rendered":"<p>\u015eair\/yazar Mehmet G\u00f6z\u00fckara, davetli oldu\u011fu k\u00fclt\u00fcr vesanat etkinlikleri m\u00fcnasebetiyle gitti\u011fi farkl\u0131 co\u011frafyalarave mek\u00e2nlara, buralarda kat\u0131ld\u0131\u011f\u0131 programlara ait g\u00f6zlem,izlenim, duygu ve d\u00fc\u015f\u00fcncelerini hem g\u00fc\u00e7l\u00fc bir \u015fair hemde<span class=\"excerpt-hellip\"> [\u2026]<\/span><\/p>\n","protected":false},"featured_media":0,"template":"","meta":{"_monsterinsights_skip_tracking":false,"_monsterinsights_sitenote_active":false,"_monsterinsights_sitenote_note":"","_monsterinsights_sitenote_category":0},"product_brand":[],"product_cat":[12777,12291],"product_tag":[],"class_list":{"0":"post-725080","1":"product","2":"type-product","3":"status-publish","5":"product_cat-deneme","6":"product_cat-edebiyat","7":"pa_cilt-ciltsiz","8":"pa_tur-kitap","9":"pa_yayinevi-gulnar-yayinlari","10":"pa_yazar-mehmet-gozukara","12":"first","13":"instock","14":"sale","15":"shipping-taxable","16":"purchasable","17":"product-type-simple"},"_links":{"self":[{"href":"https:\/\/roveyayinevi.com.tr\/index.php\/wp-json\/wp\/v2\/product\/725080","targetHints":{"allow":["GET"]}}],"collection":[{"href":"https:\/\/roveyayinevi.com.tr\/index.php\/wp-json\/wp\/v2\/product"}],"about":[{"href":"https:\/\/roveyayinevi.com.tr\/index.php\/wp-json\/wp\/v2\/types\/product"}],"wp:attachment":[{"href":"https:\/\/roveyayinevi.com.tr\/index.php\/wp-json\/wp\/v2\/media?parent=725080"}],"wp:term":[{"taxonomy":"product_brand","embeddable":true,"href":"https:\/\/roveyayinevi.com.tr\/index.php\/wp-json\/wp\/v2\/product_brand?post=725080"},{"taxonomy":"product_cat","embeddable":true,"href":"https:\/\/roveyayinevi.com.tr\/index.php\/wp-json\/wp\/v2\/product_cat?post=725080"},{"taxonomy":"product_tag","embeddable":true,"href":"https:\/\/roveyayinevi.com.tr\/index.php\/wp-json\/wp\/v2\/product_tag?post=725080"}],"curies":[{"name":"wp","href":"https:\/\/api.w.org\/{rel}","templated":true}]}}