{"id":725078,"date":"2025-08-27T19:44:35","date_gmt":"2025-08-27T16:44:35","guid":{"rendered":"https:\/\/roveyayinevi.com.tr\/index.php\/urun\/kuyrukluyildiz-altinda-izdivac\/"},"modified":"2026-04-16T02:32:51","modified_gmt":"2026-04-15T23:32:51","slug":"kuyrukluyildiz-altinda-izdivac","status":"publish","type":"product","link":"https:\/\/roveyayinevi.com.tr\/index.php\/urun\/kuyrukluyildiz-altinda-izdivac\/","title":{"rendered":"Kuyrukluy\u0131ld\u0131z Alt\u0131nda \u0130zdiva\u00e7"},"content":{"rendered":"<p>\u201cH\u00fcseyin Rahmi\u2019nin romanlar\u0131n\u0131n, \u00f6yk\u00fclerinin pop\u00fcler boyutunun a\u011f\u0131r bast\u0131\u011f\u0131 tart\u0131\u015f\u0131lmaz: S\u00fcr\u00fckleyici, olumlu anlam\u0131yla \u2018e\u011flendirici\u2019, \u00e7ok renkli karakterlere yasl\u0131, delifi\u015fek olay \u00f6rg\u00fcs\u00fcne sahip olmalar\u0131na kar\u015f\u0131n hi\u00e7biri \u2018hafif\u2019 yap\u0131tlar olarak de\u011ferlendirilemez. G\u00fc\u00e7l\u00fc k\u00fclt\u00fcr altyap\u0131s\u0131 vard\u0131 yazar\u0131n, Schopenhauer ya da Nietzsche gibi zorlu d\u00fc\u015f\u00fcn\u00fcrlere ilgi duymu\u015ftu.M\u00fcnzevi bir ya\u015fam s\u00fcr\u00fcyordu Heybeliada s\u0131rtlar\u0131ndaki k\u00f6\u015fk\u00fcnde; gelgelelim sonsuz bir depo olu\u015fturmu\u015ftu topluma y\u00f6nelik g\u00f6zlemlerinden. \u00dcst\u00fcne \u00fcstl\u00fck, \u00f6zel bir \u00fcsl\u00fbp yaratmay\u0131 bilmi\u015f, g\u00fcndelik konu\u015fma dilinden yaz\u0131s\u0131na dengeli bir k\u00f6pr\u00fc kurmu\u015ftu.H\u00fcseyin Rahmi G\u00fcrp\u0131nar edebiyat\u0131m\u0131z\u0131n en verimli yazarlar\u0131ndan biriydi. Kitaplar\u0131, bug\u00fcn de benzerlerine \u015fehirlerimizde, sokaklar\u0131m\u0131zda rastlad\u0131\u011f\u0131m\u0131z insan portreleri ve dramlar\u0131yla okuru sar\u0131p sarmalamay\u0131 s\u00fcrd\u00fcr\u00fcyor.\u201d Enis Batur \u201cCennet kisvesine b\u00fcr\u00fcnm\u00fc\u015f bu yery\u00fcz\u00fc, bir y\u0131ld\u0131z\u0131n zehirli kuyru\u011fu ile zehirlenecek, b\u00fct\u00fcn bu ne\u015fe s\u00f6necek, bu g\u00fcllerin solacak, bu b\u00fclb\u00fcllerin ebediyen susacak m\u0131?..\u201d<\/p>\n","protected":false},"excerpt":{"rendered":"<p>\u201cH\u00fcseyin Rahmi\u2019nin romanlar\u0131n\u0131n, \u00f6yk\u00fclerinin pop\u00fcler boyutunun a\u011f\u0131r bast\u0131\u011f\u0131 tart\u0131\u015f\u0131lmaz: S\u00fcr\u00fckleyici, olumlu anlam\u0131yla \u2018e\u011flendirici\u2019, \u00e7ok renkli karakterlere yasl\u0131, delifi\u015fek olay \u00f6rg\u00fcs\u00fcne sahip olmalar\u0131na kar\u015f\u0131n hi\u00e7biri \u2018hafif\u2019 yap\u0131tlar<span class=\"excerpt-hellip\"> [\u2026]<\/span><\/p>\n","protected":false},"featured_media":0,"template":"","meta":{"_monsterinsights_skip_tracking":false,"_monsterinsights_sitenote_active":false,"_monsterinsights_sitenote_note":"","_monsterinsights_sitenote_category":0},"product_brand":[],"product_cat":[12291,12711],"product_tag":[],"class_list":{"0":"post-725078","1":"product","2":"type-product","3":"status-publish","5":"product_cat-edebiyat","6":"product_cat-roman-oyku","7":"pa_cilt-ciltsiz","8":"pa_tur-kitap","9":"pa_yayinevi-kirmizi-kedi-yayinevi","10":"pa_yazar-huseyin-rahmi-gurpinar","12":"first","13":"instock","14":"sale","15":"shipping-taxable","16":"purchasable","17":"product-type-simple"},"_links":{"self":[{"href":"https:\/\/roveyayinevi.com.tr\/index.php\/wp-json\/wp\/v2\/product\/725078","targetHints":{"allow":["GET"]}}],"collection":[{"href":"https:\/\/roveyayinevi.com.tr\/index.php\/wp-json\/wp\/v2\/product"}],"about":[{"href":"https:\/\/roveyayinevi.com.tr\/index.php\/wp-json\/wp\/v2\/types\/product"}],"wp:attachment":[{"href":"https:\/\/roveyayinevi.com.tr\/index.php\/wp-json\/wp\/v2\/media?parent=725078"}],"wp:term":[{"taxonomy":"product_brand","embeddable":true,"href":"https:\/\/roveyayinevi.com.tr\/index.php\/wp-json\/wp\/v2\/product_brand?post=725078"},{"taxonomy":"product_cat","embeddable":true,"href":"https:\/\/roveyayinevi.com.tr\/index.php\/wp-json\/wp\/v2\/product_cat?post=725078"},{"taxonomy":"product_tag","embeddable":true,"href":"https:\/\/roveyayinevi.com.tr\/index.php\/wp-json\/wp\/v2\/product_tag?post=725078"}],"curies":[{"name":"wp","href":"https:\/\/api.w.org\/{rel}","templated":true}]}}