{"id":725072,"date":"2025-08-27T19:44:29","date_gmt":"2025-08-27T16:44:29","guid":{"rendered":"https:\/\/roveyayinevi.com.tr\/index.php\/urun\/deccal-hiristiyanliga-lanet\/"},"modified":"2026-04-07T02:41:34","modified_gmt":"2026-04-06T23:41:34","slug":"deccal-hiristiyanliga-lanet","status":"publish","type":"product","link":"https:\/\/roveyayinevi.com.tr\/index.php\/urun\/deccal-hiristiyanliga-lanet\/","title":{"rendered":"Deccal &#8211; H\u0131ristiyanl\u0131\u011fa Lanet"},"content":{"rendered":"<p>Nietzsche, \u00f6l\u00fcm\u00fcnden sonra yay\u0131mlananba\u015fyap\u0131t\u0131nda, \u00e7o\u011funluk kar\u015f\u0131s\u0131nda az\u0131nl\u0131k bileolamayacak bir azl\u0131\u011f\u0131 ifade ederken, o zamanakadar sa\u011f\u0131r kal\u0131nm\u0131\u015f do\u011frulara kulak verecekyeni bir vicdan\u0131n do\u011fu\u015funu mu\u015ftuluyor, t\u0131pk\u0131bir peygamber gibi. O g\u00fcnden bug\u00fcne \u00e7ok\u015feyler de\u011fi\u015fti. H\u0131ristiyanl\u0131\u011fa lanet okuyanlar,hele ki bu co\u011frafyada, hi\u00e7 az de\u011fil. Keza yenibir vicdan\u0131n do\u011fu\u015funu bekleyenler de. Ama s\u00f6zsav\u0131n\u0131 koruyor h\u00e2l\u00e2:\u2018\u2019Bu kitap en azlar\u0131nd\u0131r.\u2019\u2019 <\/p>\n","protected":false},"excerpt":{"rendered":"<p>Nietzsche, \u00f6l\u00fcm\u00fcnden sonra yay\u0131mlananba\u015fyap\u0131t\u0131nda, \u00e7o\u011funluk kar\u015f\u0131s\u0131nda az\u0131nl\u0131k bileolamayacak bir azl\u0131\u011f\u0131 ifade ederken, o zamanakadar sa\u011f\u0131r kal\u0131nm\u0131\u015f do\u011frulara kulak verecekyeni bir vicdan\u0131n do\u011fu\u015funu mu\u015ftuluyor, t\u0131pk\u0131bir peygamber gibi.<span class=\"excerpt-hellip\"> [\u2026]<\/span><\/p>\n","protected":false},"featured_media":0,"template":"","meta":{"_monsterinsights_skip_tracking":false,"_monsterinsights_sitenote_active":false,"_monsterinsights_sitenote_note":"","_monsterinsights_sitenote_category":0},"product_brand":[],"product_cat":[12291,12711],"product_tag":[],"class_list":{"0":"post-725072","1":"product","2":"type-product","3":"status-publish","5":"product_cat-edebiyat","6":"product_cat-roman-oyku","7":"pa_cilt-ciltsiz","8":"pa_tur-kitap","9":"pa_yayinevi-kirmizi-kedi-yayinevi","10":"pa_yazar-friedrich-nietzcsche","12":"first","13":"instock","14":"sale","15":"shipping-taxable","16":"purchasable","17":"product-type-simple"},"_links":{"self":[{"href":"https:\/\/roveyayinevi.com.tr\/index.php\/wp-json\/wp\/v2\/product\/725072","targetHints":{"allow":["GET"]}}],"collection":[{"href":"https:\/\/roveyayinevi.com.tr\/index.php\/wp-json\/wp\/v2\/product"}],"about":[{"href":"https:\/\/roveyayinevi.com.tr\/index.php\/wp-json\/wp\/v2\/types\/product"}],"wp:attachment":[{"href":"https:\/\/roveyayinevi.com.tr\/index.php\/wp-json\/wp\/v2\/media?parent=725072"}],"wp:term":[{"taxonomy":"product_brand","embeddable":true,"href":"https:\/\/roveyayinevi.com.tr\/index.php\/wp-json\/wp\/v2\/product_brand?post=725072"},{"taxonomy":"product_cat","embeddable":true,"href":"https:\/\/roveyayinevi.com.tr\/index.php\/wp-json\/wp\/v2\/product_cat?post=725072"},{"taxonomy":"product_tag","embeddable":true,"href":"https:\/\/roveyayinevi.com.tr\/index.php\/wp-json\/wp\/v2\/product_tag?post=725072"}],"curies":[{"name":"wp","href":"https:\/\/api.w.org\/{rel}","templated":true}]}}