{"id":725070,"date":"2025-08-27T19:44:27","date_gmt":"2025-08-27T16:44:27","guid":{"rendered":"https:\/\/roveyayinevi.com.tr\/index.php\/urun\/bir-uzay-gemisinde-sekiller-oyunlar-ve-cizgiler-var\/"},"modified":"2026-04-16T02:32:51","modified_gmt":"2026-04-15T23:32:51","slug":"bir-uzay-gemisinde-sekiller-oyunlar-ve-cizgiler-var","status":"publish","type":"product","link":"https:\/\/roveyayinevi.com.tr\/index.php\/urun\/bir-uzay-gemisinde-sekiller-oyunlar-ve-cizgiler-var\/","title":{"rendered":"Bir Uzay Gemisinde \u015eekiller Oyunlar ve \u00c7izgiler Var"},"content":{"rendered":"<p>El-G\u00f6z Koordinasyonu, Dikkat-Odaklanma Ve Uzamsal Alg\u0131y\u0131 Geli\u015ftirecek 32 E\u011flenceli Etkinlik \/ \u00c7\u0131kartmal\u0131Uzay g\u00f6revine kat\u0131lmaya haz\u0131r m\u0131s\u0131n? Kay\u0131p on canavar\u0131 bulmak i\u00e7in Kaptan Feza\u2019n\u0131n yard\u0131m\u0131na ihtiyac\u0131 var. Cemo, Niso ve kedi T\u0131rm\u0131k ile beraber, sevimli canavarlar\u0131 uzay gemisine geri g\u00f6t\u00fcr-men gerek. G\u00f6revin s\u0131ras\u0131nda e\u011flenceli oyun ve etkinlikler seni bekliyor.\u00c7ok say\u0131da y\u00f6n, \u015fekil, \u00e7izgi \u00e7al\u0131\u015fmas\u0131 ve oyun etkinli\u011fini s\u00fcr-\u00fckleyici bir macera i\u00e7inde sunan bu kitap 4-7 ya\u015f aras\u0131 \u00e7ocuklar i\u00e7in haz\u0131rland\u0131. \u00c7ocuklar, ister evde tek ba\u015flar\u0131na ister s\u0131n\u0131f ortam\u0131nda yapabilecekleri bu kolay ve anla\u015f\u0131l\u0131r etkinliklerle, il-kokul i\u00e7in gerekli temel beceri ve yetileri geli\u015ftirme f\u0131rsat\u0131 ya-kalayacaklar.Mor gezegende uzamsal alg\u0131y\u0131 geli\u015ftirmeMavi gezegende \u00e7izgi \u00e7al\u0131\u015fmalar\u0131 ile okuma yazmaya haz\u0131rl\u0131kK\u0131rm\u0131z\u0131 gezegende dikkat ve odaklanma \u00e7al\u0131\u015fmalar\u0131Sar\u0131 gezegende rahatlat\u0131c\u0131 hobi etkinlikleriYe\u015fil gezegende el-g\u00f6z koordinasyonunu ve yazma becerilerini geli\u015ftirme<\/p>\n","protected":false},"excerpt":{"rendered":"<p>El-G\u00f6z Koordinasyonu, Dikkat-Odaklanma Ve Uzamsal Alg\u0131y\u0131 Geli\u015ftirecek 32 E\u011flenceli Etkinlik \/ \u00c7\u0131kartmal\u0131Uzay g\u00f6revine kat\u0131lmaya haz\u0131r m\u0131s\u0131n? Kay\u0131p on canavar\u0131 bulmak i\u00e7in Kaptan Feza\u2019n\u0131n yard\u0131m\u0131na ihtiyac\u0131 var.<span class=\"excerpt-hellip\"> [\u2026]<\/span><\/p>\n","protected":false},"featured_media":0,"template":"","meta":{"_monsterinsights_skip_tracking":false,"_monsterinsights_sitenote_active":false,"_monsterinsights_sitenote_note":"","_monsterinsights_sitenote_category":0},"product_brand":[],"product_cat":[12554,12274],"product_tag":[],"class_list":{"0":"post-725070","1":"product","2":"type-product","3":"status-publish","5":"product_cat-cikartmali-kitaplar","6":"product_cat-cocuk-ve-genclik-kitaplari","7":"pa_cilt-ciltsiz","8":"pa_tur-kitap","9":"pa_yayinevi-domingo-yayinevi","10":"pa_yazar-manuela-piazza","12":"first","13":"instock","14":"sale","15":"shipping-taxable","16":"purchasable","17":"product-type-simple"},"_links":{"self":[{"href":"https:\/\/roveyayinevi.com.tr\/index.php\/wp-json\/wp\/v2\/product\/725070","targetHints":{"allow":["GET"]}}],"collection":[{"href":"https:\/\/roveyayinevi.com.tr\/index.php\/wp-json\/wp\/v2\/product"}],"about":[{"href":"https:\/\/roveyayinevi.com.tr\/index.php\/wp-json\/wp\/v2\/types\/product"}],"wp:attachment":[{"href":"https:\/\/roveyayinevi.com.tr\/index.php\/wp-json\/wp\/v2\/media?parent=725070"}],"wp:term":[{"taxonomy":"product_brand","embeddable":true,"href":"https:\/\/roveyayinevi.com.tr\/index.php\/wp-json\/wp\/v2\/product_brand?post=725070"},{"taxonomy":"product_cat","embeddable":true,"href":"https:\/\/roveyayinevi.com.tr\/index.php\/wp-json\/wp\/v2\/product_cat?post=725070"},{"taxonomy":"product_tag","embeddable":true,"href":"https:\/\/roveyayinevi.com.tr\/index.php\/wp-json\/wp\/v2\/product_tag?post=725070"}],"curies":[{"name":"wp","href":"https:\/\/api.w.org\/{rel}","templated":true}]}}