{"id":725069,"date":"2025-08-27T19:44:26","date_gmt":"2025-08-27T16:44:26","guid":{"rendered":"https:\/\/roveyayinevi.com.tr\/index.php\/urun\/dunyanin-kalbi\/"},"modified":"2026-04-16T02:32:50","modified_gmt":"2026-04-15T23:32:50","slug":"dunyanin-kalbi","status":"publish","type":"product","link":"https:\/\/roveyayinevi.com.tr\/index.php\/urun\/dunyanin-kalbi\/","title":{"rendered":"D\u00fcnyan\u0131n Kalbi"},"content":{"rendered":"<p>Merhaba, tan\u0131\u015fal\u0131m m\u0131? G\u00f6rd\u00fc\u011f\u00fcn gibi ben bir kediyim, bu y\u00fczden de bana Kedi diyebilirsin. Son zamanlarda d\u00fcnyam\u0131z\u0131n sorunlar\u0131n\u0131 epey dert ediyorum. Hangi sorunlar m\u0131? (Ciddi olamazs\u0131n!) A\u00e7l\u0131k, yoksulluk, sa\u011fl\u0131k, iklim ve \u00e7evre gibi sorunlar\u0131 kastediyorum. Belki duymu\u015fsundur Birle\u015fmi\u015f Milletler ad\u0131nda bir \u00f6rg\u00fct var. \u0130\u015fte bu \u00f6rg\u00fct d\u00fcnyan\u0131n sorunlar\u0131n\u0131 \u00e7\u00f6zmek i\u00e7in ger\u00e7ekle\u015ftirilmesi gereken 17 ama\u00e7 belirlemi\u015f. Bu ama\u00e7lara da S\u00fcrd\u00fcr\u00fclebilir Kalk\u0131nma Ama\u00e7lar\u0131 ad\u0131n\u0131 vermi\u015fler. \u00c7\u00fcnk\u00fc d\u00fcnyam\u0131z\u0131n ya\u015fanabilir bir yer olmay\u0131 s\u00fcrd\u00fcrebilmesi gerekiyor. Bu ama\u00e7lardan baz\u0131lar\u0131n\u0131 sana anlatmaya karar verdim. (Eh, sonu\u00e7ta d\u00fcnyan\u0131n gelece\u011fi en \u00e7ok seni ilgilendiriyor.) \u015eiirlerle ve etkinliklerle de anlatt\u0131klar\u0131m\u0131 destekleyece\u011fim. Bence e\u011flenceli olacak. Haydi o zaman d\u00fcnyam\u0131z\u0131 daha g\u00fczel bir yer h\u00e2line getirmek i\u00e7in i\u015fe koyulal\u0131m. <\/p>\n","protected":false},"excerpt":{"rendered":"<p>Merhaba, tan\u0131\u015fal\u0131m m\u0131? G\u00f6rd\u00fc\u011f\u00fcn gibi ben bir kediyim, bu y\u00fczden de bana Kedi diyebilirsin. Son zamanlarda d\u00fcnyam\u0131z\u0131n sorunlar\u0131n\u0131 epey dert ediyorum. Hangi sorunlar m\u0131? (Ciddi olamazs\u0131n!)<span class=\"excerpt-hellip\"> [\u2026]<\/span><\/p>\n","protected":false},"featured_media":0,"template":"","meta":{"_monsterinsights_skip_tracking":false,"_monsterinsights_sitenote_active":false,"_monsterinsights_sitenote_note":"","_monsterinsights_sitenote_category":0},"product_brand":[],"product_cat":[12274,12631],"product_tag":[],"class_list":{"0":"post-725069","1":"product","2":"type-product","3":"status-publish","5":"product_cat-cocuk-ve-genclik-kitaplari","6":"product_cat-diger-cocuk-ve-genclik-kitaplari","7":"pa_cilt-ciltsiz","8":"pa_tur-kitap","9":"pa_yayinevi-dogan-egmont-yayincilik","10":"pa_yazar-osman-ozturk","12":"first","13":"instock","14":"sale","15":"shipping-taxable","16":"purchasable","17":"product-type-simple"},"_links":{"self":[{"href":"https:\/\/roveyayinevi.com.tr\/index.php\/wp-json\/wp\/v2\/product\/725069","targetHints":{"allow":["GET"]}}],"collection":[{"href":"https:\/\/roveyayinevi.com.tr\/index.php\/wp-json\/wp\/v2\/product"}],"about":[{"href":"https:\/\/roveyayinevi.com.tr\/index.php\/wp-json\/wp\/v2\/types\/product"}],"wp:attachment":[{"href":"https:\/\/roveyayinevi.com.tr\/index.php\/wp-json\/wp\/v2\/media?parent=725069"}],"wp:term":[{"taxonomy":"product_brand","embeddable":true,"href":"https:\/\/roveyayinevi.com.tr\/index.php\/wp-json\/wp\/v2\/product_brand?post=725069"},{"taxonomy":"product_cat","embeddable":true,"href":"https:\/\/roveyayinevi.com.tr\/index.php\/wp-json\/wp\/v2\/product_cat?post=725069"},{"taxonomy":"product_tag","embeddable":true,"href":"https:\/\/roveyayinevi.com.tr\/index.php\/wp-json\/wp\/v2\/product_tag?post=725069"}],"curies":[{"name":"wp","href":"https:\/\/api.w.org\/{rel}","templated":true}]}}