{"id":725068,"date":"2025-08-27T19:44:25","date_gmt":"2025-08-27T16:44:25","guid":{"rendered":"https:\/\/roveyayinevi.com.tr\/index.php\/urun\/yakin-3\/"},"modified":"2026-04-16T02:32:50","modified_gmt":"2026-04-15T23:32:50","slug":"yakin-3","status":"publish","type":"product","link":"https:\/\/roveyayinevi.com.tr\/index.php\/urun\/yakin-3\/","title":{"rendered":"Yak\u0131n"},"content":{"rendered":"<p>Sevgili arkada\u015f\u0131m;Hepimiz bir di\u011ferinin hik\u00e2yesinin bir k\u00f6\u015fesi, birbirini bir yerlerde mutlaka tamamlayan film kareleriyiz. Kendimize yakla\u015ft\u0131k\u00e7a ben, biraz uzakla\u015ft\u0131k\u00e7a di\u011ferleriyiz. Ve e\u011fer tek bir sesin pe\u015finden gideceksek hayatta, bu sadece kendi sesimiz. \u00c7\u00fcnk\u00fc yazd\u0131\u011f\u0131m\u0131z eninde sonunda kendi hik\u00e2yemiz.Sakin kitab\u0131yla bizi her an\u0131n i\u00e7inde gizli sakinlik adalar\u0131na davet eden Ege Soley, \u015fimdi de kendimize daha yak\u0131n hissetmenin yollar\u0131n\u0131 a\u00e7\u0131yor bize. D\u00fcnyan\u0131n g\u00fcr\u00fclt\u00fcs\u00fcnden, hayat\u0131n h\u0131z\u0131ndan uzun zamand\u0131r ihmal etti\u011fimiz kendi sesimizi duymak i\u00e7in&#8230;<\/p>\n","protected":false},"excerpt":{"rendered":"<p>Sevgili arkada\u015f\u0131m;Hepimiz bir di\u011ferinin hik\u00e2yesinin bir k\u00f6\u015fesi, birbirini bir yerlerde mutlaka tamamlayan film kareleriyiz. Kendimize yakla\u015ft\u0131k\u00e7a ben, biraz uzakla\u015ft\u0131k\u00e7a di\u011ferleriyiz. Ve e\u011fer tek bir sesin pe\u015finden<span class=\"excerpt-hellip\"> [\u2026]<\/span><\/p>\n","protected":false},"featured_media":0,"template":"","meta":{"_monsterinsights_skip_tracking":false,"_monsterinsights_sitenote_active":false,"_monsterinsights_sitenote_note":"","_monsterinsights_sitenote_category":0},"product_brand":[],"product_cat":[12364,12376],"product_tag":[],"class_list":{"0":"post-725068","1":"product","2":"type-product","3":"status-publish","5":"product_cat-genel-konular","6":"product_cat-kisisel-gelisim","7":"pa_cilt-ciltsiz","8":"pa_tur-kitap","9":"pa_yayinevi-dogan-novus","10":"pa_yazar-ege-soley","12":"first","13":"instock","14":"sale","15":"shipping-taxable","16":"purchasable","17":"product-type-simple"},"_links":{"self":[{"href":"https:\/\/roveyayinevi.com.tr\/index.php\/wp-json\/wp\/v2\/product\/725068","targetHints":{"allow":["GET"]}}],"collection":[{"href":"https:\/\/roveyayinevi.com.tr\/index.php\/wp-json\/wp\/v2\/product"}],"about":[{"href":"https:\/\/roveyayinevi.com.tr\/index.php\/wp-json\/wp\/v2\/types\/product"}],"wp:attachment":[{"href":"https:\/\/roveyayinevi.com.tr\/index.php\/wp-json\/wp\/v2\/media?parent=725068"}],"wp:term":[{"taxonomy":"product_brand","embeddable":true,"href":"https:\/\/roveyayinevi.com.tr\/index.php\/wp-json\/wp\/v2\/product_brand?post=725068"},{"taxonomy":"product_cat","embeddable":true,"href":"https:\/\/roveyayinevi.com.tr\/index.php\/wp-json\/wp\/v2\/product_cat?post=725068"},{"taxonomy":"product_tag","embeddable":true,"href":"https:\/\/roveyayinevi.com.tr\/index.php\/wp-json\/wp\/v2\/product_tag?post=725068"}],"curies":[{"name":"wp","href":"https:\/\/api.w.org\/{rel}","templated":true}]}}