{"id":725064,"date":"2025-08-27T19:44:22","date_gmt":"2025-08-27T16:44:22","guid":{"rendered":"https:\/\/roveyayinevi.com.tr\/index.php\/urun\/gorunenin-ardindaki-gercek-tuz-dedektifleri\/"},"modified":"2026-04-16T02:32:50","modified_gmt":"2026-04-15T23:32:50","slug":"gorunenin-ardindaki-gercek-tuz-dedektifleri","status":"publish","type":"product","link":"https:\/\/roveyayinevi.com.tr\/index.php\/urun\/gorunenin-ardindaki-gercek-tuz-dedektifleri\/","title":{"rendered":"G\u00f6r\u00fcnenin Ard\u0131ndaki Ger\u00e7ek &#8211; Tuz Dedektifleri"},"content":{"rendered":"<p>Naci, Ahmet, Ceyda ve Leyla&#8230; D\u00f6rt arkada\u015f bir araya gelince, daha do\u011frusu adlar\u0131n\u0131n ba\u015f harfleri bir araya gelince, tuz olu\u015fuyor, yani tuzun kimyasal form\u00fcl\u00fc olan NaCl&#8230; Be\u015f kitapl\u0131k bu seride, mahalle sakinlerinin ba\u015flar\u0131na gelen gizemli olaylar\u0131 Tuz Dedektiflerinin nas\u0131l \u00e7\u00f6zd\u00fcklerini okuyacaks\u0131n\u0131z. Bakal\u0131m onlardan \u00f6nce olaylar\u0131 \u00e7\u00f6zebilecek misiniz?S\u0131n\u0131fta se\u00e7im var? Se\u00e7im g\u00fcn\u00fc Leyla oy torbas\u0131n\u0131 s\u0131n\u0131f dolab\u0131na koyar. Ertesi g\u00fcn torban\u0131n yerinde olmad\u0131\u011f\u0131 fark edilir. Tuz Dedektiflerinin yeni g\u00f6revi kaybolan oylar\u0131 bulmakt\u0131r. Bakal\u0131m oylar\u0131 bulabilecekler mi? Yeni s\u0131n\u0131f ba\u015fkan\u0131 kim olacak?<\/p>\n","protected":false},"excerpt":{"rendered":"<p>Naci, Ahmet, Ceyda ve Leyla&#8230; D\u00f6rt arkada\u015f bir araya gelince, daha do\u011frusu adlar\u0131n\u0131n ba\u015f harfleri bir araya gelince, tuz olu\u015fuyor, yani tuzun kimyasal form\u00fcl\u00fc olan NaCl&#8230;<span class=\"excerpt-hellip\"> [\u2026]<\/span><\/p>\n","protected":false},"featured_media":0,"template":"","meta":{"_monsterinsights_skip_tracking":false,"_monsterinsights_sitenote_active":false,"_monsterinsights_sitenote_note":"","_monsterinsights_sitenote_category":0},"product_brand":[],"product_cat":[12274,12284],"product_tag":[],"class_list":{"0":"post-725064","1":"product","2":"type-product","3":"status-publish","5":"product_cat-cocuk-ve-genclik-kitaplari","6":"product_cat-hikayeler","7":"pa_cilt-ciltsiz","8":"pa_tur-kitap","9":"pa_yayinevi-erdem-cocuk","10":"pa_yazar-fatma-cagdas-borekci","12":"first","13":"instock","14":"sale","15":"shipping-taxable","16":"purchasable","17":"product-type-simple"},"_links":{"self":[{"href":"https:\/\/roveyayinevi.com.tr\/index.php\/wp-json\/wp\/v2\/product\/725064","targetHints":{"allow":["GET"]}}],"collection":[{"href":"https:\/\/roveyayinevi.com.tr\/index.php\/wp-json\/wp\/v2\/product"}],"about":[{"href":"https:\/\/roveyayinevi.com.tr\/index.php\/wp-json\/wp\/v2\/types\/product"}],"wp:attachment":[{"href":"https:\/\/roveyayinevi.com.tr\/index.php\/wp-json\/wp\/v2\/media?parent=725064"}],"wp:term":[{"taxonomy":"product_brand","embeddable":true,"href":"https:\/\/roveyayinevi.com.tr\/index.php\/wp-json\/wp\/v2\/product_brand?post=725064"},{"taxonomy":"product_cat","embeddable":true,"href":"https:\/\/roveyayinevi.com.tr\/index.php\/wp-json\/wp\/v2\/product_cat?post=725064"},{"taxonomy":"product_tag","embeddable":true,"href":"https:\/\/roveyayinevi.com.tr\/index.php\/wp-json\/wp\/v2\/product_tag?post=725064"}],"curies":[{"name":"wp","href":"https:\/\/api.w.org\/{rel}","templated":true}]}}