{"id":725063,"date":"2025-08-27T19:44:21","date_gmt":"2025-08-27T16:44:21","guid":{"rendered":"https:\/\/roveyayinevi.com.tr\/index.php\/urun\/esrarengiz-mektup-kimin-tuz-dedektifleri\/"},"modified":"2026-04-16T02:32:50","modified_gmt":"2026-04-15T23:32:50","slug":"esrarengiz-mektup-kimin-tuz-dedektifleri","status":"publish","type":"product","link":"https:\/\/roveyayinevi.com.tr\/index.php\/urun\/esrarengiz-mektup-kimin-tuz-dedektifleri\/","title":{"rendered":"Esrarengiz Mektup Kimin? &#8211; Tuz Dedektifleri"},"content":{"rendered":"<p>Naci, Ahmet, Ceyda ve Leyla&#8230; D\u00f6rt arkada\u015f bir araya gelince, daha do\u011frusu adlar\u0131n\u0131n ba\u015f harfleri bir araya gelince, tuz olu\u015fuyor, yani tuzun kimyasal form\u00fcl\u00fc olan NaCl&#8230; Be\u015f kitapl\u0131k bu seride, mahalle sakinlerinin ba\u015flar\u0131na gelen gizemli olaylar\u0131 Tuz Dedektiflerinin nas\u0131l \u00e7\u00f6zd\u00fcklerini okuyacaks\u0131n\u0131z. Bakal\u0131m onlardan \u00f6nce olaylar\u0131 \u00e7\u00f6zebilecek misiniz?Ahmet a\u00e7\u0131lmam\u0131\u015f bir zarf bulur. Zarf\u0131n i\u00e7inden \u00e7\u0131kan mektubu sahibine ula\u015ft\u0131rmak Tuz Dedektiflerinin g\u00f6revidir. Zarfta ya da mektupta kime ait oldu\u011fu yazm\u0131yordur. Bu da Tuz Dedektiflerinin i\u015fini zorla\u015ft\u0131r\u0131r. Bakal\u0131m mektubun sahibini nas\u0131l bulacaklar?<\/p>\n","protected":false},"excerpt":{"rendered":"<p>Naci, Ahmet, Ceyda ve Leyla&#8230; D\u00f6rt arkada\u015f bir araya gelince, daha do\u011frusu adlar\u0131n\u0131n ba\u015f harfleri bir araya gelince, tuz olu\u015fuyor, yani tuzun kimyasal form\u00fcl\u00fc olan NaCl&#8230;<span class=\"excerpt-hellip\"> [\u2026]<\/span><\/p>\n","protected":false},"featured_media":0,"template":"","meta":{"_monsterinsights_skip_tracking":false,"_monsterinsights_sitenote_active":false,"_monsterinsights_sitenote_note":"","_monsterinsights_sitenote_category":0},"product_brand":[],"product_cat":[12274,12284],"product_tag":[],"class_list":{"0":"post-725063","1":"product","2":"type-product","3":"status-publish","5":"product_cat-cocuk-ve-genclik-kitaplari","6":"product_cat-hikayeler","7":"pa_cilt-ciltsiz","8":"pa_tur-kitap","9":"pa_yayinevi-erdem-cocuk","10":"pa_yazar-fatma-cagdas-borekci","12":"first","13":"instock","14":"sale","15":"shipping-taxable","16":"purchasable","17":"product-type-simple"},"_links":{"self":[{"href":"https:\/\/roveyayinevi.com.tr\/index.php\/wp-json\/wp\/v2\/product\/725063","targetHints":{"allow":["GET"]}}],"collection":[{"href":"https:\/\/roveyayinevi.com.tr\/index.php\/wp-json\/wp\/v2\/product"}],"about":[{"href":"https:\/\/roveyayinevi.com.tr\/index.php\/wp-json\/wp\/v2\/types\/product"}],"wp:attachment":[{"href":"https:\/\/roveyayinevi.com.tr\/index.php\/wp-json\/wp\/v2\/media?parent=725063"}],"wp:term":[{"taxonomy":"product_brand","embeddable":true,"href":"https:\/\/roveyayinevi.com.tr\/index.php\/wp-json\/wp\/v2\/product_brand?post=725063"},{"taxonomy":"product_cat","embeddable":true,"href":"https:\/\/roveyayinevi.com.tr\/index.php\/wp-json\/wp\/v2\/product_cat?post=725063"},{"taxonomy":"product_tag","embeddable":true,"href":"https:\/\/roveyayinevi.com.tr\/index.php\/wp-json\/wp\/v2\/product_tag?post=725063"}],"curies":[{"name":"wp","href":"https:\/\/api.w.org\/{rel}","templated":true}]}}