{"id":725061,"date":"2025-08-27T19:44:20","date_gmt":"2025-08-27T16:44:20","guid":{"rendered":"https:\/\/roveyayinevi.com.tr\/index.php\/urun\/yildizlarin-sondugu-gece\/"},"modified":"2026-04-16T02:32:50","modified_gmt":"2026-04-15T23:32:50","slug":"yildizlarin-sondugu-gece","status":"publish","type":"product","link":"https:\/\/roveyayinevi.com.tr\/index.php\/urun\/yildizlarin-sondugu-gece\/","title":{"rendered":"Y\u0131ld\u0131zlar\u0131n S\u00f6nd\u00fc\u011f\u00fc Gece"},"content":{"rendered":"<p>Minik Uzayl\u0131 i\u015fini \u00e7ok ciddiye alan bir y\u0131ld\u0131z parlat\u0131c\u0131s\u0131yd\u0131. \u00c7ok s\u0131k\u0131 \u00e7al\u0131\u015f\u0131r, mola bile vermezdi. Derken bir gece y\u0131ld\u0131zlar s\u00f6n\u00fcverdi. Uzayl\u0131 dostumuz bu sorunu \u00e7\u00f6zmek zorunda ama tek ba\u015f\u0131na olmaz.  Suz Hughes\u2019dan uzay merakl\u0131lar\u0131 i\u00e7in \u0131\u015f\u0131l \u0131\u015f\u0131l bir dostluk hik\u00e2yesi<\/p>\n","protected":false},"excerpt":{"rendered":"<p>Minik Uzayl\u0131 i\u015fini \u00e7ok ciddiye alan bir y\u0131ld\u0131z parlat\u0131c\u0131s\u0131yd\u0131. \u00c7ok s\u0131k\u0131 \u00e7al\u0131\u015f\u0131r, mola bile vermezdi. Derken bir gece y\u0131ld\u0131zlar s\u00f6n\u00fcverdi. Uzayl\u0131 dostumuz bu sorunu \u00e7\u00f6zmek zorunda<span class=\"excerpt-hellip\"> [\u2026]<\/span><\/p>\n","protected":false},"featured_media":0,"template":"","meta":{"_monsterinsights_skip_tracking":false,"_monsterinsights_sitenote_active":false,"_monsterinsights_sitenote_note":"","_monsterinsights_sitenote_category":0},"product_brand":[],"product_cat":[12275,12274],"product_tag":[],"class_list":{"0":"post-725061","1":"product","2":"type-product","3":"status-publish","5":"product_cat-6-12-yas-kitaplari","6":"product_cat-cocuk-ve-genclik-kitaplari","7":"pa_cilt-ciltsiz","8":"pa_tur-kitap","9":"pa_yayinevi-yapi-kredi-yayinlari","10":"pa_yazar-suz-hughes","12":"first","13":"instock","14":"sale","15":"shipping-taxable","16":"purchasable","17":"product-type-simple"},"_links":{"self":[{"href":"https:\/\/roveyayinevi.com.tr\/index.php\/wp-json\/wp\/v2\/product\/725061","targetHints":{"allow":["GET"]}}],"collection":[{"href":"https:\/\/roveyayinevi.com.tr\/index.php\/wp-json\/wp\/v2\/product"}],"about":[{"href":"https:\/\/roveyayinevi.com.tr\/index.php\/wp-json\/wp\/v2\/types\/product"}],"wp:attachment":[{"href":"https:\/\/roveyayinevi.com.tr\/index.php\/wp-json\/wp\/v2\/media?parent=725061"}],"wp:term":[{"taxonomy":"product_brand","embeddable":true,"href":"https:\/\/roveyayinevi.com.tr\/index.php\/wp-json\/wp\/v2\/product_brand?post=725061"},{"taxonomy":"product_cat","embeddable":true,"href":"https:\/\/roveyayinevi.com.tr\/index.php\/wp-json\/wp\/v2\/product_cat?post=725061"},{"taxonomy":"product_tag","embeddable":true,"href":"https:\/\/roveyayinevi.com.tr\/index.php\/wp-json\/wp\/v2\/product_tag?post=725061"}],"curies":[{"name":"wp","href":"https:\/\/api.w.org\/{rel}","templated":true}]}}