{"id":725060,"date":"2025-08-27T19:44:19","date_gmt":"2025-08-27T16:44:19","guid":{"rendered":"https:\/\/roveyayinevi.com.tr\/index.php\/urun\/insan-lekesi\/"},"modified":"2026-04-16T02:32:50","modified_gmt":"2026-04-15T23:32:50","slug":"insan-lekesi","status":"publish","type":"product","link":"https:\/\/roveyayinevi.com.tr\/index.php\/urun\/insan-lekesi\/","title":{"rendered":"\u0130nsan Lekesi"},"content":{"rendered":"<p>Clinton\u2019\u0131n oval ofis skandal\u0131n\u0131n ard\u0131ndan \u00e7alkalanan Amerika, kendi de\u011ferlerinin dahi sorguland\u0131\u011f\u0131 b\u00fcy\u00fck bir \u00e7at\u0131\u015fma atmosferinin etkisinde kal\u0131r. K\u00fc\u00e7\u00fck bir Amerikan \u00fcniversitesinde dekanl\u0131k g\u00f6revini de y\u00fcr\u00fcten Profes\u00f6r Coleman, hi\u00e7bir ikinci anlam y\u00fcklemeden kulland\u0131\u011f\u0131 bir kelime y\u00fcz\u00fcnden t\u00f6hmet alt\u0131nda kal\u0131r. \u00dczerine kara \u00e7al\u0131nm\u0131\u015f biri olman\u0131n yaratt\u0131\u011f\u0131 hayret, dizginlenemez bir \u00f6fkeye d\u00f6n\u00fc\u015f\u00fcr. \u00c7\u00f6z\u00fclen Coleman, ard\u0131ndan \u015fa\u015fk\u0131nl\u0131k uyand\u0131ran s\u0131rlar b\u0131rakaca\u011f\u0131 yeni bir ya\u015fam\u0131n kap\u0131s\u0131ndan girer. Philip Roth\u2019un birbirinden ba\u011f\u0131ms\u0131z romanlardan olu\u015fan Amerika \u00dc\u00e7lemesi, Pastoral Amerika ve Bir Kom\u00fcnistle Evlendim\u2019in ard\u0131ndan gelen \u0130nsan Lekesi ile tamamlan\u0131yor. 20. y\u00fczy\u0131l\u0131n ikinci d\u00f6nemindeki Amerikan ya\u015fam\u0131ndan farkl\u0131 kesitler sunan Roth, bug\u00fcn\u00fcn d\u00fcnyas\u0131n\u0131 daha iyi kavramay\u0131 arzu edenlere bir yard\u0131m eli uzat\u0131yor.Kelimenin tam anlam\u0131 eski g\u00fczel g\u00fcnlerini ar\u0131yor.Roth\u2019un aceleyle yaz\u0131lm\u0131\u015f hissi veren c\u00fcmleleriyle, zek\u00e2 ve tutkuyla \u00f6r\u00fcl\u00fc roman\u0131 haks\u0131zl\u0131k eder derecede parlak bir roman. -The Guardian\u00d6fkeyle patlayan, fikirlerin u\u011fuldad\u0131\u011f\u0131, g\u00f6z kama\u015ft\u0131r\u0131c\u0131 dokunu\u015flarla dolu s\u0131ra d\u0131\u015f\u0131 bir kitap. -Sunday Telegraph Amerika \u00dc\u00e7lemesi\u2019nin en dengeli ve insanc\u0131l kitab\u0131. Yazar\u0131n ele ald\u0131\u011f\u0131 patlay\u0131c\u0131 tema geni\u015f kitlelerce tart\u0131\u015f\u0131lacak. -Publishers Weekly<\/p>\n","protected":false},"excerpt":{"rendered":"<p>Clinton\u2019\u0131n oval ofis skandal\u0131n\u0131n ard\u0131ndan \u00e7alkalanan Amerika, kendi de\u011ferlerinin dahi sorguland\u0131\u011f\u0131 b\u00fcy\u00fck bir \u00e7at\u0131\u015fma atmosferinin etkisinde kal\u0131r. K\u00fc\u00e7\u00fck bir Amerikan \u00fcniversitesinde dekanl\u0131k g\u00f6revini de y\u00fcr\u00fcten Profes\u00f6r<span class=\"excerpt-hellip\"> [\u2026]<\/span><\/p>\n","protected":false},"featured_media":0,"template":"","meta":{"_monsterinsights_skip_tracking":false,"_monsterinsights_sitenote_active":false,"_monsterinsights_sitenote_note":"","_monsterinsights_sitenote_category":0},"product_brand":[],"product_cat":[12291,12711],"product_tag":[],"class_list":{"0":"post-725060","1":"product","2":"type-product","3":"status-publish","5":"product_cat-edebiyat","6":"product_cat-roman-oyku","7":"pa_cilt-ciltsiz","8":"pa_tur-kitap","9":"pa_yayinevi-yapi-kredi-yayinlari","10":"pa_yazar-philip-roth","12":"first","13":"instock","14":"sale","15":"shipping-taxable","16":"purchasable","17":"product-type-simple"},"_links":{"self":[{"href":"https:\/\/roveyayinevi.com.tr\/index.php\/wp-json\/wp\/v2\/product\/725060","targetHints":{"allow":["GET"]}}],"collection":[{"href":"https:\/\/roveyayinevi.com.tr\/index.php\/wp-json\/wp\/v2\/product"}],"about":[{"href":"https:\/\/roveyayinevi.com.tr\/index.php\/wp-json\/wp\/v2\/types\/product"}],"wp:attachment":[{"href":"https:\/\/roveyayinevi.com.tr\/index.php\/wp-json\/wp\/v2\/media?parent=725060"}],"wp:term":[{"taxonomy":"product_brand","embeddable":true,"href":"https:\/\/roveyayinevi.com.tr\/index.php\/wp-json\/wp\/v2\/product_brand?post=725060"},{"taxonomy":"product_cat","embeddable":true,"href":"https:\/\/roveyayinevi.com.tr\/index.php\/wp-json\/wp\/v2\/product_cat?post=725060"},{"taxonomy":"product_tag","embeddable":true,"href":"https:\/\/roveyayinevi.com.tr\/index.php\/wp-json\/wp\/v2\/product_tag?post=725060"}],"curies":[{"name":"wp","href":"https:\/\/api.w.org\/{rel}","templated":true}]}}