{"id":725057,"date":"2025-08-27T19:44:16","date_gmt":"2025-08-27T16:44:16","guid":{"rendered":"https:\/\/roveyayinevi.com.tr\/index.php\/urun\/the-times-gazetesine-gore-tanzimat-donemi\/"},"modified":"2026-04-16T02:32:50","modified_gmt":"2026-04-15T23:32:50","slug":"the-times-gazetesine-gore-tanzimat-donemi","status":"publish","type":"product","link":"https:\/\/roveyayinevi.com.tr\/index.php\/urun\/the-times-gazetesine-gore-tanzimat-donemi\/","title":{"rendered":"The Times Gazetesine G\u00f6re Tanzimat D\u00f6nemi"},"content":{"rendered":"<p>Osmanl\u0131 \u0130mparatorlu\u011fu, XVIII. y\u00fczy\u0131l\u0131n ilk y\u0131llar\u0131ndan itibaren Avrupa\u2019n\u0131n teknolojik ve ekonomik \u00fcst\u00fcnl\u00fc\u011f\u00fc kar\u015f\u0131s\u0131nda s\u00fcrekli olarak toprak ve sayg\u0131nl\u0131k yitirmeye ba\u015flam\u0131\u015f, XIX. y\u00fczy\u0131lda ise da\u011f\u0131lma s\u00fcrecine girmi\u015ftir. \u0130mparatorlu\u011fu bu s\u00fcre\u00e7ten kurtarabilmek ad\u0131na imparatorluk i\u00e7inde \u00f6zellikle askeri alanda bir dizi d\u00fczenlemeye ve reforma giri\u015filmi\u015ftir. Bunun yan\u0131 s\u0131ra imparatorlu\u011fun ayakta kalabilmesi i\u00e7in yaln\u0131zca askeri g\u00fcc\u00fcn yeterli olmayaca\u011f\u0131n\u0131n g\u00f6r\u00fclmesiyle Avrupa Devletleri ile \u201cdenge politikas\u0131\u201d izlenmi\u015ftir.Osmanl\u0131 \u0130mparatorlu\u011fu ve Rus temsilcilerinin 1774 y\u0131l\u0131nda imzalad\u0131klar\u0131 K\u00fc\u00e7\u00fck Kaynarca Anla\u015fmas\u0131, Tanzimat D\u00f6nemi (1839-1878) i\u00e7in bir ba\u015flang\u0131\u00e7 olma niteli\u011fi ta\u015f\u0131rken, ayn\u0131 zamanda d\u0131\u015f g\u00fc\u00e7leri de i\u00e7 i\u015flerde s\u00f6z sahibi haline getirmi\u015ftir. Osmanl\u0131 devlet adamlar\u0131 ise ancak 1798 y\u0131l\u0131nda Napolyon\u2019un M\u0131s\u0131r\u2019\u0131 i\u015fgali s\u0131ras\u0131nda imparatorlu\u011fun i\u00e7inde bulundu\u011fu g\u00fc\u00e7 durumun, g\u00fc\u00e7s\u00fczl\u00fc\u011f\u00fcn ve yetersizli\u011fin fark\u0131na varabilmi\u015flerdir. Ayr\u0131ca Avrupal\u0131 bir devletin askeri ve diplomatik deste\u011fi olmaks\u0131z\u0131n imparatorlu\u011fun toprak b\u00fct\u00fcnl\u00fc\u011f\u00fcn\u00fc ve ba\u011f\u0131ms\u0131zl\u0131\u011f\u0131n\u0131 koruman\u0131n imk\u00e2ns\u0131zl\u0131\u011f\u0131n\u0131 tam anlam\u0131yla kavrayabilmi\u015flerdir.The Times gazetesi d\u00f6nemin geli\u015fen olaylar\u0131na dair haberleri ve g\u00f6r\u00fc\u015fleri detayl\u0131 \u015fekilde yay\u0131nlam\u0131\u015ft\u0131r. T\u00fcm geli\u015fmelere dikkatle e\u011filen ve de\u011ferlendirmelerde bulunan gazetenin edit\u00f6r yorumlar\u0131 da olaylar\u0131n o g\u00fcn\u00fcn bak\u0131\u015f a\u00e7\u0131s\u0131na ve alg\u0131s\u0131na g\u00f6re anlamland\u0131rmaya \u00e7al\u0131\u015fmada fayda sa\u011flam\u0131\u015ft\u0131r.<\/p>\n","protected":false},"excerpt":{"rendered":"<p>Osmanl\u0131 \u0130mparatorlu\u011fu, XVIII. y\u00fczy\u0131l\u0131n ilk y\u0131llar\u0131ndan itibaren Avrupa\u2019n\u0131n teknolojik ve ekonomik \u00fcst\u00fcnl\u00fc\u011f\u00fc kar\u015f\u0131s\u0131nda s\u00fcrekli olarak toprak ve sayg\u0131nl\u0131k yitirmeye ba\u015flam\u0131\u015f, XIX. y\u00fczy\u0131lda ise da\u011f\u0131lma s\u00fcrecine girmi\u015ftir.<span class=\"excerpt-hellip\"> [\u2026]<\/span><\/p>\n","protected":false},"featured_media":0,"template":"","meta":{"_monsterinsights_skip_tracking":false,"_monsterinsights_sitenote_active":false,"_monsterinsights_sitenote_note":"","_monsterinsights_sitenote_category":0},"product_brand":[],"product_cat":[12304,13650],"product_tag":[],"class_list":{"0":"post-725057","1":"product","2":"type-product","3":"status-publish","5":"product_cat-tarih","6":"product_cat-turk-tarihi-arastirmalari","7":"pa_cilt-ciltsiz","8":"pa_tur-kitap","9":"pa_yayinevi-berikan-yayinlari","10":"pa_yazar-gunseli-gumusel","12":"first","13":"instock","14":"sale","15":"shipping-taxable","16":"purchasable","17":"product-type-simple"},"_links":{"self":[{"href":"https:\/\/roveyayinevi.com.tr\/index.php\/wp-json\/wp\/v2\/product\/725057","targetHints":{"allow":["GET"]}}],"collection":[{"href":"https:\/\/roveyayinevi.com.tr\/index.php\/wp-json\/wp\/v2\/product"}],"about":[{"href":"https:\/\/roveyayinevi.com.tr\/index.php\/wp-json\/wp\/v2\/types\/product"}],"wp:attachment":[{"href":"https:\/\/roveyayinevi.com.tr\/index.php\/wp-json\/wp\/v2\/media?parent=725057"}],"wp:term":[{"taxonomy":"product_brand","embeddable":true,"href":"https:\/\/roveyayinevi.com.tr\/index.php\/wp-json\/wp\/v2\/product_brand?post=725057"},{"taxonomy":"product_cat","embeddable":true,"href":"https:\/\/roveyayinevi.com.tr\/index.php\/wp-json\/wp\/v2\/product_cat?post=725057"},{"taxonomy":"product_tag","embeddable":true,"href":"https:\/\/roveyayinevi.com.tr\/index.php\/wp-json\/wp\/v2\/product_tag?post=725057"}],"curies":[{"name":"wp","href":"https:\/\/api.w.org\/{rel}","templated":true}]}}