{"id":725055,"date":"2025-08-27T19:44:15","date_gmt":"2025-08-27T16:44:15","guid":{"rendered":"https:\/\/roveyayinevi.com.tr\/index.php\/urun\/sessiz-siddet\/"},"modified":"2026-04-16T02:32:50","modified_gmt":"2026-04-15T23:32:50","slug":"sessiz-siddet","status":"publish","type":"product","link":"https:\/\/roveyayinevi.com.tr\/index.php\/urun\/sessiz-siddet\/","title":{"rendered":"Sessiz \u015eiddet"},"content":{"rendered":"<p>\u201cBazen sessizlik bir su\u00e7 i\u015fleme y\u00f6ntemi olabilir\u201d dersem buna hemen inan\u0131r m\u0131s\u0131n\u0131z? \u0130nanmas\u0131 zor, ancak imk\u00e2ns\u0131z de\u011fil. Sessiz kalarak su\u00e7 i\u015flenebilece\u011fini ve maruz kalan\u0131n \u00e7e\u015fitli su\u00e7lar\u0131n faili olabilece\u011fini hi\u00e7 d\u00fc\u015f\u00fcnd\u00fcn\u00fcz m\u00fc? \u0130lk ba\u015fta anlamas\u0131 zor olan bu durumu  ben Sessiz \u015eiddet olarak adland\u0131r\u0131yorum. Ba\u015fka bir deyi\u015fle; y\u00f6nlendirme g\u00fcc\u00fcnden dolay\u0131, Sessiz Manip\u00fclasyon. \u201cS\u00f6z g\u00fcm\u00fc\u015fse s\u00fck\u00fbt alt\u0131nd\u0131r\u201d deyi\u015finin z\u0131tt\u0131 bir ger\u00e7e\u011fi g\u00f6zler \u00f6n\u00fcne seriyorum. Bazen s\u00fck\u00fbtun alt\u0131n de\u011fil, madalyonun g\u00f6r\u00fcnmeyen karanl\u0131k y\u00fcz\u00fc oldu\u011funu sizlere anlataca\u011f\u0131m. Evet, bu gizemli yolculukta sessizli\u011fin karanl\u0131k y\u00f6n\u00fcn\u00fc beraber ke\u015ffetmeye var m\u0131s\u0131n\u0131z?<\/p>\n","protected":false},"excerpt":{"rendered":"<p>\u201cBazen sessizlik bir su\u00e7 i\u015fleme y\u00f6ntemi olabilir\u201d dersem buna hemen inan\u0131r m\u0131s\u0131n\u0131z? \u0130nanmas\u0131 zor, ancak imk\u00e2ns\u0131z de\u011fil. Sessiz kalarak su\u00e7 i\u015flenebilece\u011fini ve maruz kalan\u0131n \u00e7e\u015fitli su\u00e7lar\u0131n<span class=\"excerpt-hellip\"> [\u2026]<\/span><\/p>\n","protected":false},"featured_media":0,"template":"","meta":{"_monsterinsights_skip_tracking":false,"_monsterinsights_sitenote_active":false,"_monsterinsights_sitenote_note":"","_monsterinsights_sitenote_category":0},"product_brand":[],"product_cat":[14787,13488],"product_tag":[],"class_list":{"0":"post-725055","1":"product","2":"type-product","3":"status-publish","5":"product_cat-diger-toplum-ve-insan","6":"product_cat-toplum-ve-insan","7":"pa_cilt-ciltsiz","8":"pa_tur-kitap","9":"pa_yayinevi-mana-kitap","10":"pa_yazar-serra-taskopru","12":"first","13":"instock","14":"sale","15":"shipping-taxable","16":"purchasable","17":"product-type-simple"},"_links":{"self":[{"href":"https:\/\/roveyayinevi.com.tr\/index.php\/wp-json\/wp\/v2\/product\/725055","targetHints":{"allow":["GET"]}}],"collection":[{"href":"https:\/\/roveyayinevi.com.tr\/index.php\/wp-json\/wp\/v2\/product"}],"about":[{"href":"https:\/\/roveyayinevi.com.tr\/index.php\/wp-json\/wp\/v2\/types\/product"}],"wp:attachment":[{"href":"https:\/\/roveyayinevi.com.tr\/index.php\/wp-json\/wp\/v2\/media?parent=725055"}],"wp:term":[{"taxonomy":"product_brand","embeddable":true,"href":"https:\/\/roveyayinevi.com.tr\/index.php\/wp-json\/wp\/v2\/product_brand?post=725055"},{"taxonomy":"product_cat","embeddable":true,"href":"https:\/\/roveyayinevi.com.tr\/index.php\/wp-json\/wp\/v2\/product_cat?post=725055"},{"taxonomy":"product_tag","embeddable":true,"href":"https:\/\/roveyayinevi.com.tr\/index.php\/wp-json\/wp\/v2\/product_tag?post=725055"}],"curies":[{"name":"wp","href":"https:\/\/api.w.org\/{rel}","templated":true}]}}