{"id":725052,"date":"2025-08-27T19:44:12","date_gmt":"2025-08-27T16:44:12","guid":{"rendered":"https:\/\/roveyayinevi.com.tr\/index.php\/urun\/natinol-geographic-kids-mavi-gezegen-seti-5-kitap\/"},"modified":"2026-04-16T02:32:50","modified_gmt":"2026-04-15T23:32:50","slug":"natinol-geographic-kids-mavi-gezegen-seti-5-kitap","status":"publish","type":"product","link":"https:\/\/roveyayinevi.com.tr\/index.php\/urun\/natinol-geographic-kids-mavi-gezegen-seti-5-kitap\/","title":{"rendered":"Natinol Geographic Kids Mavi Gezegen Seti 5 Kitap"},"content":{"rendered":"<p>Yok olan t\u00fcrleri, koruma alt\u0131ndaki hayvan ve bitkileri bu kitaplarda \u00f6\u011frenecek, t\u00fcm canl\u0131lar\u0131n yasam hakk\u0131 oldu\u011funu hat\u0131rlayarak, D\u00fcnyam\u0131z\u0131 di\u011fer canl\u0131larla payla\u015ft\u0131\u011f\u0131m\u0131z\u0131 fark edeceksiniz. Mavi Gezegen Seti \u0130\u00e7eri\u011fi 5 KitapK\u00fcresel Is\u0131nmaGeri D\u00f6n\u00fc\u015f\u00fcmKoruma Alt\u0131ndaki T\u00fcrlerS\u00fcrd\u00fcr\u00fclebirlikSuyun Hikayesi<\/p>\n","protected":false},"excerpt":{"rendered":"<p>Yok olan t\u00fcrleri, koruma alt\u0131ndaki hayvan ve bitkileri bu kitaplarda \u00f6\u011frenecek, t\u00fcm canl\u0131lar\u0131n yasam hakk\u0131 oldu\u011funu hat\u0131rlayarak, D\u00fcnyam\u0131z\u0131 di\u011fer canl\u0131larla payla\u015ft\u0131\u011f\u0131m\u0131z\u0131 fark edeceksiniz. Mavi Gezegen Seti<span class=\"excerpt-hellip\"> [\u2026]<\/span><\/p>\n","protected":false},"featured_media":0,"template":"","meta":{"_monsterinsights_skip_tracking":false,"_monsterinsights_sitenote_active":false,"_monsterinsights_sitenote_note":"","_monsterinsights_sitenote_category":0},"product_brand":[],"product_cat":[12274,15842],"product_tag":[],"class_list":{"0":"post-725052","1":"product","2":"type-product","3":"status-publish","5":"product_cat-cocuk-ve-genclik-kitaplari","6":"product_cat-egitici-kitaplar","7":"pa_cilt-ciltsiz","8":"pa_tur-kitap","9":"pa_yayinevi-beta-kids","10":"pa_yazar-alper-k-ates","12":"first","13":"instock","14":"sale","15":"shipping-taxable","16":"purchasable","17":"product-type-simple"},"_links":{"self":[{"href":"https:\/\/roveyayinevi.com.tr\/index.php\/wp-json\/wp\/v2\/product\/725052","targetHints":{"allow":["GET"]}}],"collection":[{"href":"https:\/\/roveyayinevi.com.tr\/index.php\/wp-json\/wp\/v2\/product"}],"about":[{"href":"https:\/\/roveyayinevi.com.tr\/index.php\/wp-json\/wp\/v2\/types\/product"}],"wp:attachment":[{"href":"https:\/\/roveyayinevi.com.tr\/index.php\/wp-json\/wp\/v2\/media?parent=725052"}],"wp:term":[{"taxonomy":"product_brand","embeddable":true,"href":"https:\/\/roveyayinevi.com.tr\/index.php\/wp-json\/wp\/v2\/product_brand?post=725052"},{"taxonomy":"product_cat","embeddable":true,"href":"https:\/\/roveyayinevi.com.tr\/index.php\/wp-json\/wp\/v2\/product_cat?post=725052"},{"taxonomy":"product_tag","embeddable":true,"href":"https:\/\/roveyayinevi.com.tr\/index.php\/wp-json\/wp\/v2\/product_tag?post=725052"}],"curies":[{"name":"wp","href":"https:\/\/api.w.org\/{rel}","templated":true}]}}