{"id":725051,"date":"2025-08-27T19:44:12","date_gmt":"2025-08-27T16:44:12","guid":{"rendered":"https:\/\/roveyayinevi.com.tr\/index.php\/urun\/reform-serisi-ticaret-hukuku-ii-sirketler-hukuku\/"},"modified":"2026-04-16T02:32:50","modified_gmt":"2026-04-15T23:32:50","slug":"reform-serisi-ticaret-hukuku-ii-sirketler-hukuku","status":"publish","type":"product","link":"https:\/\/roveyayinevi.com.tr\/index.php\/urun\/reform-serisi-ticaret-hukuku-ii-sirketler-hukuku\/","title":{"rendered":"Reform Serisi Ticaret Hukuku &#8211; II (\u015eirketler Hukuku)"},"content":{"rendered":"<p>Birinci B\u00f6l\u00fcm  Birinci K\u0131s\u0131m I.Genel Olarak \u015eirket Kavram\u0131 II.\u015eirketin Unsurlar\u0131  \u0130kinci K\u0131s\u0131m 1.T\u00fczel Ki\u015fili\u011fin Bulunup Bulunmamas\u0131na G\u00f6re 2.\u015eirkette \u00d6ne \u00c7\u0131kan Unsura G\u00f6re  3.Sermaye Yap\u0131lar\u0131na G\u00f6re  4.Ortaklar\u0131n Sorumlulu\u011funa G\u00f6re   \u0130kinci B\u00f6l\u00fcm Adi \u015eirket   \u00dc\u00e7\u00fcnc\u00fc B\u00f6l\u00fcm Ticaret \u015eirketleri   D\u00f6rd\u00fcnc\u00fc B\u00f6l\u00fcm \u015eirketler Toplulu\u011fu  Be\u015finci B\u00f6l\u00fcm Kollektif \u015eirket  Alt\u0131nc\u0131 B\u00f6l\u00fcm Birinci K\u0131s\u0131m  Adi Komandit \u015eirket \u0130kinci K\u0131s\u0131m   Payl\u0131 Komandit \u015eirket Yedinci B\u00f6l\u00fcm   Birinci K\u0131s\u0131m Anonim \u015eirket  \u0130kinci K\u0131s\u0131m I.Anonim Ortakl\u0131\u011f\u0131n Kurulu\u015fu II.\u015eirketin Kurulamamas\u0131 III.Kurucular IV.Kurulu\u015f Belgeleri V.Kurulu\u015f \u0130\u015flemleri VI.Kurulu\u015fta Paylar\u0131n  Halka Arz Taahh\u00fcd\u00fc \u0130le Halka A\u00e7\u0131lma   \u00dc\u00e7\u00fcnc\u00fc K\u0131s\u0131m Kurulu\u015f \u0130\u015flemlerindeki Eksiklikler    Birinci B\u00f6l\u00fcm 1.Kurulu\u015f \u0130\u015flemlerindeki Eksiklikler Ve Sonu\u00e7lar\u0131 2.Kanuna Kar\u015f\u0131 Hile (Kurulu\u015ftan Sonra Devralma)   \u0130kinci B\u00f6l\u00fcm I.Anonim \u015eirketin Kurulu\u015fundan Do\u011fan Sorumluluk  II.Sorumlu Olanlar  III.Sorumluluk Sebepleri IV.M\u00fceyyide ve Davac\u0131lar   V.Zamana\u015f\u0131m\u0131 S\u00fcresi   \u00dc\u00e7\u00fcnc\u00fc B\u00f6l\u00fcm  Anonim \u015eirket Esas S\u00f6zle\u015fmesi   D\u00f6rd\u00fcnc\u00fc B\u00f6l\u00fcm Anonim Ortakl\u0131\u011f\u0131n Te\u015fkilat\u0131   D\u00f6r\u00fcnc\u00fc K\u0131s\u0131m Esas S\u00f6zle\u015fme De\u011fi\u015fiklikleri   Be\u015finci K\u0131s\u0131m Anonim \u015eirketlerin Sona Ermesi   Sekizinci B\u00f6l\u00fcm Limited \u015eirket   Birinci K\u0131s\u0131m \u015eirket S\u00f6zle\u015fmesinin De\u011fi\u015ftirilmesi   \u0130kinci K\u0131s\u0131m Ortaklar\u0131n Hak ve Bor\u00e7lar\u0131   \u00dc\u00e7\u00fcnc\u00fc K\u0131s\u0131m \u015eirketin Organlar\u0131 \u015eirketler Hukuku Sorular\u0131 Adi Hakimlik Sorular\u0131<\/p>\n","protected":false},"excerpt":{"rendered":"<p>Birinci B\u00f6l\u00fcm Birinci K\u0131s\u0131m I.Genel Olarak \u015eirket Kavram\u0131 II.\u015eirketin Unsurlar\u0131 \u0130kinci K\u0131s\u0131m 1.T\u00fczel Ki\u015fili\u011fin Bulunup Bulunmamas\u0131na G\u00f6re 2.\u015eirkette \u00d6ne \u00c7\u0131kan Unsura G\u00f6re 3.Sermaye Yap\u0131lar\u0131na G\u00f6re 4.Ortaklar\u0131n<span class=\"excerpt-hellip\"> [\u2026]<\/span><\/p>\n","protected":false},"featured_media":0,"template":"","meta":{"_monsterinsights_skip_tracking":false,"_monsterinsights_sitenote_active":false,"_monsterinsights_sitenote_note":"","_monsterinsights_sitenote_category":0},"product_brand":[],"product_cat":[15351,15350],"product_tag":[],"class_list":{"0":"post-725051","1":"product","2":"type-product","3":"status-publish","5":"product_cat-ders-kitaplari","6":"product_cat-hukuk","7":"pa_cilt-ciltsiz","8":"pa_tur-kitap","9":"pa_yayinevi-gazi-kitabevi","10":"pa_yazar-kolektif","12":"first","13":"instock","14":"sale","15":"shipping-taxable","16":"purchasable","17":"product-type-simple"},"_links":{"self":[{"href":"https:\/\/roveyayinevi.com.tr\/index.php\/wp-json\/wp\/v2\/product\/725051","targetHints":{"allow":["GET"]}}],"collection":[{"href":"https:\/\/roveyayinevi.com.tr\/index.php\/wp-json\/wp\/v2\/product"}],"about":[{"href":"https:\/\/roveyayinevi.com.tr\/index.php\/wp-json\/wp\/v2\/types\/product"}],"wp:attachment":[{"href":"https:\/\/roveyayinevi.com.tr\/index.php\/wp-json\/wp\/v2\/media?parent=725051"}],"wp:term":[{"taxonomy":"product_brand","embeddable":true,"href":"https:\/\/roveyayinevi.com.tr\/index.php\/wp-json\/wp\/v2\/product_brand?post=725051"},{"taxonomy":"product_cat","embeddable":true,"href":"https:\/\/roveyayinevi.com.tr\/index.php\/wp-json\/wp\/v2\/product_cat?post=725051"},{"taxonomy":"product_tag","embeddable":true,"href":"https:\/\/roveyayinevi.com.tr\/index.php\/wp-json\/wp\/v2\/product_tag?post=725051"}],"curies":[{"name":"wp","href":"https:\/\/api.w.org\/{rel}","templated":true}]}}