{"id":725050,"date":"2025-08-27T19:44:11","date_gmt":"2025-08-27T16:44:11","guid":{"rendered":"https:\/\/roveyayinevi.com.tr\/index.php\/urun\/reform-serisi-idare-hukuku\/"},"modified":"2026-04-16T02:32:50","modified_gmt":"2026-04-15T23:32:50","slug":"reform-serisi-idare-hukuku","status":"publish","type":"product","link":"https:\/\/roveyayinevi.com.tr\/index.php\/urun\/reform-serisi-idare-hukuku\/","title":{"rendered":"Reform Serisi \u0130dare Hukuku"},"content":{"rendered":"<p>\u0130DARE HUKUKU B\u0130R\u0130NC\u0130 B\u00d6L\u00dcM\u0130dare Kavram\u0131 \u0130K\u0130NC\u0130 B\u00d6L\u00dcMT.C. \u0130dare \u0130le \u0130lgili Anayasal \u0130lkeler \u00dc\u00c7\u00dcNC\u00dc B\u00d6L\u00dcM\u0130dari \u0130\u015flem Teorisi Ve \u0130dari \u0130\u015flemlerin \u00d6zellikleri D\u00d6RD\u00dcNC\u00dc B\u00d6L\u00dcM\u0130darenin S\u00f6zle\u015fmeleri BE\u015e\u0130NC\u0130 B\u00d6L\u00dcMKamu Hizmeti ALTINCI B\u00d6L\u00dcM\u0130darenin Yetkileri YED\u0130NC\u0130 B\u00d6L\u00dcM\u0130darenin Mallar\u0131 SEK\u0130Z\u0130NC\u0130 B\u00d6L\u00dcMKolluk Faaliyetleri DOKUZUNCU B\u00d6L\u00dcM\u0130darenin Sorumlulu\u011fu ONUNCU B\u00d6L\u00dcMKamu G\u00f6revlileri ONB\u0130R\u0130NC\u0130 B\u00d6L\u00dcMT.C. \u0130dari Te\u015fkilat\u0131 Merkezden Y\u00f6netimin Ba\u015fkent Te\u015fkilat\u0131 ON\u0130K\u0130NC\u0130 B\u00d6L\u00dcMT.C. \u0130daresi : Merkezden Y\u00f6netimin Ta\u015fra Te\u015fkilat\u0131 ON\u00dc\u00c7\u00dcNC\u00dc B\u00d6L\u00dcMYer Bak\u0131m\u0131ndan Yerinden Y\u00f6netim : Yerel Y\u00f6netimler (Mahalli \u0130dareler) OND\u00d6RD\u00dcNC\u00dc B\u00d6L\u00dcMHizmet Yerinden Y\u00f6netim Kurulu\u015flar\u0131n\u0131n \u00d6zellikleri<\/p>\n","protected":false},"excerpt":{"rendered":"<p>\u0130DARE HUKUKU B\u0130R\u0130NC\u0130 B\u00d6L\u00dcM\u0130dare Kavram\u0131 \u0130K\u0130NC\u0130 B\u00d6L\u00dcMT.C. \u0130dare \u0130le \u0130lgili Anayasal \u0130lkeler \u00dc\u00c7\u00dcNC\u00dc B\u00d6L\u00dcM\u0130dari \u0130\u015flem Teorisi Ve \u0130dari \u0130\u015flemlerin \u00d6zellikleri D\u00d6RD\u00dcNC\u00dc B\u00d6L\u00dcM\u0130darenin S\u00f6zle\u015fmeleri BE\u015e\u0130NC\u0130 B\u00d6L\u00dcMKamu Hizmeti<span class=\"excerpt-hellip\"> [\u2026]<\/span><\/p>\n","protected":false},"featured_media":0,"template":"","meta":{"_monsterinsights_skip_tracking":false,"_monsterinsights_sitenote_active":false,"_monsterinsights_sitenote_note":"","_monsterinsights_sitenote_category":0},"product_brand":[],"product_cat":[15351,15350],"product_tag":[],"class_list":{"0":"post-725050","1":"product","2":"type-product","3":"status-publish","5":"product_cat-ders-kitaplari","6":"product_cat-hukuk","7":"pa_cilt-ciltsiz","8":"pa_tur-kitap","9":"pa_yayinevi-gazi-kitabevi","10":"pa_yazar-kolektif","12":"first","13":"instock","14":"sale","15":"shipping-taxable","16":"purchasable","17":"product-type-simple"},"_links":{"self":[{"href":"https:\/\/roveyayinevi.com.tr\/index.php\/wp-json\/wp\/v2\/product\/725050","targetHints":{"allow":["GET"]}}],"collection":[{"href":"https:\/\/roveyayinevi.com.tr\/index.php\/wp-json\/wp\/v2\/product"}],"about":[{"href":"https:\/\/roveyayinevi.com.tr\/index.php\/wp-json\/wp\/v2\/types\/product"}],"wp:attachment":[{"href":"https:\/\/roveyayinevi.com.tr\/index.php\/wp-json\/wp\/v2\/media?parent=725050"}],"wp:term":[{"taxonomy":"product_brand","embeddable":true,"href":"https:\/\/roveyayinevi.com.tr\/index.php\/wp-json\/wp\/v2\/product_brand?post=725050"},{"taxonomy":"product_cat","embeddable":true,"href":"https:\/\/roveyayinevi.com.tr\/index.php\/wp-json\/wp\/v2\/product_cat?post=725050"},{"taxonomy":"product_tag","embeddable":true,"href":"https:\/\/roveyayinevi.com.tr\/index.php\/wp-json\/wp\/v2\/product_tag?post=725050"}],"curies":[{"name":"wp","href":"https:\/\/api.w.org\/{rel}","templated":true}]}}