{"id":725049,"date":"2025-08-27T19:44:11","date_gmt":"2025-08-27T16:44:11","guid":{"rendered":"https:\/\/roveyayinevi.com.tr\/index.php\/urun\/reform-serisi-icra-iflas-hukuku\/"},"modified":"2026-04-16T02:32:50","modified_gmt":"2026-04-15T23:32:50","slug":"reform-serisi-icra-iflas-hukuku","status":"publish","type":"product","link":"https:\/\/roveyayinevi.com.tr\/index.php\/urun\/reform-serisi-icra-iflas-hukuku\/","title":{"rendered":"Reform Serisi \u0130cra &#8211; \u0130flas Hukuku"},"content":{"rendered":"<p>\u0130CRA \u0130FLAS HUKUKU 1.\u0130cra Hukukuna Giri\u015f Ve Temel Kavramlar 2.\u015eikayet 3.\u0130cra Har\u00e7 Ve Masraflar\u0131, Takip Hukukunda S\u00fcreler, Takip Hukukunda Taraf Ve Takip Arkada\u015fl\u0131\u011f\u0131 4.\u0130lamlar\u0131n \u0130cras\u0131 Ve Takip Hukukuna \u0130li\u015fkin Davalar 5.Genel Haciz Yolu \u0130le Takip 6.Kambiyo Senetlerine \u00d6zg\u00fc Haciz Yoluyla Takip 7.Rehnin Paraya \u00c7evrilmesi Yolu \u0130le Takip 8.Haciz 9.Hacze \u0130\u015ftirak 10.Mahcuz Mal\u0131n Paraya \u00c7evrilmesi Ve Payla\u015ft\u0131rma 11.\u0130halenin Feshi 12.\u0130htiyati Haciz 13.Kiralanan Ta\u015f\u0131nmazlar\u0131n \u0130lams\u0131z \u0130cra Yoluyla Tahliyesi  \u0130K\u0130NC\u0130 K\u0130TAP  B\u0130R\u0130NC\u0130 B\u00d6L\u00dcM 1.\u0130flasa Tabi \u015eah\u0131slar 2.\u0130flas Sebepleri, C\u00fczi Ve K\u00fclli \u0130cra, \u0130flas\u0131n \u00dclkili\u011fi Ve Tekli\u011fi 3.Takipli Ve Takipsiz \u0130flas 4.\u0130flas\u0131n Ertelenmesi Ve \u0130flas\u0131n Kald\u0131r\u0131lmas\u0131 5.\u0130flas\u0131n A\u00e7\u0131lmas\u0131n\u0131n Hukuki Sonu\u00e7lar\u0131 6.Tasfiye \u015eekilleri 7.S\u0131ra Cetveli Ve S\u0131ra Cetveline Kar\u015f\u0131 Muhalefet 8.Alacakl\u0131lar Toplant\u0131s\u0131 9.Konkordato 10.Tasarrufun \u0130ptali Davas\u0131 11.\u0130cra Ve \u0130flas Su\u00e7lar\u0131 12.\u0130flas Te\u015fkilat\u0131 13.\u0130flas\u0131n Tasfiyesi Ve \u0130flas\u0131n Kapanmas\u0131<\/p>\n","protected":false},"excerpt":{"rendered":"<p>\u0130CRA \u0130FLAS HUKUKU 1.\u0130cra Hukukuna Giri\u015f Ve Temel Kavramlar 2.\u015eikayet 3.\u0130cra Har\u00e7 Ve Masraflar\u0131, Takip Hukukunda S\u00fcreler, Takip Hukukunda Taraf Ve Takip Arkada\u015fl\u0131\u011f\u0131 4.\u0130lamlar\u0131n \u0130cras\u0131 Ve<span class=\"excerpt-hellip\"> [\u2026]<\/span><\/p>\n","protected":false},"featured_media":0,"template":"","meta":{"_monsterinsights_skip_tracking":false,"_monsterinsights_sitenote_active":false,"_monsterinsights_sitenote_note":"","_monsterinsights_sitenote_category":0},"product_brand":[],"product_cat":[15351,15350],"product_tag":[],"class_list":{"0":"post-725049","1":"product","2":"type-product","3":"status-publish","5":"product_cat-ders-kitaplari","6":"product_cat-hukuk","7":"pa_cilt-ciltsiz","8":"pa_tur-kitap","9":"pa_yayinevi-gazi-kitabevi","10":"pa_yazar-kolektif","12":"first","13":"instock","14":"sale","15":"shipping-taxable","16":"purchasable","17":"product-type-simple"},"_links":{"self":[{"href":"https:\/\/roveyayinevi.com.tr\/index.php\/wp-json\/wp\/v2\/product\/725049","targetHints":{"allow":["GET"]}}],"collection":[{"href":"https:\/\/roveyayinevi.com.tr\/index.php\/wp-json\/wp\/v2\/product"}],"about":[{"href":"https:\/\/roveyayinevi.com.tr\/index.php\/wp-json\/wp\/v2\/types\/product"}],"wp:attachment":[{"href":"https:\/\/roveyayinevi.com.tr\/index.php\/wp-json\/wp\/v2\/media?parent=725049"}],"wp:term":[{"taxonomy":"product_brand","embeddable":true,"href":"https:\/\/roveyayinevi.com.tr\/index.php\/wp-json\/wp\/v2\/product_brand?post=725049"},{"taxonomy":"product_cat","embeddable":true,"href":"https:\/\/roveyayinevi.com.tr\/index.php\/wp-json\/wp\/v2\/product_cat?post=725049"},{"taxonomy":"product_tag","embeddable":true,"href":"https:\/\/roveyayinevi.com.tr\/index.php\/wp-json\/wp\/v2\/product_tag?post=725049"}],"curies":[{"name":"wp","href":"https:\/\/api.w.org\/{rel}","templated":true}]}}