{"id":725048,"date":"2025-08-27T19:44:10","date_gmt":"2025-08-27T16:44:10","guid":{"rendered":"https:\/\/roveyayinevi.com.tr\/index.php\/urun\/reform-serisi-borclar-hukuku-ozel-hukumler\/"},"modified":"2026-04-16T02:32:50","modified_gmt":"2026-04-15T23:32:50","slug":"reform-serisi-borclar-hukuku-ozel-hukumler","status":"publish","type":"product","link":"https:\/\/roveyayinevi.com.tr\/index.php\/urun\/reform-serisi-borclar-hukuku-ozel-hukumler\/","title":{"rendered":"Reform Serisi Bor\u00e7lar Hukuku \u00d6zel H\u00fck\u00fcmler"},"content":{"rendered":"<p>1.Birinci K\u0131s\u0131ma.Birinci B\u00f6l\u00fcm \u2013 \u00d6zel Bor\u00e7 \u0130li\u015fkileri ve \u0130simsiz S\u00f6zle\u015fmelerb.\u0130kinci B\u00f6l\u00fcm \u2013 Bor\u00e7lar Kanunu\u2019nda D\u00fczenlenmi\u015f Bulunan S\u00f6zle\u015fmelerin Konu ve Ama\u00e7 \u0130tibariyla Tasnifi  2.\u0130kinci K\u0131s\u0131ma.Birinci B\u00f6l\u00fcm \u2013 M\u00fclkiyet Devri Amac\u0131 G\u00fcden (Temlik) Borcu Do\u011furan S\u00f6zle\u015fmelerb.\u0130kinci B\u00f6l\u00fcm \u2013 Sat\u0131\u015f S\u00f6zle\u015fmesinin \u00c7e\u015fitleric.\u00dc\u00e7\u00fcnc\u00fc B\u00f6l\u00fcm \u2013 Taraflar Hak ve Y\u00fck\u00fcml\u00fcl\u00fcklerid.D\u00f6rd\u00fcnc\u00fc B\u00f6l\u00fcm \u2013 Ta\u015f\u0131nmaz Sat\u0131m\u0131e.Be\u015finci B\u00f6l\u00fcm \u2013 \u00d6rnek \u00dczerinef.Alt\u0131nc\u0131 B\u00f6l\u00fcm \u2013 Be\u011fenme Ko\u015fuluyla Sat\u0131\u015fg.Yedinci B\u00f6l\u00fcm \u2013 Tecr\u00fcbe ve Muayene \u015eart\u0131yla Sat\u0131\u015fh.Sekizinci B\u00f6l\u00fcm \u2013 Taksitle Sat\u0131\u015fi.Dokuzuncu B\u00f6l\u00fcm \u2013 \u00d6n \u00d6demeli Taksitle Sat\u0131\u015fj.Onuncu B\u00f6l\u00fcm \u2013 A\u00e7\u0131k Art\u0131rma (M\u00fczayede) Yoluyla Sat\u0131\u015f)  3.\u00dc\u00e7\u00fcnc\u00fc K\u0131s\u0131ma.Birinci B\u00f6l\u00fcm \u2013 Kira S\u00f6zle\u015fmesib.\u0130kinci B\u00f6l\u00fcm \u2013 Konut ve \u00c7at\u0131l\u0131 \u0130\u015fyeri Kiralar\u0131c.\u00dc\u00e7\u00fcnc\u00fc B\u00f6l\u00fcm \u2013 \u00dcr\u00fcn Kiras\u0131  4.D\u00f6rd\u00fcnc\u00fc K\u0131s\u0131ma.Birinci B\u00f6l\u00fcm \u2013 2. Kullan\u0131m \u00d6d\u00fcnc\u00fc (Ariyet) S\u00f6zle\u015fmesib.\u0130kinci B\u00f6l\u00fcm \u2013 3. T\u00fcketim \u00d6d\u00fcnc\u00fc (Karz) S\u00f6zle\u015fmesi  5.Be\u015finci K\u0131s\u0131ma.Birinci B\u00f6l\u00fcm \u2013 Eser S\u00f6zle\u015fmesib.\u0130kinci B\u00f6l\u00fcm \u2013 Eser S\u00f6zle\u015fmesinin Benzer S\u00f6zle\u015fmelerden Fark\u0131c.\u00dc\u00e7\u00fcnc\u00fc B\u00f6l\u00fcm \u2013 Hizmet (\u0130\u015f) S\u00f6zle\u015fmesid.Evde Hizmet S\u00f6zle\u015fmesie.Be\u015finci B\u00f6l\u00fcm \u2013 Komisyon S\u00f6zle\u015fmesif.Alt\u0131nc\u0131 B\u00f6l\u00fcm \u2013 Yay\u0131m S\u00f6zle\u015fmesig.Yedinci B\u00f6l\u00fcm \u2013 Havale<\/p>\n","protected":false},"excerpt":{"rendered":"<p>1.Birinci K\u0131s\u0131ma.Birinci B\u00f6l\u00fcm \u2013 \u00d6zel Bor\u00e7 \u0130li\u015fkileri ve \u0130simsiz S\u00f6zle\u015fmelerb.\u0130kinci B\u00f6l\u00fcm \u2013 Bor\u00e7lar Kanunu\u2019nda D\u00fczenlenmi\u015f Bulunan S\u00f6zle\u015fmelerin Konu ve Ama\u00e7 \u0130tibariyla Tasnifi 2.\u0130kinci K\u0131s\u0131ma.Birinci B\u00f6l\u00fcm \u2013<span class=\"excerpt-hellip\"> [\u2026]<\/span><\/p>\n","protected":false},"featured_media":0,"template":"","meta":{"_monsterinsights_skip_tracking":false,"_monsterinsights_sitenote_active":false,"_monsterinsights_sitenote_note":"","_monsterinsights_sitenote_category":0},"product_brand":[],"product_cat":[15351,15350],"product_tag":[],"class_list":{"0":"post-725048","1":"product","2":"type-product","3":"status-publish","5":"product_cat-ders-kitaplari","6":"product_cat-hukuk","7":"pa_cilt-ciltsiz","8":"pa_tur-kitap","9":"pa_yayinevi-gazi-kitabevi","10":"pa_yazar-kolektif","12":"first","13":"instock","14":"sale","15":"shipping-taxable","16":"purchasable","17":"product-type-simple"},"_links":{"self":[{"href":"https:\/\/roveyayinevi.com.tr\/index.php\/wp-json\/wp\/v2\/product\/725048","targetHints":{"allow":["GET"]}}],"collection":[{"href":"https:\/\/roveyayinevi.com.tr\/index.php\/wp-json\/wp\/v2\/product"}],"about":[{"href":"https:\/\/roveyayinevi.com.tr\/index.php\/wp-json\/wp\/v2\/types\/product"}],"wp:attachment":[{"href":"https:\/\/roveyayinevi.com.tr\/index.php\/wp-json\/wp\/v2\/media?parent=725048"}],"wp:term":[{"taxonomy":"product_brand","embeddable":true,"href":"https:\/\/roveyayinevi.com.tr\/index.php\/wp-json\/wp\/v2\/product_brand?post=725048"},{"taxonomy":"product_cat","embeddable":true,"href":"https:\/\/roveyayinevi.com.tr\/index.php\/wp-json\/wp\/v2\/product_cat?post=725048"},{"taxonomy":"product_tag","embeddable":true,"href":"https:\/\/roveyayinevi.com.tr\/index.php\/wp-json\/wp\/v2\/product_tag?post=725048"}],"curies":[{"name":"wp","href":"https:\/\/api.w.org\/{rel}","templated":true}]}}