{"id":725046,"date":"2025-08-27T19:44:08","date_gmt":"2025-08-27T16:44:08","guid":{"rendered":"https:\/\/roveyayinevi.com.tr\/index.php\/urun\/sonra-hepimiz-goge-baktik-ciltli\/"},"modified":"2026-04-16T02:32:50","modified_gmt":"2026-04-15T23:32:50","slug":"sonra-hepimiz-goge-baktik-ciltli","status":"publish","type":"product","link":"https:\/\/roveyayinevi.com.tr\/index.php\/urun\/sonra-hepimiz-goge-baktik-ciltli\/","title":{"rendered":"Sonra Hepimiz G\u00f6\u011fe Bakt\u0131k ( Ciltli )"},"content":{"rendered":"<p>Lise boyunca hepimiz etiketlerden ibarettik:Sporcu, d\u0131\u015flanm\u0131\u015f, aylak, h\u0131rsl\u0131.Ama sonra g\u00f6ky\u00fcz\u00fcnde mavi bir \u0131\u015f\u0131k belirdi. D\u00fcnya\u2019ya \u00e7arpacak ve bildi\u011fimiz her \u015feyi yok edecek bir asteroid.Kalan zaman\u0131m\u0131z\u0131n kontrol\u00fcn\u00fc elimize almak i\u00e7in iki ay\u0131m\u0131z vard\u0131. Daha \u00f6ncekinden b\u00fcy\u00fck bir \u015feye, d\u00fcnyan\u0131nsonundan sonra bile s\u00fcrecek bir \u015feye d\u00f6n\u00fc\u015fmek i\u00e7in iki ay.Ger\u00e7ekten ya\u015fanacak iki ay.Ve geri say\u0131m ba\u015flad\u0131\u2026\u201cBu \u00e7arp\u0131c\u0131 ilk romanda Wallach, i\u00e7indeki karanl\u0131\u011f\u0131 hassasiyet ve mizahla par\u00e7al\u0131yor. Okurlar\u0131n i\u00e7indeki filozofuortaya \u00e7\u0131karacak d\u00fc\u015f\u00fcnd\u00fcr\u00fcc\u00fc bir hik\u00e2ye.\u201d  Kirkus\u201cSon sayfaya kadar soluksuz okuyacaks\u0131n\u0131z ve bitirdikten sonra bile akl\u0131n\u0131zdan \u00e7\u0131kmayacak.\u201d      VOYA, starred review\u201cWallach, kitap boyunca karakterler aras\u0131ndaki gerilimi art\u0131rarak \u015fok edici bir sona ula\u015f\u0131yor.\u201d    Publishers Weekly,  \u201c\u00d6zellikle her \u015feyin da\u011f\u0131ld\u0131\u011f\u0131 ve sistemin \u00e7arklar\u0131n\u0131n durdu\u011fu yerlerde olduk\u00e7a karanl\u0131k bir hik\u00e2yeye d\u00f6n\u00fc\u015f\u00fcyor ama Wallach, kara mizah, belirgin edebi referanslar (mesela Vonnegut) ve hakiki nezakete dair insan\u0131 sarsan sahnelerle bu kasvetli y\u00f6nleri dengeliyor.\u201d The Children&#8217;s Bulletin \u201cAyn\u0131 anda tedirgin edici, moral verici, \u00fcrk\u00fct\u00fcc\u00fc ve y\u00fcrek burkan bir kitap. \u0130\u00e7inde bulundu\u011fumuz zaman ve mek\u00e2nla aram\u0131zdaki o k\u0131r\u0131lgan ba\u011fa duyulan tutkuyla yaz\u0131lm\u0131\u015f.\u201d \u2014Andrew Smith \u201cHantal bir distopya bekleyen okurlar\u0131 sa\u011flam, ger\u00e7ek\u00e7i anlat\u0131m\u0131yla \u015fa\u015f\u0131rtacak.\u201d   Booklist  \u201cWallach kimlik, aile ve sadakat sorunlar\u0131yla m\u00fccadele eden ger\u00e7ek\u00e7i gen\u00e7lerden yaratm\u0131\u015f karakterlerini&#8230; Cesur ve apokaliptik kurgu sevenler kesinlikle hayal k\u0131r\u0131kl\u0131\u011f\u0131na u\u011framayacak.\u201d  School Library Journal<\/p>\n","protected":false},"excerpt":{"rendered":"<p>Lise boyunca hepimiz etiketlerden ibarettik:Sporcu, d\u0131\u015flanm\u0131\u015f, aylak, h\u0131rsl\u0131.Ama sonra g\u00f6ky\u00fcz\u00fcnde mavi bir \u0131\u015f\u0131k belirdi. D\u00fcnya\u2019ya \u00e7arpacak ve bildi\u011fimiz her \u015feyi yok edecek bir asteroid.Kalan zaman\u0131m\u0131z\u0131n kontrol\u00fcn\u00fc<span class=\"excerpt-hellip\"> [\u2026]<\/span><\/p>\n","protected":false},"featured_media":0,"template":"","meta":{"_monsterinsights_skip_tracking":false,"_monsterinsights_sitenote_active":false,"_monsterinsights_sitenote_note":"","_monsterinsights_sitenote_category":0},"product_brand":[],"product_cat":[12540,12291],"product_tag":[],"class_list":{"0":"post-725046","1":"product","2":"type-product","3":"status-publish","5":"product_cat-bilim-kurgu","6":"product_cat-edebiyat","7":"pa_cilt-ciltli","8":"pa_tur-kitap","9":"pa_yayinevi-yabanci-yayinevi","10":"pa_yazar-tommy-wallach","12":"first","13":"instock","14":"sale","15":"shipping-taxable","16":"purchasable","17":"product-type-simple"},"_links":{"self":[{"href":"https:\/\/roveyayinevi.com.tr\/index.php\/wp-json\/wp\/v2\/product\/725046","targetHints":{"allow":["GET"]}}],"collection":[{"href":"https:\/\/roveyayinevi.com.tr\/index.php\/wp-json\/wp\/v2\/product"}],"about":[{"href":"https:\/\/roveyayinevi.com.tr\/index.php\/wp-json\/wp\/v2\/types\/product"}],"wp:attachment":[{"href":"https:\/\/roveyayinevi.com.tr\/index.php\/wp-json\/wp\/v2\/media?parent=725046"}],"wp:term":[{"taxonomy":"product_brand","embeddable":true,"href":"https:\/\/roveyayinevi.com.tr\/index.php\/wp-json\/wp\/v2\/product_brand?post=725046"},{"taxonomy":"product_cat","embeddable":true,"href":"https:\/\/roveyayinevi.com.tr\/index.php\/wp-json\/wp\/v2\/product_cat?post=725046"},{"taxonomy":"product_tag","embeddable":true,"href":"https:\/\/roveyayinevi.com.tr\/index.php\/wp-json\/wp\/v2\/product_tag?post=725046"}],"curies":[{"name":"wp","href":"https:\/\/api.w.org\/{rel}","templated":true}]}}