{"id":725041,"date":"2025-08-27T19:44:04","date_gmt":"2025-08-27T16:44:04","guid":{"rendered":"https:\/\/roveyayinevi.com.tr\/index.php\/urun\/dunyamiz-ve-uzay-4-yas-cizgi-cizgi-etkinlik\/"},"modified":"2026-04-16T02:32:50","modified_gmt":"2026-04-15T23:32:50","slug":"dunyamiz-ve-uzay-4-yas-cizgi-cizgi-etkinlik","status":"publish","type":"product","link":"https:\/\/roveyayinevi.com.tr\/index.php\/urun\/dunyamiz-ve-uzay-4-yas-cizgi-cizgi-etkinlik\/","title":{"rendered":"D\u00fcnyam\u0131z ve Uzay 4+ Ya\u015f &#8211; \u00c7izgi \u00c7izgi Etkinlik"},"content":{"rendered":"<p>De\u011ferli Ebeveynler ve \u00d6\u011fretmenler. \u00c7izgi \u00e7al\u0131\u015fmalar\u0131 hen\u00fcz yazmaya ba\u015flamayan \u00e7ocuklar\u0131n kol kaslar\u0131n\u0131n geli\u015fimi ve kas esnekli\u011finin sa\u011flanmas\u0131 i\u00e7in hayati \u00f6neme sahiptir ve bu \u00e7al\u0131\u015fmalar yazma faaliyetlerinin temeli niteli\u011findedir. Bu ihtiya\u00e7tan yola \u00e7\u0131karak toplam 10 kitaptan olu\u015fan &#8220;\u00c7izgi \u00c7izgi Etkinlik, serisini haz\u0131rlad\u0131k. &#8216;\u00c7izgi \u00c7izgi Etkinlik-, serisiyle \u00e7ocuklar; her sayfada yer alan y\u00f6nergeleri takip ederek dikkat ve psikomotor becerilerini geli\u015ftirecek, e\u015fle\u015ftirme, ili\u015fki kurma, tahmin etme, farkl\u0131 olan\u0131 bulma gibi temel kavramlar\u0131 \u00f6\u011frenecek ve kitap i\u00e7erisindeki \u00e7\u0131kartmalarla e\u011flenceli vakit ge\u00e7irecekler. \u00c7ocuklarla kaliteli zaman ge\u00e7irmek i\u00e7in &#8220;\u00c7izgi \u00c7izgi Etkinlik-, serisi tam size g\u00f6re&#8230;<\/p>\n","protected":false},"excerpt":{"rendered":"<p>De\u011ferli Ebeveynler ve \u00d6\u011fretmenler. \u00c7izgi \u00e7al\u0131\u015fmalar\u0131 hen\u00fcz yazmaya ba\u015flamayan \u00e7ocuklar\u0131n kol kaslar\u0131n\u0131n geli\u015fimi ve kas esnekli\u011finin sa\u011flanmas\u0131 i\u00e7in hayati \u00f6neme sahiptir ve bu \u00e7al\u0131\u015fmalar yazma faaliyetlerinin<span class=\"excerpt-hellip\"> [\u2026]<\/span><\/p>\n","protected":false},"featured_media":0,"template":"","meta":{"_monsterinsights_skip_tracking":false,"_monsterinsights_sitenote_active":false,"_monsterinsights_sitenote_note":"","_monsterinsights_sitenote_category":0},"product_brand":[],"product_cat":[12554,12274],"product_tag":[],"class_list":{"0":"post-725041","1":"product","2":"type-product","3":"status-publish","5":"product_cat-cikartmali-kitaplar","6":"product_cat-cocuk-ve-genclik-kitaplari","7":"pa_cilt-ciltsiz","8":"pa_tur-kitap","9":"pa_yayinevi-kukla-yayinlari","10":"pa_yazar-kolektif","12":"first","13":"instock","14":"sale","15":"shipping-taxable","16":"purchasable","17":"product-type-simple"},"_links":{"self":[{"href":"https:\/\/roveyayinevi.com.tr\/index.php\/wp-json\/wp\/v2\/product\/725041","targetHints":{"allow":["GET"]}}],"collection":[{"href":"https:\/\/roveyayinevi.com.tr\/index.php\/wp-json\/wp\/v2\/product"}],"about":[{"href":"https:\/\/roveyayinevi.com.tr\/index.php\/wp-json\/wp\/v2\/types\/product"}],"wp:attachment":[{"href":"https:\/\/roveyayinevi.com.tr\/index.php\/wp-json\/wp\/v2\/media?parent=725041"}],"wp:term":[{"taxonomy":"product_brand","embeddable":true,"href":"https:\/\/roveyayinevi.com.tr\/index.php\/wp-json\/wp\/v2\/product_brand?post=725041"},{"taxonomy":"product_cat","embeddable":true,"href":"https:\/\/roveyayinevi.com.tr\/index.php\/wp-json\/wp\/v2\/product_cat?post=725041"},{"taxonomy":"product_tag","embeddable":true,"href":"https:\/\/roveyayinevi.com.tr\/index.php\/wp-json\/wp\/v2\/product_tag?post=725041"}],"curies":[{"name":"wp","href":"https:\/\/api.w.org\/{rel}","templated":true}]}}