{"id":725038,"date":"2025-08-27T19:44:01","date_gmt":"2025-08-27T16:44:01","guid":{"rendered":"https:\/\/roveyayinevi.com.tr\/index.php\/urun\/guzellik-tohumu\/"},"modified":"2026-04-07T02:41:33","modified_gmt":"2026-04-06T23:41:33","slug":"guzellik-tohumu","status":"publish","type":"product","link":"https:\/\/roveyayinevi.com.tr\/index.php\/urun\/guzellik-tohumu\/","title":{"rendered":"G\u00fczellik Tohumu"},"content":{"rendered":"<p>Kader tarlas\u0131na g\u00fczellik tohumlar\u0131 ekmenin tam da vaktidir&#8230;Zira her tohumun i\u00e7inde bir orman yatar. Her meyvenin \u00e7ekirde\u011fi, yap\u0131s\u0131 itibariyle a\u011faca d\u00f6n\u00fc\u015fme potansiyeline sahiptir.Ne var ki her tohum a\u011faca d\u00f6n\u00fc\u015fm\u00fcyor, her tohumdan bir orman do\u011fmuyor. Bunun i\u00e7in tohumun toprakla, havayla, suyla, sevgiyle ve ifadeyle beslenmesi gerekir.S\u00f6zler, davran\u0131\u015flar, d\u00fc\u015f\u00fcnceler, r\u00fcyalar, hisler ve haller de insan\u0131n kendi kader tarlas\u0131na ekti\u011fi tohumlard\u0131r. Fakat her s\u00f6z, her ifade, her d\u00fc\u015f\u00fcnce, her hal, her his ve her niyet ger\u00e7ekle\u015fmez. T\u0131pk\u0131 topra\u011fa ekilen tohumlar gibi niyetlerin de havayla, suyla, \u0131\u015f\u0131kla, sevgiyle ve ifadeyle beslenmesi gerekir.S\u0131k\u00e7a s\u00f6ylenen s\u00f6zler, s\u00fcreklilik g\u00f6steren ruhsal haller, kal\u0131pla\u015fm\u0131\u015f d\u00fc\u015f\u00fcnce bi\u00e7imleri, al\u0131\u015fkanl\u0131\u011fa d\u00f6n\u00fc\u015fm\u00fc\u015f tutum ve davran\u0131\u015flar, kader tarlas\u0131na ekilen tohumlar\u0131n beslenmesi, b\u00fcy\u00fct\u00fclmesi, desteklenmesidir. Fark\u0131nda olmadan sarf etti\u011fin s\u00f6zlerle, istemsizce sergiledi\u011fin davran\u0131\u015flarla, ruh halinle ve d\u00fc\u015f\u00fcnce \u015feklinle bir durum, bir olay ve bir deneyim var edersin.\u00c7\u00fcnk\u00fc sen de d\u00fcnyaya ekilmi\u015f bir tohumsun. Do\u011fdu\u011fun co\u011frafya, ailen, \u00e7evren, ortam\u0131n topra\u011f\u0131nd\u0131r. D\u00fcnyada nas\u0131l bir iz b\u0131rakmak istiyorsan buna g\u00f6re ne alman gerekti\u011fine karar vermelisin.Hat\u0131rla ki hayat aynas\u0131nda birine el uzatt\u0131\u011f\u0131nda, o da sana uzanan bir el olur. Bu y\u00fczden almak isteyen verir, vermek isteyense al\u0131r. Bunu dengeleyebilen, ruhunu da bedenini de dengeler.Kendini bilmenin yolu fazlal\u0131klar\u0131 b\u0131rakmaktan yani sadelikten ge\u00e7er. Bilelim ki b\u0131rakana kana kana akacakt\u0131r ya\u015fam. Bo\u015fluklar sevgiyle dolacak, sevginin diliyle muhabbet ba\u015flayacakt\u0131r.Yazar ve e\u011fitmen \u00dcnal G\u00fcner\u2019in kaleme ald\u0131\u011f\u0131 G\u00dcZELL\u0130K TOHUMU almak i\u00e7in vermek gerekti\u011fi prensibi \u00fczerine in\u015fa edilmi\u015f, yal\u0131n ama g\u00fc\u00e7l\u00fc bir kader yarat\u0131m rehberi&#8230;<\/p>\n","protected":false},"excerpt":{"rendered":"<p>Kader tarlas\u0131na g\u00fczellik tohumlar\u0131 ekmenin tam da vaktidir&#8230;Zira her tohumun i\u00e7inde bir orman yatar. Her meyvenin \u00e7ekirde\u011fi, yap\u0131s\u0131 itibariyle a\u011faca d\u00f6n\u00fc\u015fme potansiyeline sahiptir.Ne var ki her<span class=\"excerpt-hellip\"> [\u2026]<\/span><\/p>\n","protected":false},"featured_media":0,"template":"","meta":{"_monsterinsights_skip_tracking":false,"_monsterinsights_sitenote_active":false,"_monsterinsights_sitenote_note":"","_monsterinsights_sitenote_category":0},"product_brand":[],"product_cat":[12364,12376],"product_tag":[],"class_list":{"0":"post-725038","1":"product","2":"type-product","3":"status-publish","5":"product_cat-genel-konular","6":"product_cat-kisisel-gelisim","7":"pa_cilt-ciltsiz","8":"pa_tur-kitap","9":"pa_yayinevi-destek-yayinlari","10":"pa_yazar-unal-guner","12":"first","13":"instock","14":"sale","15":"shipping-taxable","16":"purchasable","17":"product-type-simple"},"_links":{"self":[{"href":"https:\/\/roveyayinevi.com.tr\/index.php\/wp-json\/wp\/v2\/product\/725038","targetHints":{"allow":["GET"]}}],"collection":[{"href":"https:\/\/roveyayinevi.com.tr\/index.php\/wp-json\/wp\/v2\/product"}],"about":[{"href":"https:\/\/roveyayinevi.com.tr\/index.php\/wp-json\/wp\/v2\/types\/product"}],"wp:attachment":[{"href":"https:\/\/roveyayinevi.com.tr\/index.php\/wp-json\/wp\/v2\/media?parent=725038"}],"wp:term":[{"taxonomy":"product_brand","embeddable":true,"href":"https:\/\/roveyayinevi.com.tr\/index.php\/wp-json\/wp\/v2\/product_brand?post=725038"},{"taxonomy":"product_cat","embeddable":true,"href":"https:\/\/roveyayinevi.com.tr\/index.php\/wp-json\/wp\/v2\/product_cat?post=725038"},{"taxonomy":"product_tag","embeddable":true,"href":"https:\/\/roveyayinevi.com.tr\/index.php\/wp-json\/wp\/v2\/product_tag?post=725038"}],"curies":[{"name":"wp","href":"https:\/\/api.w.org\/{rel}","templated":true}]}}