{"id":725037,"date":"2025-08-27T19:44:01","date_gmt":"2025-08-27T16:44:01","guid":{"rendered":"https:\/\/roveyayinevi.com.tr\/index.php\/urun\/akilli-kent-akilli-turizm\/"},"modified":"2026-04-16T02:32:50","modified_gmt":"2026-04-15T23:32:50","slug":"akilli-kent-akilli-turizm","status":"publish","type":"product","link":"https:\/\/roveyayinevi.com.tr\/index.php\/urun\/akilli-kent-akilli-turizm\/","title":{"rendered":"Ak\u0131ll\u0131 Kent Ak\u0131ll\u0131 Turizm"},"content":{"rendered":"<p>1.B\u00d6L\u00dcM Tarihsel S\u00fcre\u00e7 \u0130\u00e7erisinde Sanayi Devrimi Ve End\u00fcstri 4.0 1.1.S\u00fcre\u00e7 \u0130\u00e7erisinde Sanayi Devrimi ve End\u00fcstri 4.0    2.B\u00d6L\u00dcM  Ak\u0131ll\u0131 Kentler Ve D\u00fcnyada Ak\u0131ll\u0131 Kent Uygulamalar\u01312.1.Ak\u0131ll\u0131 Uygulamalar2.2.Ak\u0131ll\u0131 Kentler ve Temel Gereksinimler2.3.Ak\u0131ll\u0131 Kent Bile\u015fenleri2.4.Ak\u0131ll\u0131 Kent Geli\u015fiminin Gereklili\u011fi2.5.Ak\u0131ll\u0131 Kentlerin Uygulama Zorluluklar\u01312.6.D\u00fcnyada Ak\u0131ll\u0131 Kentler   3.B\u00d6L\u00dcM  Ak\u0131ll\u0131 Turizm Ve Teknolojileri3.1.Ak\u0131ll\u0131 Turizm Kavram\u01313.2.Ak\u0131ll\u0131 Turizm Teknolojileri   4.B\u00d6L\u00dcM  Ak\u0131ll\u0131 Turizm Bile\u015fenleri Ve D\u00fcnyada Ak\u0131ll\u0131 Turizm Uygulamalar\u01314.1.Ak\u0131ll\u0131 Turizmin Bile\u015fenleri4.2.Konaklamaya Y\u00f6nelik Ak\u0131ll\u0131 Uygulamalar4.3.Turizmde Ula\u015f\u0131ma Y\u00f6nelik Ak\u0131ll\u0131 Uygulamalar4.4.Etkinliklere Y\u00f6nelik Ak\u0131ll\u0131 Uygulamalar4.5.D\u00fcnyada Ak\u0131ll\u0131 TurizmUygulamalar\u0131   5.B\u00d6L\u00dcM  S\u00fcrd\u00fcr\u00fclebilirlik Kapsam\u0131nda Ak\u0131ll\u0131 Turizm Destinasyonlar\u01315.1.Turizmde S\u00fcrd\u00fcr\u00fclebilirlik5.2.Turizmde Ak\u0131ll\u0131 Destinasyonlar5.3.S\u00fcrd\u00fcr\u00fclebilir Ak\u0131ll\u0131 Turizm Destinasyonlar\u0131    6.B\u00d6L\u00dcM  Ak\u0131ll\u0131 Turist Ve Toplum 5.06.1.Toplum 5.0 ve S\u00fcper Ak\u0131ll\u0131 Toplum6.2.Toplum 5.0\u2019\u0131 Olu\u015fturan Siber Fiziksel Toplumlar ve Ak\u0131ll\u0131 \u0130nsan Kavram\u01316.3.Turizmin Ak\u0131ll\u0131 D\u00f6n\u00fc\u015f\u00fcm\u00fc ve Ak\u0131ll\u0131 Turist Kavram\u0131n\u0131n Ortaya \u00c7\u0131k\u0131\u015f\u0131    7.B\u00d6L\u00dcM Ak\u0131ll\u0131 Kentlerde Turistik Talep Ve De\u011fi\u015fimler7.1.Turizmin Ekonomik A\u00e7\u0131dan \u00d6nemi 7.2.Yeni Normal D\u00f6nem7.3.Ak\u0131ll\u0131 Kent ve Ak\u0131ll\u0131 Turizm Kavramlar\u0131 7.4.Ak\u0131ll\u0131 Kentlerde Turist Talep ve De\u011fi\u015fimler<\/p>\n","protected":false},"excerpt":{"rendered":"<p>1.B\u00d6L\u00dcM Tarihsel S\u00fcre\u00e7 \u0130\u00e7erisinde Sanayi Devrimi Ve End\u00fcstri 4.0 1.1.S\u00fcre\u00e7 \u0130\u00e7erisinde Sanayi Devrimi ve End\u00fcstri 4.0 2.B\u00d6L\u00dcM Ak\u0131ll\u0131 Kentler Ve D\u00fcnyada Ak\u0131ll\u0131 Kent Uygulamalar\u01312.1.Ak\u0131ll\u0131 Uygulamalar2.2.Ak\u0131ll\u0131 Kentler<span class=\"excerpt-hellip\"> [\u2026]<\/span><\/p>\n","protected":false},"featured_media":0,"template":"","meta":{"_monsterinsights_skip_tracking":false,"_monsterinsights_sitenote_active":false,"_monsterinsights_sitenote_note":"","_monsterinsights_sitenote_category":0},"product_brand":[],"product_cat":[13054,24413],"product_tag":[],"class_list":{"0":"post-725037","1":"product","2":"type-product","3":"status-publish","5":"product_cat-gezi-ve-rehber-kitaplari","6":"product_cat-kent-rehberleri","7":"pa_cilt-ciltsiz","8":"pa_tur-kitap","9":"pa_yayinevi-gazi-kitabevi","10":"pa_yazar-kolektif","12":"first","13":"instock","14":"sale","15":"shipping-taxable","16":"purchasable","17":"product-type-simple"},"_links":{"self":[{"href":"https:\/\/roveyayinevi.com.tr\/index.php\/wp-json\/wp\/v2\/product\/725037","targetHints":{"allow":["GET"]}}],"collection":[{"href":"https:\/\/roveyayinevi.com.tr\/index.php\/wp-json\/wp\/v2\/product"}],"about":[{"href":"https:\/\/roveyayinevi.com.tr\/index.php\/wp-json\/wp\/v2\/types\/product"}],"wp:attachment":[{"href":"https:\/\/roveyayinevi.com.tr\/index.php\/wp-json\/wp\/v2\/media?parent=725037"}],"wp:term":[{"taxonomy":"product_brand","embeddable":true,"href":"https:\/\/roveyayinevi.com.tr\/index.php\/wp-json\/wp\/v2\/product_brand?post=725037"},{"taxonomy":"product_cat","embeddable":true,"href":"https:\/\/roveyayinevi.com.tr\/index.php\/wp-json\/wp\/v2\/product_cat?post=725037"},{"taxonomy":"product_tag","embeddable":true,"href":"https:\/\/roveyayinevi.com.tr\/index.php\/wp-json\/wp\/v2\/product_tag?post=725037"}],"curies":[{"name":"wp","href":"https:\/\/api.w.org\/{rel}","templated":true}]}}