{"id":725036,"date":"2025-08-27T19:44:00","date_gmt":"2025-08-27T16:44:00","guid":{"rendered":"https:\/\/roveyayinevi.com.tr\/index.php\/urun\/ne-degisir-ki\/"},"modified":"2026-04-16T02:32:50","modified_gmt":"2026-04-15T23:32:50","slug":"ne-degisir-ki","status":"publish","type":"product","link":"https:\/\/roveyayinevi.com.tr\/index.php\/urun\/ne-degisir-ki\/","title":{"rendered":"Ne De\u011fi\u015fir Ki?"},"content":{"rendered":"<p>\u0130nsanlar oy kullan\u0131p kullanmamaya, protestolara kat\u0131l\u0131p kat\u0131lmamaya nas\u0131l karar verir? Se\u00e7menleri sand\u0131ktan cayd\u0131rmaya y\u00f6nelik uygulamalar neden bazen geri teper? G\u00f6stericilere kar\u015f\u0131 sert polis m\u00fcdahalesi nas\u0131l oluyor da k\u00fc\u00e7\u00fck protestolar\u0131 ulusal hareketlere d\u00f6n\u00fc\u015ft\u00fcrebiliyor? Politikac\u0131lar ve aktivistler insanlar\u0131 harekete ge\u00e7irmek i\u00e7in duygular\u0131 nas\u0131l kullan\u0131yor? Ne De\u011fi\u015fir ki?\u2019nin yazarlar\u0131, bireylerin siyasette kolektif eylemlere kat\u0131l\u0131m\u0131 \u00fczerine yeni bir kuram ortaya koyuyor ve kuram\u0131n \u00f6ng\u00f6r\u00fclerini se\u00e7imler ve protestolara kat\u0131l\u0131m ba\u011flam\u0131nda irdeliyor.Ayta\u00e7 ve Stokes, ki\u015filer i\u00e7in siyasete kat\u0131l\u0131m\u0131n maliyetleri oldu\u011fu gibi baz\u0131 durumlarda kat\u0131lmaman\u0131n da maliyetleri olabilece\u011fi d\u00fc\u015f\u00fcncesini geli\u015ftiriyor. Kat\u0131lmaman\u0131n psikolojik olarak rahats\u0131zl\u0131k verici ve dolay\u0131s\u0131yla maliyetli olabilece\u011fi fikri, se\u00e7imlere ve protestolara kat\u0131l\u0131mla ilgili mevcut kuramlar\u0131n a\u00e7\u0131klayamad\u0131\u011f\u0131 bir\u00e7ok duruma \u0131\u015f\u0131k tutmaktad\u0131r. Ayta\u00e7 ve Stokes bu kitapla ba\u015fta T\u00fcrkiye, Brezilya, Ukrayna ve ABD olmak \u00fczere bir\u00e7ok \u00fclkeden anket verileri, m\u00fclakatlar ve deneysel y\u00f6ntemlerden yararlanarak kapsaml\u0131 bir siyasete kat\u0131l\u0131m kuram\u0131 sunuyor.S. Erdem Ayta\u00e7, Ko\u00e7 \u00dcniversitesi Uluslararas\u0131 \u0130li\u015fkiler B\u00f6l\u00fcm\u00fc\u2019nde \u00f6\u011fretim \u00fcyesi.Susan Stokes, Chicago \u00dcniversitesi Siyaset Bilimi B\u00f6l\u00fcm\u00fc\u2019nde \u00f6\u011fretim \u00fcyesi ve Chicago Center on Democracy direkt\u00f6r\u00fc<\/p>\n","protected":false},"excerpt":{"rendered":"<p>\u0130nsanlar oy kullan\u0131p kullanmamaya, protestolara kat\u0131l\u0131p kat\u0131lmamaya nas\u0131l karar verir? Se\u00e7menleri sand\u0131ktan cayd\u0131rmaya y\u00f6nelik uygulamalar neden bazen geri teper? G\u00f6stericilere kar\u015f\u0131 sert polis m\u00fcdahalesi nas\u0131l oluyor<span class=\"excerpt-hellip\"> [\u2026]<\/span><\/p>\n","protected":false},"featured_media":0,"template":"","meta":{"_monsterinsights_skip_tracking":false,"_monsterinsights_sitenote_active":false,"_monsterinsights_sitenote_note":"","_monsterinsights_sitenote_category":0},"product_brand":[],"product_cat":[12337],"product_tag":[],"class_list":{"0":"post-725036","1":"product","2":"type-product","3":"status-publish","5":"product_cat-politika-siyaset","6":"pa_cilt-ciltsiz","7":"pa_tur-kitap","8":"pa_yayinevi-koc-universitesi-yayinlari","9":"pa_yazar-s-erdem-aytac-susan-c-stokes","11":"first","12":"instock","13":"sale","14":"shipping-taxable","15":"purchasable","16":"product-type-simple"},"_links":{"self":[{"href":"https:\/\/roveyayinevi.com.tr\/index.php\/wp-json\/wp\/v2\/product\/725036","targetHints":{"allow":["GET"]}}],"collection":[{"href":"https:\/\/roveyayinevi.com.tr\/index.php\/wp-json\/wp\/v2\/product"}],"about":[{"href":"https:\/\/roveyayinevi.com.tr\/index.php\/wp-json\/wp\/v2\/types\/product"}],"wp:attachment":[{"href":"https:\/\/roveyayinevi.com.tr\/index.php\/wp-json\/wp\/v2\/media?parent=725036"}],"wp:term":[{"taxonomy":"product_brand","embeddable":true,"href":"https:\/\/roveyayinevi.com.tr\/index.php\/wp-json\/wp\/v2\/product_brand?post=725036"},{"taxonomy":"product_cat","embeddable":true,"href":"https:\/\/roveyayinevi.com.tr\/index.php\/wp-json\/wp\/v2\/product_cat?post=725036"},{"taxonomy":"product_tag","embeddable":true,"href":"https:\/\/roveyayinevi.com.tr\/index.php\/wp-json\/wp\/v2\/product_tag?post=725036"}],"curies":[{"name":"wp","href":"https:\/\/api.w.org\/{rel}","templated":true}]}}