{"id":725035,"date":"2025-08-27T19:44:00","date_gmt":"2025-08-27T16:44:00","guid":{"rendered":"https:\/\/roveyayinevi.com.tr\/index.php\/urun\/hayvan-deneyleri\/"},"modified":"2026-04-16T02:32:50","modified_gmt":"2026-04-15T23:32:50","slug":"hayvan-deneyleri","status":"publish","type":"product","link":"https:\/\/roveyayinevi.com.tr\/index.php\/urun\/hayvan-deneyleri\/","title":{"rendered":"Hayvan Deneyleri"},"content":{"rendered":"<p>\u0130nsan\u0131n hayvan \u00fczerindeki her t\u00fcrl\u00fc tahakk\u00fcm\u00fc toplum fertlerinin g\u00f6z\u00fcnde me\u015fru ve kabul edilebilir k\u0131lmak i\u00e7in bug\u00fcne kadar \u00e7e\u015fitli gerek\u00e7eler s\u0131raland\u0131. Ancak kimse bir kalbin atmak i\u00e7in ne kadar \u00e7aba sarf etti\u011finden bahsetmedi.Belki evinizi bir ku\u015f, kedi ya da k\u00f6pekle payla\u015f\u0131yorsunuz. Belki de her sabah i\u015fe gitmeden mahallenizde dola\u015farak sokakta ya\u015fayan hayvanlara mama b\u0131rak\u0131yor; hasta olanlar\u0131 iyile\u015ftirmek i\u00e7in zaman\u0131n\u0131z\u0131 ve paran\u0131z\u0131 ay\u0131r\u0131yorsunuz. Belki de, bir ad\u0131m daha ileri giderek, her t\u00fcrl\u00fc hayvansal \u00fcr\u00fcn\u00fc t\u00fcketmeyi reddediyor ve \u00e7evrenizi de bu y\u00f6nde etkilemeye \u00e7al\u0131\u015f\u0131yorsunuz. Yine de bunlar hayvanlara y\u00f6neltilen \u015fiddet ve \u00f6rg\u00fctl\u00fc sald\u0131rganl\u0131\u011f\u0131 engellemek i\u00e7in yeterli de\u011fil\u2026 Hayvan s\u00f6m\u00fcr\u00fcs\u00fc hayat\u0131m\u0131z\u0131n her alan\u0131nda bizleri sarm\u0131\u015f durumda. Ve hayvan deneyleri meselesi belki de bunlar\u0131n en ba\u015f\u0131nda geliyor. \u0130yile\u015fmek i\u00e7in ald\u0131\u011f\u0131m\u0131z bir ila\u00e7 ba\u015fka bir canl\u0131n\u0131n \u00f6lmesine neden olabiliyor. Di\u011fer insanlara daha g\u00fczel g\u00f6z\u00fckmek i\u00e7in kulland\u0131\u011f\u0131m\u0131z krem bir can\u0131n \u00e7ekti\u011fi \u0131st\u0131rab\u0131n izlerini ta\u015f\u0131yor. Bindi\u011fimiz ara\u00e7lar\u0131n yak\u0131t\u0131, ofisimizdeki kalemin m\u00fcrekkebi, elimizden d\u00fc\u015fmeyen cep telefonumuz k\u0131sacas\u0131 ya\u015fam\u0131m\u0131z hayvanlara yap\u0131lan zul\u00fcmle ku\u015fat\u0131lm\u0131\u015f durumda. Bu durumdan ancak konuyu derinlemesine irdeleyerek kurtulabiliriz. Ger\u00e7ekten d\u00fcnyay\u0131 de\u011fi\u015ftirmeyi ve b\u00fct\u00fcn t\u00fcrlerin s\u00f6m\u00fcr\u00fcs\u00fcz bir \u015fekilde birlikte ya\u015famas\u0131n\u0131 istiyorsak kendimizi kand\u0131rmaktan art\u0131k vazge\u00e7meliyiz. Bu \u015fiddetin, adaletsizli\u011fin, ya\u015fam hakk\u0131 ihlalinin son bulmas\u0131 belki de y\u00fczy\u0131llar s\u00fcrecek. T\u00fcrc\u00fcl\u00fck duvar\u0131 y\u0131k\u0131l\u0131rken, bir tu\u011flas\u0131n\u0131 da biz \u00e7ekip kopartabilirsek, ne mutlu bize. <\/p>\n","protected":false},"excerpt":{"rendered":"<p>\u0130nsan\u0131n hayvan \u00fczerindeki her t\u00fcrl\u00fc tahakk\u00fcm\u00fc toplum fertlerinin g\u00f6z\u00fcnde me\u015fru ve kabul edilebilir k\u0131lmak i\u00e7in bug\u00fcne kadar \u00e7e\u015fitli gerek\u00e7eler s\u0131raland\u0131. Ancak kimse bir kalbin atmak i\u00e7in<span class=\"excerpt-hellip\"> [\u2026]<\/span><\/p>\n","protected":false},"featured_media":0,"template":"","meta":{"_monsterinsights_skip_tracking":false,"_monsterinsights_sitenote_active":false,"_monsterinsights_sitenote_note":"","_monsterinsights_sitenote_category":0},"product_brand":[],"product_cat":[13488],"product_tag":[],"class_list":{"0":"post-725035","1":"product","2":"type-product","3":"status-publish","5":"product_cat-toplum-ve-insan","6":"pa_cilt-ciltsiz","7":"pa_tur-kitap","8":"pa_yayinevi-yeni-insan-yayinlari","9":"pa_yazar-yagmur-ozgur-guven-oguzcan-kinikoglu","11":"first","12":"instock","13":"sale","14":"shipping-taxable","15":"purchasable","16":"product-type-simple"},"_links":{"self":[{"href":"https:\/\/roveyayinevi.com.tr\/index.php\/wp-json\/wp\/v2\/product\/725035","targetHints":{"allow":["GET"]}}],"collection":[{"href":"https:\/\/roveyayinevi.com.tr\/index.php\/wp-json\/wp\/v2\/product"}],"about":[{"href":"https:\/\/roveyayinevi.com.tr\/index.php\/wp-json\/wp\/v2\/types\/product"}],"wp:attachment":[{"href":"https:\/\/roveyayinevi.com.tr\/index.php\/wp-json\/wp\/v2\/media?parent=725035"}],"wp:term":[{"taxonomy":"product_brand","embeddable":true,"href":"https:\/\/roveyayinevi.com.tr\/index.php\/wp-json\/wp\/v2\/product_brand?post=725035"},{"taxonomy":"product_cat","embeddable":true,"href":"https:\/\/roveyayinevi.com.tr\/index.php\/wp-json\/wp\/v2\/product_cat?post=725035"},{"taxonomy":"product_tag","embeddable":true,"href":"https:\/\/roveyayinevi.com.tr\/index.php\/wp-json\/wp\/v2\/product_tag?post=725035"}],"curies":[{"name":"wp","href":"https:\/\/api.w.org\/{rel}","templated":true}]}}