{"id":725032,"date":"2025-08-27T19:43:57","date_gmt":"2025-08-27T16:43:57","guid":{"rendered":"https:\/\/roveyayinevi.com.tr\/index.php\/urun\/dunyayi-seyretmek-icin-bir-yer\/"},"modified":"2026-04-13T02:40:33","modified_gmt":"2026-04-12T23:40:33","slug":"dunyayi-seyretmek-icin-bir-yer","status":"publish","type":"product","link":"https:\/\/roveyayinevi.com.tr\/index.php\/urun\/dunyayi-seyretmek-icin-bir-yer\/","title":{"rendered":"D\u00fcnyay\u0131 Seyretmek \u0130\u00e7in Bir Yer"},"content":{"rendered":"<p>Masaya do\u011fru e\u011fildiler, biri parma\u011f\u0131yla \u00f6n\u00fcmdeki k\u00fc\u00e7\u00fck haritada fenerin oldu\u011fu noktaya bast\u0131rd\u0131 ve \u015f\u00f6yle dedi: \u201cYaln\u0131z k\u00fc\u00e7\u00fck bir sorun var, kalaca\u011f\u0131n\u0131z zaman boyunca hava \u015fartlar\u0131 nedeniyle hatlarda giderilmesi uzun s\u00fcrebilen ar\u0131zalar oluyor. Yani elektrikten ve dolay\u0131s\u0131yla size varl\u0131klar\u0131ndan bahsetti\u011fimiz ekipman\u0131 kullanma \u015fans\u0131ndan mahrum kalabilirsiniz. Her ne kadar yedekleriniz olsa da bir s\u00fcre d\u00fcnyayla ba\u011flant\u0131n\u0131z kopabilir.\u201d Biraz heyecanlanm\u0131\u015flar gibi geldi. \u0130yice bana do\u011fru e\u011fildiler. Sanki a\u011fz\u0131mdan \u00e7\u0131kacak kelimeler kararlar\u0131n\u0131 belirleyecekti.\u201cO zaman,\u201d dedim, \u201cfener nas\u0131l yanacak?\u201dD\u00fcnyay\u0131 Seyretmek \u0130\u00e7in Bir Yer, herhangi bir kal\u0131ba s\u0131\u011fmayan bir metin. Ertu\u011f U\u00e7ar hem mimari bilgisi ve bir gezgin merak\u0131yla hem de bir yazar olarak ele al\u0131p ara\u015ft\u0131rd\u0131\u011f\u0131 deniz fenerlerini anlat\u0131rken ayr\u0131nt\u0131l\u0131 dipnotlar kadar kurmacadan da faydalan\u0131yor. Belgesel, gezi, an\u0131, \u00f6yk\u00fc gibi \u00e7e\u015fitli yaz\u0131n t\u00fcrlerini harmanlayan bu s\u0131ra d\u0131\u015f\u0131 metne O\u011fuz B\u00fcktel de foto\u011fraflar\u0131yla e\u015flik ediyor.<\/p>\n","protected":false},"excerpt":{"rendered":"<p>Masaya do\u011fru e\u011fildiler, biri parma\u011f\u0131yla \u00f6n\u00fcmdeki k\u00fc\u00e7\u00fck haritada fenerin oldu\u011fu noktaya bast\u0131rd\u0131 ve \u015f\u00f6yle dedi: \u201cYaln\u0131z k\u00fc\u00e7\u00fck bir sorun var, kalaca\u011f\u0131n\u0131z zaman boyunca hava \u015fartlar\u0131 nedeniyle<span class=\"excerpt-hellip\"> [\u2026]<\/span><\/p>\n","protected":false},"featured_media":0,"template":"","meta":{"_monsterinsights_skip_tracking":false,"_monsterinsights_sitenote_active":false,"_monsterinsights_sitenote_note":"","_monsterinsights_sitenote_category":0},"product_brand":[],"product_cat":[12291,12711],"product_tag":[],"class_list":{"0":"post-725032","1":"product","2":"type-product","3":"status-publish","5":"product_cat-edebiyat","6":"product_cat-roman-oyku","7":"pa_cilt-ciltsiz","8":"pa_tur-kitap","9":"pa_yayinevi-can-yayinlari","10":"pa_yazar-ertug-ucar","12":"first","13":"instock","14":"sale","15":"shipping-taxable","16":"purchasable","17":"product-type-simple"},"_links":{"self":[{"href":"https:\/\/roveyayinevi.com.tr\/index.php\/wp-json\/wp\/v2\/product\/725032","targetHints":{"allow":["GET"]}}],"collection":[{"href":"https:\/\/roveyayinevi.com.tr\/index.php\/wp-json\/wp\/v2\/product"}],"about":[{"href":"https:\/\/roveyayinevi.com.tr\/index.php\/wp-json\/wp\/v2\/types\/product"}],"wp:attachment":[{"href":"https:\/\/roveyayinevi.com.tr\/index.php\/wp-json\/wp\/v2\/media?parent=725032"}],"wp:term":[{"taxonomy":"product_brand","embeddable":true,"href":"https:\/\/roveyayinevi.com.tr\/index.php\/wp-json\/wp\/v2\/product_brand?post=725032"},{"taxonomy":"product_cat","embeddable":true,"href":"https:\/\/roveyayinevi.com.tr\/index.php\/wp-json\/wp\/v2\/product_cat?post=725032"},{"taxonomy":"product_tag","embeddable":true,"href":"https:\/\/roveyayinevi.com.tr\/index.php\/wp-json\/wp\/v2\/product_tag?post=725032"}],"curies":[{"name":"wp","href":"https:\/\/api.w.org\/{rel}","templated":true}]}}