{"id":725030,"date":"2025-08-27T19:43:55","date_gmt":"2025-08-27T16:43:55","guid":{"rendered":"https:\/\/roveyayinevi.com.tr\/index.php\/urun\/oyun-degistiren-guc-yapay-zeka\/"},"modified":"2026-03-11T02:54:40","modified_gmt":"2026-03-10T23:54:40","slug":"oyun-degistiren-guc-yapay-zeka","status":"publish","type":"product","link":"https:\/\/roveyayinevi.com.tr\/index.php\/urun\/oyun-degistiren-guc-yapay-zeka\/","title":{"rendered":"Oyun De\u011fi\u015ftiren G\u00fc\u00e7 : Yapay Zeka"},"content":{"rendered":"<p>Yapay Zek\u00e2da Evrimsel Algoritmalar: Lojistik Sekt\u00f6r\u00fcnde Bir Genetik Algoritma Uygulamasi *Yapay Zek\u00e2 \u0130le Optimizasyon *Yapay Zek\u00e2 Kullanarak \u0130yile\u015ftirilmi\u015f Ve Ki\u015fiselle\u015ftirilmi\u015f M\u00fc\u015fteri Deneyimi Olu\u015fturmak *Yapay Zek\u00e2 Aracili\u011fiyla Marka Kimli\u011fi \u0130n\u015fasi: Sanal Asistanlar \u00d6rne\u011fi *Bilgi Toplumunda Yapay Zek\u00e2nin Yeri:Akilli Sohbet Ara\u00e7lari *Yapay Zek\u00e2 Teknolojisinin Kullanildi\u011fi Reklamlarin \u201cBirlikte De\u011fer Yaratma\u201d Kavrami A\u00e7isindan De\u011ferlendirilmesi *Satin Almada Yapay Zek\u00e2 Uygulamalari *Sermaye Piyasalarinin Yeni Termo-Dinami\u011fi: Yapay Zek\u00e2 *Yapay Zek\u00e2 Ve Hukuk 4.0: Yapay Zek\u00e2n\u0131n Hukuk Uygulamalar\u0131na Etkisi *Yapay Zek\u00e2n\u0131n Ger\u00e7ekle\u015ftirdi\u011fi Fikri \u00dcr\u00fcnlerde Hak Sahipli\u011fi Ve Haklar\u0131n Korunmas\u0131 Sorunu *\u0130nsan Kaynaklar\u0131 Y\u00f6netiminin Yapay Zek\u00e2 Teknolojileri \u0130le D\u00f6n\u00fc\u015f\u00fcm\u00fc *M\u00fc\u015fteri Deneyiminde Yapay Zek\u00e2 Teknolojilerinin Kullan\u0131m\u0131 *T\u00fcrkiye \u0130thalat\u0131n\u0131n Tahmininde Yapay Zek\u00e2 Uygulamalar\u0131: Yapay Sinir A\u011flar\u0131 \u00d6rne\u011fi *Otomotiv Sekt\u00f6r\u00fcnde Yapay Zek\u00e2 D\u00f6n\u00fc\u015f\u00fcm\u00fc *End\u00fcstri 4.0\u2019\u0131n \u0130ntralojistik Sistemler \u00dczerine Getirece\u011fi Etkiler *E\u011fitim Kurumlar\u0131nda Y\u00f6netim Bili\u015fim Sistemleri Ve Yapay Zek\u00e2 Kullan\u0131m\u0131 *Sa\u011fl\u0131k E\u011fitiminde Sanal Ger\u00e7eklik &#8211; Radyolojide Sanal Ger\u00e7ekli\u011fin Kullan\u0131m\u0131 Ve Uygulamalar\u0131 *Sa\u011fl\u0131k Hizmetlerinde Yapay Zek\u00e2 Uygulamalar\u0131 *Perakende \u0130\u015fletmelerinde Yapay Zek\u00e2 Uygulamalar\u0131<\/p>\n","protected":false},"excerpt":{"rendered":"<p>Yapay Zek\u00e2da Evrimsel Algoritmalar: Lojistik Sekt\u00f6r\u00fcnde Bir Genetik Algoritma Uygulamasi *Yapay Zek\u00e2 \u0130le Optimizasyon *Yapay Zek\u00e2 Kullanarak \u0130yile\u015ftirilmi\u015f Ve Ki\u015fiselle\u015ftirilmi\u015f M\u00fc\u015fteri Deneyimi Olu\u015fturmak *Yapay Zek\u00e2 Aracili\u011fiyla<span class=\"excerpt-hellip\"> [\u2026]<\/span><\/p>\n","protected":false},"featured_media":0,"template":"","meta":{"_monsterinsights_skip_tracking":false,"_monsterinsights_sitenote_active":false,"_monsterinsights_sitenote_note":"","_monsterinsights_sitenote_category":0},"product_brand":[],"product_cat":[13043,14381],"product_tag":[],"class_list":{"0":"post-725030","1":"product","2":"type-product","3":"status-publish","5":"product_cat-ekonomi","6":"product_cat-isletme-muhasebe-maliye","7":"pa_cilt-ciltsiz","8":"pa_tur-kitap","9":"pa_yayinevi-beta-kitap","10":"pa_yazar-mustafa-k-yilmaz-n-oyku-iyigun","12":"first","13":"instock","14":"sale","15":"shipping-taxable","16":"purchasable","17":"product-type-simple"},"_links":{"self":[{"href":"https:\/\/roveyayinevi.com.tr\/index.php\/wp-json\/wp\/v2\/product\/725030","targetHints":{"allow":["GET"]}}],"collection":[{"href":"https:\/\/roveyayinevi.com.tr\/index.php\/wp-json\/wp\/v2\/product"}],"about":[{"href":"https:\/\/roveyayinevi.com.tr\/index.php\/wp-json\/wp\/v2\/types\/product"}],"wp:attachment":[{"href":"https:\/\/roveyayinevi.com.tr\/index.php\/wp-json\/wp\/v2\/media?parent=725030"}],"wp:term":[{"taxonomy":"product_brand","embeddable":true,"href":"https:\/\/roveyayinevi.com.tr\/index.php\/wp-json\/wp\/v2\/product_brand?post=725030"},{"taxonomy":"product_cat","embeddable":true,"href":"https:\/\/roveyayinevi.com.tr\/index.php\/wp-json\/wp\/v2\/product_cat?post=725030"},{"taxonomy":"product_tag","embeddable":true,"href":"https:\/\/roveyayinevi.com.tr\/index.php\/wp-json\/wp\/v2\/product_tag?post=725030"}],"curies":[{"name":"wp","href":"https:\/\/api.w.org\/{rel}","templated":true}]}}