{"id":725026,"date":"2025-08-27T19:43:11","date_gmt":"2025-08-27T16:43:11","guid":{"rendered":"https:\/\/roveyayinevi.com.tr\/index.php\/urun\/ayriligin-haritasi\/"},"modified":"2026-04-16T02:32:50","modified_gmt":"2026-04-15T23:32:50","slug":"ayriligin-haritasi","status":"publish","type":"product","link":"https:\/\/roveyayinevi.com.tr\/index.php\/urun\/ayriligin-haritasi\/","title":{"rendered":"Ayr\u0131l\u0131\u011f\u0131n Haritas\u0131"},"content":{"rendered":"<p>Hayattaki say\u0131s\u0131z tesad\u00fcften biri. \u00d6nemsiz denebilir. Bir kad\u0131n ve bir erkek. \u0130kisi de yaln\u0131z, yaz\u0131 bekleyen bir k\u0131y\u0131 kasabas\u0131n\u0131n bo\u015f pansiyonunda kar\u015f\u0131la\u015f\u0131yorlar. Adam yak\u0131ndaki adalar\u0131 gezmi\u015f, yazmay\u0131 planlad\u0131\u011f\u0131 ada kitab\u0131na \u00e7al\u0131\u015f\u0131yor. Pansiyonun bah\u00e7esinden ufukta dizili adalar g\u00f6r\u00fcn\u00fcyor. Alt balkondaki k\u0131z kahvalt\u0131da ismini s\u00f6yl\u00fcyor: Ada.Ada ve Uraz, yaz tatili i\u00e7in Yunan adalar\u0131ndan Nisyros\u2019a do\u011fru yola koyulurlar. Uraz, tutkuyla ba\u011fl\u0131 oldu\u011fu adalar hakk\u0131nda yazd\u0131\u011f\u0131 kitap i\u00e7in ara\u015ft\u0131rmas\u0131n\u0131 tamamlayacak, Ada ise ilk defa bu b\u00f6lgeleri g\u00f6recek ve belki bu sayede Uraz\u2019\u0131 yak\u0131ndan tan\u0131ma f\u0131rsat\u0131 bulacakt\u0131r. Tan\u0131\u015fmalar\u0131n\u0131n y\u0131ld\u00f6n\u00fcm\u00fcne denk gelmesi ise, yolculu\u011fa \u00f6zel bir anlam katacakt\u0131r. Gelgelelim hi\u00e7bir \u015fey planland\u0131\u011f\u0131 gibi ilerlemez ve ortaya \u00e7\u0131kan sorunlara g\u00f6zlerini kapayamayan Ada, \u00e7ok ge\u00e7meden bir se\u00e7im yapmak zorunda oldu\u011funu ve bu se\u00e7imin sadece yaz tatiline de\u011fil t\u00fcm hayat\u0131na etki edece\u011fini anlar.Ayr\u0131l\u0131\u011f\u0131n Haritas\u0131 bir yolculu\u011fun roman\u0131. Ertu\u011f U\u00e7ar, gen\u00e7 bir kad\u0131n\u0131n kendisiyle hesapla\u015fmas\u0131 \u00fczerinden g\u00fcn\u00fcm\u00fcz ili\u015fkilerine \u0131\u015f\u0131k tutuyor. Kad\u0131n ile erkek aras\u0131ndaki de\u011fi\u015fmez san\u0131lan dinamikleri irdeleyerek, g\u00f6z ard\u0131 etti\u011fimiz y\u00f6nlerimizle, kendimizden gizledi\u011fimiz ger\u00e7eklerle y\u00fczle\u015fmenin, tehlike bar\u0131nd\u0131rd\u0131\u011f\u0131 \u00f6l\u00e7\u00fcde, hayati \u00f6nemde bir ke\u015fif oldu\u011funu g\u00f6steriyor<\/p>\n","protected":false},"excerpt":{"rendered":"<p>Hayattaki say\u0131s\u0131z tesad\u00fcften biri. \u00d6nemsiz denebilir. Bir kad\u0131n ve bir erkek. \u0130kisi de yaln\u0131z, yaz\u0131 bekleyen bir k\u0131y\u0131 kasabas\u0131n\u0131n bo\u015f pansiyonunda kar\u015f\u0131la\u015f\u0131yorlar. Adam yak\u0131ndaki adalar\u0131 gezmi\u015f,<span class=\"excerpt-hellip\"> [\u2026]<\/span><\/p>\n","protected":false},"featured_media":0,"template":"","meta":{"_monsterinsights_skip_tracking":false,"_monsterinsights_sitenote_active":false,"_monsterinsights_sitenote_note":"","_monsterinsights_sitenote_category":0},"product_brand":[],"product_cat":[12291,12711],"product_tag":[],"class_list":{"0":"post-725026","1":"product","2":"type-product","3":"status-publish","5":"product_cat-edebiyat","6":"product_cat-roman-oyku","7":"pa_cilt-ciltsiz","8":"pa_tur-kitap","9":"pa_yayinevi-can-yayinlari","10":"pa_yazar-ertug-ucar","12":"first","13":"instock","14":"sale","15":"shipping-taxable","16":"purchasable","17":"product-type-simple"},"_links":{"self":[{"href":"https:\/\/roveyayinevi.com.tr\/index.php\/wp-json\/wp\/v2\/product\/725026","targetHints":{"allow":["GET"]}}],"collection":[{"href":"https:\/\/roveyayinevi.com.tr\/index.php\/wp-json\/wp\/v2\/product"}],"about":[{"href":"https:\/\/roveyayinevi.com.tr\/index.php\/wp-json\/wp\/v2\/types\/product"}],"wp:attachment":[{"href":"https:\/\/roveyayinevi.com.tr\/index.php\/wp-json\/wp\/v2\/media?parent=725026"}],"wp:term":[{"taxonomy":"product_brand","embeddable":true,"href":"https:\/\/roveyayinevi.com.tr\/index.php\/wp-json\/wp\/v2\/product_brand?post=725026"},{"taxonomy":"product_cat","embeddable":true,"href":"https:\/\/roveyayinevi.com.tr\/index.php\/wp-json\/wp\/v2\/product_cat?post=725026"},{"taxonomy":"product_tag","embeddable":true,"href":"https:\/\/roveyayinevi.com.tr\/index.php\/wp-json\/wp\/v2\/product_tag?post=725026"}],"curies":[{"name":"wp","href":"https:\/\/api.w.org\/{rel}","templated":true}]}}