{"id":725025,"date":"2025-08-27T19:43:11","date_gmt":"2025-08-27T16:43:11","guid":{"rendered":"https:\/\/roveyayinevi.com.tr\/index.php\/urun\/dun-ve-ferda\/"},"modified":"2026-04-12T02:39:20","modified_gmt":"2026-04-11T23:39:20","slug":"dun-ve-ferda","status":"publish","type":"product","link":"https:\/\/roveyayinevi.com.tr\/index.php\/urun\/dun-ve-ferda\/","title":{"rendered":"D\u00fcn ve Ferda"},"content":{"rendered":"<p>Niye h\u00fcz\u00fcnlenirdi? O\u011flu i\u00e7in mi? Selim Beyaz\u0131t\u2019\u0131n hayali d\u00fc\u015f\u00fcyor hat\u0131ralar\u0131n \u00fcst\u00fcne&#8230; H\u00fcz\u00fcn, K\u00e2z\u0131m Hoca\u2019ya yabanc\u0131yd\u0131. Yoksa de\u011fil miydi? Kapal\u0131 pencereler&#8230; Ferda\u2019n\u0131n y\u00fcz\u00fcne kapanm\u0131\u015f&#8230; Bina onu d\u0131\u015fl\u0131yor&#8230; Bir zamanlar d\u0131\u015flad\u0131\u011f\u0131 mazi, \u015fimdi Ferda\u2019y\u0131 d\u0131\u015fl\u0131yor&#8230;Erendiz Atas\u00fc\u2019n\u00fcn roman\u0131 D\u00fcn ve Ferda, 60\u2019l\u0131 y\u0131llardan bug\u00fcnlere uzanan bir d\u00f6nemi mercek alt\u0131na al\u0131yor. Ba\u015fkarakter Ferda\u2019y\u0131 roman\u0131n ba\u015flar\u0131nda mezuniyetinin verdi\u011fi \u00f6zg\u00fcrl\u00fck sevinciyle havalara u\u00e7arken g\u00f6r\u00fcyoruz. Atas\u00fc, onu yaln\u0131zca usta bir romanc\u0131 kimli\u011fiyle de\u011fil, bir toplumbilimci, bir psikolog g\u00f6z\u00fcyle de inceliyor. A\u015fklar\u0131, cinselli\u011fi, \u00fcniversiteye ba\u015flar ba\u015flamaz kar\u015f\u0131la\u015ft\u0131\u011f\u0131 politik ortam kar\u015f\u0131s\u0131ndaki tutumu, sol d\u00fc\u015f\u00fcnceye bak\u0131\u015f\u0131, tart\u0131\u015fmalar\u0131, g\u00f6rd\u00fc\u011f\u00fc bask\u0131 ve i\u015fkenceyi etrafl\u0131ca, ya\u015fam\u0131 boyunca \u00e7evresinde yer alm\u0131\u015f ba\u015fka karakterlerle birlikte anlat\u0131yor.D\u00fcn ve Ferda, sol hareketin 90\u2019lara kadar ya\u015fad\u0131\u011f\u0131 deneyimi ve sonu\u00e7lar\u0131n\u0131 tart\u0131\u015fmas\u0131 bak\u0131m\u0131ndan da \u00fczerinde \u00e7ok\u00e7a konu\u015fulacak bir roman.#devrim #solhareket #darbe #altm\u0131\u015flar #bask\u0131 #i\u015fkence #hesapla\u015fma<\/p>\n","protected":false},"excerpt":{"rendered":"<p>Niye h\u00fcz\u00fcnlenirdi? O\u011flu i\u00e7in mi? Selim Beyaz\u0131t\u2019\u0131n hayali d\u00fc\u015f\u00fcyor hat\u0131ralar\u0131n \u00fcst\u00fcne&#8230; H\u00fcz\u00fcn, K\u00e2z\u0131m Hoca\u2019ya yabanc\u0131yd\u0131. Yoksa de\u011fil miydi? Kapal\u0131 pencereler&#8230; Ferda\u2019n\u0131n y\u00fcz\u00fcne kapanm\u0131\u015f&#8230; Bina onu d\u0131\u015fl\u0131yor&#8230;<span class=\"excerpt-hellip\"> [\u2026]<\/span><\/p>\n","protected":false},"featured_media":0,"template":"","meta":{"_monsterinsights_skip_tracking":false,"_monsterinsights_sitenote_active":false,"_monsterinsights_sitenote_note":"","_monsterinsights_sitenote_category":0},"product_brand":[],"product_cat":[12291,12711],"product_tag":[],"class_list":{"0":"post-725025","1":"product","2":"type-product","3":"status-publish","5":"product_cat-edebiyat","6":"product_cat-roman-oyku","7":"pa_cilt-ciltsiz","8":"pa_tur-kitap","9":"pa_yayinevi-can-yayinlari","10":"pa_yazar-erendiz-atasu","12":"first","13":"instock","14":"sale","15":"shipping-taxable","16":"purchasable","17":"product-type-simple"},"_links":{"self":[{"href":"https:\/\/roveyayinevi.com.tr\/index.php\/wp-json\/wp\/v2\/product\/725025","targetHints":{"allow":["GET"]}}],"collection":[{"href":"https:\/\/roveyayinevi.com.tr\/index.php\/wp-json\/wp\/v2\/product"}],"about":[{"href":"https:\/\/roveyayinevi.com.tr\/index.php\/wp-json\/wp\/v2\/types\/product"}],"wp:attachment":[{"href":"https:\/\/roveyayinevi.com.tr\/index.php\/wp-json\/wp\/v2\/media?parent=725025"}],"wp:term":[{"taxonomy":"product_brand","embeddable":true,"href":"https:\/\/roveyayinevi.com.tr\/index.php\/wp-json\/wp\/v2\/product_brand?post=725025"},{"taxonomy":"product_cat","embeddable":true,"href":"https:\/\/roveyayinevi.com.tr\/index.php\/wp-json\/wp\/v2\/product_cat?post=725025"},{"taxonomy":"product_tag","embeddable":true,"href":"https:\/\/roveyayinevi.com.tr\/index.php\/wp-json\/wp\/v2\/product_tag?post=725025"}],"curies":[{"name":"wp","href":"https:\/\/api.w.org\/{rel}","templated":true}]}}