{"id":725022,"date":"2025-08-27T19:43:08","date_gmt":"2025-08-27T16:43:08","guid":{"rendered":"https:\/\/roveyayinevi.com.tr\/index.php\/urun\/miryali-sarp-sakine-gore-dunya\/"},"modified":"2026-04-16T02:32:49","modified_gmt":"2026-04-15T23:32:49","slug":"miryali-sarp-sakine-gore-dunya","status":"publish","type":"product","link":"https:\/\/roveyayinevi.com.tr\/index.php\/urun\/miryali-sarp-sakine-gore-dunya\/","title":{"rendered":"Miryal\u0131 Sarp Sakin&#8217;e G\u00f6re D\u00fcnya"},"content":{"rendered":"<p>D\u00fcnyal\u0131lar\u0131n h\u0131z tutkusunu, kurallar\u0131n\u0131, al\u0131\u015fkanl\u0131klar\u0131n\u0131 anlamak, Miryal\u0131 Ters Be\u015fler i\u00e7in pek kolay de\u011fil!Sarp Sakin,  evde, okulda, sokakta D\u00fcnyal\u0131lara kar\u015f\u0131 kahramanca direnen Miryal\u0131lar\u0131n ya\u015fad\u0131klar\u0131n\u0131 Ay\u015fe G\u00fcren&#8217;in kula\u011f\u0131na f\u0131s\u0131ldad\u0131. O da oturup yazd\u0131&#8230; Serinin daha \u00f6nce bas\u0131lan ilk iki kitab\u0131 G\u00f6kten Ya\u011fan \u0130kizler A\u015fk\u0131na ve Dinozor Ku\u015flar\u0131&#8217;n\u0131, yeni yazd\u0131\u011f\u0131 \u00fc\u00e7\u00fcnc\u00fc kitap \u0130nsan Kurt\u00e7uklar\u0131\u2019yla birlikte, Miryal\u0131 Sarp Sakin&#8217;e G\u00f6re D\u00fcnya adl\u0131 tek kitapta toplad\u0131.Yava\u015f ve sakin gezegen Mirya&#8217;dan geldiklerini d\u00fc\u015f\u00fcnen ama D\u00fcnya&#8217;da do\u011fup b\u00fcy\u00fcyen be\u015f arkada\u015f\u0131n \u015fa\u015f\u0131rt\u0131c\u0131, d\u00fc\u015f\u00fcnd\u00fcr\u00fcc\u00fc, komik ve zorlu maceralar\u0131 sizi <\/p>\n","protected":false},"excerpt":{"rendered":"<p>D\u00fcnyal\u0131lar\u0131n h\u0131z tutkusunu, kurallar\u0131n\u0131, al\u0131\u015fkanl\u0131klar\u0131n\u0131 anlamak, Miryal\u0131 Ters Be\u015fler i\u00e7in pek kolay de\u011fil!Sarp Sakin, evde, okulda, sokakta D\u00fcnyal\u0131lara kar\u015f\u0131 kahramanca direnen Miryal\u0131lar\u0131n ya\u015fad\u0131klar\u0131n\u0131 Ay\u015fe G\u00fcren&#8217;in kula\u011f\u0131na<span class=\"excerpt-hellip\"> [\u2026]<\/span><\/p>\n","protected":false},"featured_media":0,"template":"","meta":{"_monsterinsights_skip_tracking":false,"_monsterinsights_sitenote_active":false,"_monsterinsights_sitenote_note":"","_monsterinsights_sitenote_category":0},"product_brand":[],"product_cat":[12291,12711],"product_tag":[],"class_list":{"0":"post-725022","1":"product","2":"type-product","3":"status-publish","5":"product_cat-edebiyat","6":"product_cat-roman-oyku","7":"pa_cilt-ciltsiz","8":"pa_tur-kitap","9":"pa_yayinevi-can-cocuk-yayinlari","10":"pa_yazar-ayse-guren","12":"first","13":"instock","14":"sale","15":"shipping-taxable","16":"purchasable","17":"product-type-simple"},"_links":{"self":[{"href":"https:\/\/roveyayinevi.com.tr\/index.php\/wp-json\/wp\/v2\/product\/725022","targetHints":{"allow":["GET"]}}],"collection":[{"href":"https:\/\/roveyayinevi.com.tr\/index.php\/wp-json\/wp\/v2\/product"}],"about":[{"href":"https:\/\/roveyayinevi.com.tr\/index.php\/wp-json\/wp\/v2\/types\/product"}],"wp:attachment":[{"href":"https:\/\/roveyayinevi.com.tr\/index.php\/wp-json\/wp\/v2\/media?parent=725022"}],"wp:term":[{"taxonomy":"product_brand","embeddable":true,"href":"https:\/\/roveyayinevi.com.tr\/index.php\/wp-json\/wp\/v2\/product_brand?post=725022"},{"taxonomy":"product_cat","embeddable":true,"href":"https:\/\/roveyayinevi.com.tr\/index.php\/wp-json\/wp\/v2\/product_cat?post=725022"},{"taxonomy":"product_tag","embeddable":true,"href":"https:\/\/roveyayinevi.com.tr\/index.php\/wp-json\/wp\/v2\/product_tag?post=725022"}],"curies":[{"name":"wp","href":"https:\/\/api.w.org\/{rel}","templated":true}]}}