{"id":725019,"date":"2025-08-27T19:43:05","date_gmt":"2025-08-27T16:43:05","guid":{"rendered":"https:\/\/roveyayinevi.com.tr\/index.php\/urun\/cok-ofkeliyim\/"},"modified":"2026-04-16T02:32:49","modified_gmt":"2026-04-15T23:32:49","slug":"cok-ofkeliyim","status":"publish","type":"product","link":"https:\/\/roveyayinevi.com.tr\/index.php\/urun\/cok-ofkeliyim\/","title":{"rendered":"\u00c7ok \u00d6fkeliyim"},"content":{"rendered":"<p>Ergenlerde ve Gen\u00e7lerde Partner \u015eiddeti Son y\u0131llarda \u00fclke g\u00fcndemini me\u015fgul eden, kad\u0131na kar\u015f\u0131 \u015fiddet g\u00f6r\u00fcnt\u00fcleri ve eylemleri hepimizi yaral\u0131yor. Sanki o b\u0131\u00e7aklar hepimize saplan\u0131yor, o tabancalar bize ate\u015fleniyor, bizim bedenlerimiz o gencecik kurbanlarla birlikte kan\u0131yor, sanki hep birlikte ba\u011f\u0131r\u0131yoruz \u201c\u00d6lmek istemiyorum!\u201d diye\u2026Peki neden? Bu hikayeler nerede ba\u015fl\u0131yor? Bu insanlar hangi ortamlarda yeti\u015fiyor? Nelere maruz kal\u0131yorlar da sonu\u00e7 onlar\u0131 \u015fiddete ba\u015fvuran bireylere \u00e7eviriyor? \u0130nsan bir anda m\u0131 \u015fiddete ba\u015fvurur, kontrol\u00fcn\u00fc yitirir? Partner \u015fiddetini kim uygular, ona kim maruz kal\u0131r? Partner \u015fiddeti uygulanan ki\u015fi ayn\u0131 zamanda uygulayana da d\u00f6n\u00fc\u015febilir mi? Partner \u015fiddeti kad\u0131n veya erkek olmak a\u00e7\u0131s\u0131ndan fark eder mi?Hangi ya\u015f grubu ile i\u015fe ba\u015flamal\u0131y\u0131z, partner \u015fiddeti en erken nerede ba\u015fl\u0131yor olabilir? Cevab\u0131n ergenlik oldu\u011funu s\u00f6ylesek \u015fa\u015f\u0131r\u0131r m\u0131yd\u0131n\u0131z?(16 ya\u015f, erkek): Biriyle yaz\u0131\u015ft\u0131\u011f\u0131n\u0131 g\u00f6rd\u00fcm. Ondan sonra a\u015f\u0131r\u0131 sevgi, sevgi, \u00e7ok k\u0131skan\u00e7l\u0131k. Sadece benim diye sahiplenmek\u2026 Onun h\u0131rs\u0131yla bir tane elimin tersiyle vurmu\u015ftum\u2026(26 ya\u015f, erkek): Bakt\u0131m parma\u011f\u0131yla omzuma vuruyor. Dedim ki \u201cYapma.\u201d Bir yapt\u0131, iki yapt\u0131, \u00fc\u00e7 yapt\u0131. Ya dedim ki \u201cYapma!\u201d \u201cBir daha o elini omzuma dokundurursan kalkar a\u011fz\u0131n\u0131 burnunu k\u0131rar\u0131m\u201d dedim. Bir daha yapt\u0131. E tabii dinlenmedi\u011fim zaman da biraz sinirleniyorum\u2026.(17 ya\u015f, kad\u0131n): Ba\u011f\u0131rmak istiyordum. Onu \u00f6ld\u00fcrene kadar d\u00f6vmek istiyordum. O derece sinirleniyordum\u2026(17 ya\u015f, kad\u0131n): Bana \u00e7ok sa\u00e7ma geliyor. Bir erkek sana \u015fiddet uyguluyor ve sen h\u00e2l\u00e2 onunla birliktesin. Kendine zarar veriyorsun. Niye ki? Ama o anda \u00f6yle olmuyor. D\u0131\u015far\u0131dan bak\u0131nca \u00e7ok ac\u0131nas\u0131 bir durum bence. Hani kendimizi ezdiriyoruz. Sonra diyoruz, kad\u0131nla erkek e\u015fit. Erkekleri y\u00fcksek tutan bence biraz da biziz. \u00c7\u00fcnk\u00fc onlar\u0131n baz\u0131 \u015feyleri yapmalar\u0131na \u00e7ok izin veriyoruz\u2026(21 ya\u015f, kad\u0131n): Bo\u011falar\u0131 g\u00fcre\u015ftirip, k\u0131rm\u0131z\u0131 g\u00f6sterip \u00f6fkelendirirler ya. \u0130nsanlar\u0131 da hani bu \u015fekilde \u00f6fkelendirebilirler bir \u015feylerle\u2026.\u00c7ok \u00d6fkeliyim, partner \u015fiddetini \u015fiddet uygulayanlar\u0131n ifadeleri do\u011frultusunda inceleyen, \u00e7arp\u0131c\u0131 fark\u0131ndal\u0131klarla partner \u015fiddeti konusunu ayr\u0131nt\u0131lar\u0131 ile ele alan bir ara\u015ft\u0131rma \u00e7al\u0131\u015fmas\u0131. Ancak kitab\u0131n en \u015fa\u015f\u0131rt\u0131c\u0131 yan\u0131, partner \u015fiddetinin san\u0131ld\u0131\u011f\u0131 gibi yeti\u015fkinlikte de\u011fil, ergenlikte ba\u015flad\u0131\u011f\u0131n\u0131 g\u00f6zler \u00f6n\u00fcne sermesi. \u00c7ok \u00d6fkeliyim, ergenlik ve gen\u00e7 yeti\u015fkinlikte partner \u015fiddetini t\u00fcm \u00e7\u0131plakl\u0131\u011f\u0131 ile g\u00f6zler \u00f6n\u00fcne seriyor.<\/p>\n","protected":false},"excerpt":{"rendered":"<p>Ergenlerde ve Gen\u00e7lerde Partner \u015eiddeti Son y\u0131llarda \u00fclke g\u00fcndemini me\u015fgul eden, kad\u0131na kar\u015f\u0131 \u015fiddet g\u00f6r\u00fcnt\u00fcleri ve eylemleri hepimizi yaral\u0131yor. Sanki o b\u0131\u00e7aklar hepimize saplan\u0131yor, o tabancalar<span class=\"excerpt-hellip\"> [\u2026]<\/span><\/p>\n","protected":false},"featured_media":0,"template":"","meta":{"_monsterinsights_skip_tracking":false,"_monsterinsights_sitenote_active":false,"_monsterinsights_sitenote_note":"","_monsterinsights_sitenote_category":0},"product_brand":[],"product_cat":[14787,13488],"product_tag":[],"class_list":{"0":"post-725019","1":"product","2":"type-product","3":"status-publish","5":"product_cat-diger-toplum-ve-insan","6":"product_cat-toplum-ve-insan","7":"pa_cilt-ciltsiz","8":"pa_tur-kitap","9":"pa_yayinevi-okuyan-us-yayin","10":"pa_yazar-simel-parlak-nilgun-canel","12":"first","13":"instock","14":"sale","15":"shipping-taxable","16":"purchasable","17":"product-type-simple"},"_links":{"self":[{"href":"https:\/\/roveyayinevi.com.tr\/index.php\/wp-json\/wp\/v2\/product\/725019","targetHints":{"allow":["GET"]}}],"collection":[{"href":"https:\/\/roveyayinevi.com.tr\/index.php\/wp-json\/wp\/v2\/product"}],"about":[{"href":"https:\/\/roveyayinevi.com.tr\/index.php\/wp-json\/wp\/v2\/types\/product"}],"wp:attachment":[{"href":"https:\/\/roveyayinevi.com.tr\/index.php\/wp-json\/wp\/v2\/media?parent=725019"}],"wp:term":[{"taxonomy":"product_brand","embeddable":true,"href":"https:\/\/roveyayinevi.com.tr\/index.php\/wp-json\/wp\/v2\/product_brand?post=725019"},{"taxonomy":"product_cat","embeddable":true,"href":"https:\/\/roveyayinevi.com.tr\/index.php\/wp-json\/wp\/v2\/product_cat?post=725019"},{"taxonomy":"product_tag","embeddable":true,"href":"https:\/\/roveyayinevi.com.tr\/index.php\/wp-json\/wp\/v2\/product_tag?post=725019"}],"curies":[{"name":"wp","href":"https:\/\/api.w.org\/{rel}","templated":true}]}}