{"id":725018,"date":"2025-08-27T19:43:05","date_gmt":"2025-08-27T16:43:05","guid":{"rendered":"https:\/\/roveyayinevi.com.tr\/index.php\/urun\/naturopatik-beslenme-terapisi\/"},"modified":"2026-04-16T02:32:49","modified_gmt":"2026-04-15T23:32:49","slug":"naturopatik-beslenme-terapisi","status":"publish","type":"product","link":"https:\/\/roveyayinevi.com.tr\/index.php\/urun\/naturopatik-beslenme-terapisi\/","title":{"rendered":"Naturopatik Beslenme Terapisi"},"content":{"rendered":"<p>Kendi Terapistiniz Olmak, Sa\u011fl\u0131kl\u0131 ve Fit Kalmay\u0131 \u00d6\u011frenmek \u0130\u00e7in \u201cB\u00fct\u00fcnc\u00fcl t\u0131pla tan\u0131\u015fan herkesin bir hikayesi vard\u0131r, benimki de bu\u2026Kendimi bildim bileli kronik hastal\u0131klar\u0131 olan, pek \u00e7ok kez antibiyotik i\u011fneler yiyen ve ba\u011f\u0131\u015f\u0131kl\u0131k sistemi zay\u0131f biriydim. Y\u00fcz\u00fcmde ge\u00e7mek bilmeyen kocaman akneler, midemde \u00fclser vard\u0131. S\u00fcrekli doktora gidip gelmekten, t\u00fcrl\u00fc t\u00fcrl\u00fc ila\u00e7lar kullanmaktan b\u0131km\u0131\u015ft\u0131m. Bir yerimi tedavi edeyim derken, ila\u00e7lar\u0131n yan etkileriyle v\u00fccudumda ba\u015fka hasarlara yol a\u00e7m\u0131\u015ft\u0131m. Sonra \u00f6\u011frendim ki kulland\u0131\u011f\u0131m ila\u00e7lar sadece hastal\u0131klar\u0131 maskeliyor, bask\u0131l\u0131yor ve asl\u0131nda ge\u00e7ici olarak semptomlar\u0131 ortadan kald\u0131r\u0131yordum.\u201d\u0130ngiltere\u2019de e\u011fitimini ald\u0131\u011f\u0131 Naturopati ile hastal\u0131klar\u0131n\u0131n k\u00f6klerindeki as\u0131l sebepleri anlayan ve ad\u0131m ad\u0131m dengeye getirmek i\u00e7in b\u00fcy\u00fck bir ad\u0131m atan ND. Yasemin Tokvan bak\u0131\u015f a\u00e7\u0131n\u0131z\u0131 de\u011fi\u015ftirecek! Kendi terapistiniz olmay\u0131, sa\u011fl\u0131kl\u0131 ve fit kalmay\u0131, hastal\u0131klar\u0131n\u0131z\u0131n alt\u0131nda yatan as\u0131l sebepleri \u00f6\u011frenmek istiyorsan\u0131z deneyimle yo\u011frulmu\u015f bu kitap size \u00e7ok iyi gelecek\u2026<\/p>\n","protected":false},"excerpt":{"rendered":"<p>Kendi Terapistiniz Olmak, Sa\u011fl\u0131kl\u0131 ve Fit Kalmay\u0131 \u00d6\u011frenmek \u0130\u00e7in \u201cB\u00fct\u00fcnc\u00fcl t\u0131pla tan\u0131\u015fan herkesin bir hikayesi vard\u0131r, benimki de bu\u2026Kendimi bildim bileli kronik hastal\u0131klar\u0131 olan, pek \u00e7ok<span class=\"excerpt-hellip\"> [\u2026]<\/span><\/p>\n","protected":false},"featured_media":0,"template":"","meta":{"_monsterinsights_skip_tracking":false,"_monsterinsights_sitenote_active":false,"_monsterinsights_sitenote_note":"","_monsterinsights_sitenote_category":0},"product_brand":[],"product_cat":[13402,13365],"product_tag":[],"class_list":{"0":"post-725018","1":"product","2":"type-product","3":"status-publish","5":"product_cat-beslenme-ve-diyet","6":"product_cat-saglik","7":"pa_cilt-ciltsiz","8":"pa_tur-kitap","9":"pa_yayinevi-okuyan-us-yayin","10":"pa_yazar-yasemin-tokvan","12":"first","13":"instock","14":"sale","15":"shipping-taxable","16":"purchasable","17":"product-type-simple"},"_links":{"self":[{"href":"https:\/\/roveyayinevi.com.tr\/index.php\/wp-json\/wp\/v2\/product\/725018","targetHints":{"allow":["GET"]}}],"collection":[{"href":"https:\/\/roveyayinevi.com.tr\/index.php\/wp-json\/wp\/v2\/product"}],"about":[{"href":"https:\/\/roveyayinevi.com.tr\/index.php\/wp-json\/wp\/v2\/types\/product"}],"wp:attachment":[{"href":"https:\/\/roveyayinevi.com.tr\/index.php\/wp-json\/wp\/v2\/media?parent=725018"}],"wp:term":[{"taxonomy":"product_brand","embeddable":true,"href":"https:\/\/roveyayinevi.com.tr\/index.php\/wp-json\/wp\/v2\/product_brand?post=725018"},{"taxonomy":"product_cat","embeddable":true,"href":"https:\/\/roveyayinevi.com.tr\/index.php\/wp-json\/wp\/v2\/product_cat?post=725018"},{"taxonomy":"product_tag","embeddable":true,"href":"https:\/\/roveyayinevi.com.tr\/index.php\/wp-json\/wp\/v2\/product_tag?post=725018"}],"curies":[{"name":"wp","href":"https:\/\/api.w.org\/{rel}","templated":true}]}}