{"id":725017,"date":"2025-08-27T19:43:04","date_gmt":"2025-08-27T16:43:04","guid":{"rendered":"https:\/\/roveyayinevi.com.tr\/index.php\/urun\/golgemdeki-takinti\/"},"modified":"2026-04-16T02:32:49","modified_gmt":"2026-04-15T23:32:49","slug":"golgemdeki-takinti","status":"publish","type":"product","link":"https:\/\/roveyayinevi.com.tr\/index.php\/urun\/golgemdeki-takinti\/","title":{"rendered":"G\u00f6lgemdeki Tak\u0131nt\u0131"},"content":{"rendered":"<p>Batakl\u0131\u011f\u0131n i\u00e7inde \u00e7i\u00e7ek aramaya \u00e7al\u0131\u015f\u0131yorsun; k\u00f6t\u00fc kokular ald\u0131\u011f\u0131n halde\u2026 Neden o \u00e7i\u00e7e\u011fi kopartmaya \u00e7al\u0131\u015f\u0131p, ard\u0131ndan y\u00fcre\u011fine ekip onu sulamaya \u00e7al\u0131\u015f\u0131yorsun ki? Onun ruhu al\u0131\u015fm\u0131\u015ft\u0131r pisli\u011fe ve senin ruhunun derinliklerine indik\u00e7e oradaki g\u00fczellik abes gelecektir ona. \u00c7\u00fcnk\u00fc o hi\u00e7 al\u0131\u015fmam\u0131\u015ft\u0131r g\u00fczelliklere. Tertemiz kokular\u0131 yad\u0131rgar o. Onlar insan de\u011filler. Onlar sadece seviyormu\u015f gibi yaparlar. H\u00e2lbuki ama\u00e7lar\u0131 sadece hevesleridir.<\/p>\n","protected":false},"excerpt":{"rendered":"<p>Batakl\u0131\u011f\u0131n i\u00e7inde \u00e7i\u00e7ek aramaya \u00e7al\u0131\u015f\u0131yorsun; k\u00f6t\u00fc kokular ald\u0131\u011f\u0131n halde\u2026 Neden o \u00e7i\u00e7e\u011fi kopartmaya \u00e7al\u0131\u015f\u0131p, ard\u0131ndan y\u00fcre\u011fine ekip onu sulamaya \u00e7al\u0131\u015f\u0131yorsun ki? Onun ruhu al\u0131\u015fm\u0131\u015ft\u0131r pisli\u011fe ve<span class=\"excerpt-hellip\"> [\u2026]<\/span><\/p>\n","protected":false},"featured_media":0,"template":"","meta":{"_monsterinsights_skip_tracking":false,"_monsterinsights_sitenote_active":false,"_monsterinsights_sitenote_note":"","_monsterinsights_sitenote_category":0},"product_brand":[],"product_cat":[12291,12711],"product_tag":[],"class_list":{"0":"post-725017","1":"product","2":"type-product","3":"status-publish","5":"product_cat-edebiyat","6":"product_cat-roman-oyku","7":"pa_cilt-ciltsiz","8":"pa_tur-kitap","9":"pa_yayinevi-luna-yayinlari","10":"pa_yazar-baran-kose","12":"first","13":"instock","14":"sale","15":"shipping-taxable","16":"purchasable","17":"product-type-simple"},"_links":{"self":[{"href":"https:\/\/roveyayinevi.com.tr\/index.php\/wp-json\/wp\/v2\/product\/725017","targetHints":{"allow":["GET"]}}],"collection":[{"href":"https:\/\/roveyayinevi.com.tr\/index.php\/wp-json\/wp\/v2\/product"}],"about":[{"href":"https:\/\/roveyayinevi.com.tr\/index.php\/wp-json\/wp\/v2\/types\/product"}],"wp:attachment":[{"href":"https:\/\/roveyayinevi.com.tr\/index.php\/wp-json\/wp\/v2\/media?parent=725017"}],"wp:term":[{"taxonomy":"product_brand","embeddable":true,"href":"https:\/\/roveyayinevi.com.tr\/index.php\/wp-json\/wp\/v2\/product_brand?post=725017"},{"taxonomy":"product_cat","embeddable":true,"href":"https:\/\/roveyayinevi.com.tr\/index.php\/wp-json\/wp\/v2\/product_cat?post=725017"},{"taxonomy":"product_tag","embeddable":true,"href":"https:\/\/roveyayinevi.com.tr\/index.php\/wp-json\/wp\/v2\/product_tag?post=725017"}],"curies":[{"name":"wp","href":"https:\/\/api.w.org\/{rel}","templated":true}]}}