{"id":725016,"date":"2025-08-27T19:43:03","date_gmt":"2025-08-27T16:43:03","guid":{"rendered":"https:\/\/roveyayinevi.com.tr\/index.php\/urun\/baska-alemin-dilencisi\/"},"modified":"2026-04-16T02:32:49","modified_gmt":"2026-04-15T23:32:49","slug":"baska-alemin-dilencisi","status":"publish","type":"product","link":"https:\/\/roveyayinevi.com.tr\/index.php\/urun\/baska-alemin-dilencisi\/","title":{"rendered":"Ba\u015fka Alemin Dilencisi"},"content":{"rendered":"<p>Delik ayakkab\u0131s\u0131 ile ko\u015fuyordu k\u00f6\u015fesine. \u0130ki b\u00fcy\u00fck \u00e7\u00f6p kutusunun aras\u0131na \u00e7\u00f6melmi\u015f, elleri ile ba\u015f\u0131n\u0131 iki yandan sarmalam\u0131\u015f, tekrar ediyordu durmadan: \u201cNedir bu s\u0131r! Nedir, nedir, nedir\u2026\u201d diyerek uyu\u015fuyordu ayaklar\u0131. T\u0131rnaklar\u0131n\u0131n i\u00e7indeki siyahl\u0131k da \u015fahitti bu yalvar\u0131\u015f\u0131na. Kalabal\u0131k yoktu d\u0131\u015far\u0131da. So\u011fuk bir hava, ard\u0131ndan, \u00e7\u00f6zemedi\u011fi mesaj\u0131n ac\u0131s\u0131 olan titremeler\u2026 \u00dc\u015f\u00fcmek g\u00fczeldi belki de. \u00dc\u015f\u00fcmekten daha a\u011f\u0131r\u0131, delik ayakkab\u0131s\u0131ndan izin almadan girecekti i\u00e7eri. Midesi bombo\u015f, dudaklar\u0131 kupkuru, ceketi yamalarla arkada\u015f bu adam\u0131n istedi\u011fi, sadece anlamakt\u0131 bu mesaj\u0131: Neden g\u00f6ky\u00fcz\u00fc her ak\u015fam ba\u011f\u0131ra ba\u011f\u0131ra karar\u0131yor?<\/p>\n","protected":false},"excerpt":{"rendered":"<p>Delik ayakkab\u0131s\u0131 ile ko\u015fuyordu k\u00f6\u015fesine. \u0130ki b\u00fcy\u00fck \u00e7\u00f6p kutusunun aras\u0131na \u00e7\u00f6melmi\u015f, elleri ile ba\u015f\u0131n\u0131 iki yandan sarmalam\u0131\u015f, tekrar ediyordu durmadan: \u201cNedir bu s\u0131r! Nedir, nedir, nedir\u2026\u201d<span class=\"excerpt-hellip\"> [\u2026]<\/span><\/p>\n","protected":false},"featured_media":0,"template":"","meta":{"_monsterinsights_skip_tracking":false,"_monsterinsights_sitenote_active":false,"_monsterinsights_sitenote_note":"","_monsterinsights_sitenote_category":0},"product_brand":[],"product_cat":[12291,12711],"product_tag":[],"class_list":{"0":"post-725016","1":"product","2":"type-product","3":"status-publish","5":"product_cat-edebiyat","6":"product_cat-roman-oyku","7":"pa_cilt-ciltsiz","8":"pa_tur-kitap","9":"pa_yayinevi-luna-yayinlari","10":"pa_yazar-tamu-karaagac","12":"first","13":"instock","14":"sale","15":"shipping-taxable","16":"purchasable","17":"product-type-simple"},"_links":{"self":[{"href":"https:\/\/roveyayinevi.com.tr\/index.php\/wp-json\/wp\/v2\/product\/725016","targetHints":{"allow":["GET"]}}],"collection":[{"href":"https:\/\/roveyayinevi.com.tr\/index.php\/wp-json\/wp\/v2\/product"}],"about":[{"href":"https:\/\/roveyayinevi.com.tr\/index.php\/wp-json\/wp\/v2\/types\/product"}],"wp:attachment":[{"href":"https:\/\/roveyayinevi.com.tr\/index.php\/wp-json\/wp\/v2\/media?parent=725016"}],"wp:term":[{"taxonomy":"product_brand","embeddable":true,"href":"https:\/\/roveyayinevi.com.tr\/index.php\/wp-json\/wp\/v2\/product_brand?post=725016"},{"taxonomy":"product_cat","embeddable":true,"href":"https:\/\/roveyayinevi.com.tr\/index.php\/wp-json\/wp\/v2\/product_cat?post=725016"},{"taxonomy":"product_tag","embeddable":true,"href":"https:\/\/roveyayinevi.com.tr\/index.php\/wp-json\/wp\/v2\/product_tag?post=725016"}],"curies":[{"name":"wp","href":"https:\/\/api.w.org\/{rel}","templated":true}]}}