{"id":725014,"date":"2025-08-27T19:43:01","date_gmt":"2025-08-27T16:43:01","guid":{"rendered":"https:\/\/roveyayinevi.com.tr\/index.php\/urun\/hayvanlarin-gizli-yasami\/"},"modified":"2026-04-16T02:32:49","modified_gmt":"2026-04-15T23:32:49","slug":"hayvanlarin-gizli-yasami","status":"publish","type":"product","link":"https:\/\/roveyayinevi.com.tr\/index.php\/urun\/hayvanlarin-gizli-yasami\/","title":{"rendered":"Hayvanlar\u0131n Gizli Ya\u015fam\u0131"},"content":{"rendered":"<p>\u201cGeyikler, yabandomuzlar\u0131 ya da kargalar\u0131n, kendi i\u00e7inde m\u00fckemmel olan hayatlar\u0131n\u0131 ya\u015farken e\u011flenebildiklerini de kavrayan biri, kadim ormanlardaki yapraklar aras\u0131nda ne\u015feyle dola\u015fan o minik hortumlub\u00f6ceklerine de sayg\u0131 duyabilir belki.\u201d Kimisi evimizin sakini, kimisi sokaklar\u0131n, kimisiyle penceremizde kar\u015f\u0131la\u015f\u0131yoruz kimisiyle yabanda, ama kesin olan \u015fu ki  ne zaman seslerine kulak versek g\u00fcn\u00fcm\u00fcz g\u00fczelle\u015fiyor. Ne kadar fark\u0131nda oldu\u011fumuz bir yana onlar\u0131 duyuyor, onlar\u0131 g\u00f6r\u00fcyor, onlar\u0131 etkiliyor ve onlardan etkileniyoruz. Bu kitap farkl\u0131l\u0131klar\u0131yla bizi b\u00fcy\u00fcleyen hayvanlarla duygu, d\u00fc\u015f\u00fcnce ve de\u011ferler d\u00fcnyam\u0131zdaki ortakl\u0131klar\u0131 g\u00f6steriyor. Bu sayede bizi hayvanlar \u00e2leminin di\u011fer \u00fcyeleriyle ilgili varsay\u0131mlar\u0131m\u0131z\u0131 sorgulamaya ve bizimki kadar k\u0131r\u0131lgan ya\u015famlar\u0131na i\u015ftirak ederken bu bilgiyle hareket etmeye davet ediyor.Do\u011fa \u00fczerine yazd\u0131\u011f\u0131 kitaplar\u0131 onlarca dile \u00e7evrilip milyonlarca okura ula\u015fan Peter Wohlleben bu kitab\u0131nda birbirlerine adlar\u0131yla seslenen kuzgunlardan kendi yapt\u0131klar\u0131na kafa yorup pi\u015fman olan s\u0131\u00e7anlara, tavuklar\u0131 kand\u0131ran horozlardan sad\u0131k domuzlara, utanga\u00e7 atlardan yas tutan geyiklere ve yavrular\u0131n\u0131 e\u011fiten ke\u00e7ilere kadar yery\u00fcz\u00fcn\u00fc payla\u015ft\u0131\u011f\u0131m\u0131z t\u00fcrl\u00fc \u00e7e\u015fit hayvan\u0131n hik\u00e2yesine yer veriyor.\u201cEtkileyici ve okunakl\u0131 diliyle Peter Wohlleben\u2019\u0131n bu kitab\u0131 da ba\u015fka bir cevher. Yazar\u0131n bilimsel ke\u015fiflerle kendi deneyimlerini harmanlamaktaki ustal\u0131\u011f\u0131 sayesinde her bir sayfas\u0131n\u0131 zevkle okudum. Siz de okuyun ve bir daha asla yery\u00fcz\u00fcn\u00fc di\u011fer canl\u0131lar\u0131n renkli ve zengin ya\u015famlar\u0131yla payla\u015ft\u0131\u011f\u0131m\u0131z konusunda \u015f\u00fcpheye d\u00fc\u015fmeyin.\u201d <\/p>\n","protected":false},"excerpt":{"rendered":"<p>\u201cGeyikler, yabandomuzlar\u0131 ya da kargalar\u0131n, kendi i\u00e7inde m\u00fckemmel olan hayatlar\u0131n\u0131 ya\u015farken e\u011flenebildiklerini de kavrayan biri, kadim ormanlardaki yapraklar aras\u0131nda ne\u015feyle dola\u015fan o minik hortumlub\u00f6ceklerine de sayg\u0131<span class=\"excerpt-hellip\"> [\u2026]<\/span><\/p>\n","protected":false},"featured_media":0,"template":"","meta":{"_monsterinsights_skip_tracking":false,"_monsterinsights_sitenote_active":false,"_monsterinsights_sitenote_note":"","_monsterinsights_sitenote_category":0},"product_brand":[],"product_cat":[23323,12364],"product_tag":[],"class_list":{"0":"post-725014","1":"product","2":"type-product","3":"status-publish","5":"product_cat-ekoloji","6":"product_cat-genel-konular","7":"pa_cilt-ciltsiz","8":"pa_tur-kitap","9":"pa_yayinevi-kolektif-kitap","10":"pa_yazar-peter-wohlleben","12":"first","13":"instock","14":"sale","15":"shipping-taxable","16":"purchasable","17":"product-type-simple"},"_links":{"self":[{"href":"https:\/\/roveyayinevi.com.tr\/index.php\/wp-json\/wp\/v2\/product\/725014","targetHints":{"allow":["GET"]}}],"collection":[{"href":"https:\/\/roveyayinevi.com.tr\/index.php\/wp-json\/wp\/v2\/product"}],"about":[{"href":"https:\/\/roveyayinevi.com.tr\/index.php\/wp-json\/wp\/v2\/types\/product"}],"wp:attachment":[{"href":"https:\/\/roveyayinevi.com.tr\/index.php\/wp-json\/wp\/v2\/media?parent=725014"}],"wp:term":[{"taxonomy":"product_brand","embeddable":true,"href":"https:\/\/roveyayinevi.com.tr\/index.php\/wp-json\/wp\/v2\/product_brand?post=725014"},{"taxonomy":"product_cat","embeddable":true,"href":"https:\/\/roveyayinevi.com.tr\/index.php\/wp-json\/wp\/v2\/product_cat?post=725014"},{"taxonomy":"product_tag","embeddable":true,"href":"https:\/\/roveyayinevi.com.tr\/index.php\/wp-json\/wp\/v2\/product_tag?post=725014"}],"curies":[{"name":"wp","href":"https:\/\/api.w.org\/{rel}","templated":true}]}}