{"id":725013,"date":"2025-08-27T19:43:00","date_gmt":"2025-08-27T16:43:00","guid":{"rendered":"https:\/\/roveyayinevi.com.tr\/index.php\/urun\/diplomaside-degisim\/"},"modified":"2026-04-16T02:32:49","modified_gmt":"2026-04-15T23:32:49","slug":"diplomaside-degisim","status":"publish","type":"product","link":"https:\/\/roveyayinevi.com.tr\/index.php\/urun\/diplomaside-degisim\/","title":{"rendered":"Diplomaside De\u011fi\u015fim"},"content":{"rendered":"<p>Diplomasi, uluslar\u0131n politikan\u0131n di\u011fer sosyal ger\u00e7ekleri gibi evrimsel bir d\u00f6n\u00fc\u015f\u00fcm ge\u00e7iriyor. Evrimin ay\u0131rt edici a\u015famalar\u0131ndan biri So\u011fuk Sava\u015f sonras\u0131 h\u0131z kazanan ve etki alan\u0131 geni\u015fleyen \u00e7ok boyutlu k\u00fcreselle\u015fmedir. Bu d\u00f6nem karma\u015f\u0131k kar\u015f\u0131l\u0131kl\u0131 ba\u011f\u0131ml\u0131l\u0131k ve kar\u015f\u0131l\u0131kl\u0131 ba\u011flant\u0131l\u0131kla betimlenen bir d\u00fcnya in\u015fa ederken diplomaside radikal de\u011fi\u015fimlere yol a\u00e7\u0131yor.Diplomasideki yenilikler \u00f6z\u00fcnden ileti\u015fim teknolojisindenki geli\u015fmeler sonucunda devletler, uluslararas\u0131 kurulu\u015flar ve toplumlar aras\u0131nda temaslar\u0131n do\u011frudan yapabilmesi ve diplomasinin uygulama usullerinde ortaya \u00e7\u0131kan de\u011fi\u015fimlerdir.Bu kitapda, temelde diplomasinin zaman i\u00e7erisinde ge\u00e7irdi\u011fi de\u011fi\u015fimi tespit etmek, yeni pratiklerin ay\u0131rt edici \u00f6zellikleri anla\u015f\u0131l\u0131r k\u0131lmak ve T\u00fcrkiye&#8217;de diplomasi \u00e7al\u0131\u015fmalar\u0131na katk\u0131da bulunmak ama\u00e7lar\u0131yla kaleme al\u0131nd\u0131.Kitapta \u00f6ncellikle tarihsel k\u00f6kleri ile kavramsal bir tart\u0131\u015fma yap\u0131l\u0131rken diplomasi teriminin etimolojik k\u00f6keni ve d\u00f6n\u00fc\u015f\u00fcm\u00fc tespit ediliyor,  kavramsal olarak y\u00fcklenen anlamlar\u0131 g\u00fcn \u0131\u015f\u0131\u011f\u0131na \u00e7\u0131kar\u0131l\u0131yor ve kavram\u0131n farkl\u0131 kullan\u0131mlar\u0131 irdeleniyor. Bu t\u00fcr bir \u00e7abada, diplomasinin Uluslararas\u0131 \u0130li\u015fkiler Teori kapsam\u0131nda ve d\u0131\u015f\u0131nda kurumla\u015ft\u0131rma aray\u0131\u015flar\u0131na g\u00f6z atma gereklili\u011fi dikkate al\u0131n\u0131yor. Kitab\u0131n ilerleyen b\u00f6l\u00fcmlerinde ise \u00e7e\u015fitlenen akt\u00f6rler, geni\u015fleyen konular ve de\u011fi\u015fen y\u00f6ntemlere odaklanarak \u00e7a\u011f\u0131m\u0131z\u0131n diplomasi uygulamalar\u0131na mercek alt\u0131na al\u0131yor.<\/p>\n","protected":false},"excerpt":{"rendered":"<p>Diplomasi, uluslar\u0131n politikan\u0131n di\u011fer sosyal ger\u00e7ekleri gibi evrimsel bir d\u00f6n\u00fc\u015f\u00fcm ge\u00e7iriyor. Evrimin ay\u0131rt edici a\u015famalar\u0131ndan biri So\u011fuk Sava\u015f sonras\u0131 h\u0131z kazanan ve etki alan\u0131 geni\u015fleyen \u00e7ok<span class=\"excerpt-hellip\"> [\u2026]<\/span><\/p>\n","protected":false},"featured_media":0,"template":"","meta":{"_monsterinsights_skip_tracking":false,"_monsterinsights_sitenote_active":false,"_monsterinsights_sitenote_note":"","_monsterinsights_sitenote_category":0},"product_brand":[],"product_cat":[12337,17225],"product_tag":[],"class_list":{"0":"post-725013","1":"product","2":"type-product","3":"status-publish","5":"product_cat-politika-siyaset","6":"product_cat-uluslararasi-iliskiler","7":"pa_cilt-ciltsiz","8":"pa_tur-kitap","9":"pa_yayinevi-baris-kitap","10":"pa_yazar-kolektif","12":"first","13":"instock","14":"sale","15":"shipping-taxable","16":"purchasable","17":"product-type-simple"},"_links":{"self":[{"href":"https:\/\/roveyayinevi.com.tr\/index.php\/wp-json\/wp\/v2\/product\/725013","targetHints":{"allow":["GET"]}}],"collection":[{"href":"https:\/\/roveyayinevi.com.tr\/index.php\/wp-json\/wp\/v2\/product"}],"about":[{"href":"https:\/\/roveyayinevi.com.tr\/index.php\/wp-json\/wp\/v2\/types\/product"}],"wp:attachment":[{"href":"https:\/\/roveyayinevi.com.tr\/index.php\/wp-json\/wp\/v2\/media?parent=725013"}],"wp:term":[{"taxonomy":"product_brand","embeddable":true,"href":"https:\/\/roveyayinevi.com.tr\/index.php\/wp-json\/wp\/v2\/product_brand?post=725013"},{"taxonomy":"product_cat","embeddable":true,"href":"https:\/\/roveyayinevi.com.tr\/index.php\/wp-json\/wp\/v2\/product_cat?post=725013"},{"taxonomy":"product_tag","embeddable":true,"href":"https:\/\/roveyayinevi.com.tr\/index.php\/wp-json\/wp\/v2\/product_tag?post=725013"}],"curies":[{"name":"wp","href":"https:\/\/api.w.org\/{rel}","templated":true}]}}