{"id":725011,"date":"2025-08-27T19:42:59","date_gmt":"2025-08-27T16:42:59","guid":{"rendered":"https:\/\/roveyayinevi.com.tr\/index.php\/urun\/zekanin-bilimi-ve-ideolojisigenler-beyin-ve-insanin-potansiyeli\/"},"modified":"2026-04-16T02:32:49","modified_gmt":"2026-04-15T23:32:49","slug":"zekanin-bilimi-ve-ideolojisigenler-beyin-ve-insanin-potansiyeli","status":"publish","type":"product","link":"https:\/\/roveyayinevi.com.tr\/index.php\/urun\/zekanin-bilimi-ve-ideolojisigenler-beyin-ve-insanin-potansiyeli\/","title":{"rendered":"Zekan\u0131n Bilimi Ve \u0130deolojisi:Genler, Beyin Ve \u0130nsan\u0131n Potansiyeli"},"content":{"rendered":"<p>Bu kitap, toplumun \u00fcst tabakalar\u0131nda kendine yer bulmu\u015f, g\u00f6z al\u0131c\u0131 mesleklerde ba\u015far\u0131y\u0131 yakalam\u0131\u015f, servet biriktirebilmi\u015f, ayr\u0131cal\u0131kl\u0131 bir ya\u015fam s\u00fcren, yetenekli ve se\u00e7kin az\u0131nl\u0131\u011fa mensup bireyler ve onlar\u0131 bu seviyeye ta\u015f\u0131d\u0131\u011f\u0131 d\u00fc\u015f\u00fcn\u00fclen zek\u00e2lar\u0131 hakk\u0131nda. Bu kitap, \u015fansl\u0131 az\u0131nl\u0131\u011f\u0131n s\u00fcrd\u00fc\u011f\u00fc ya\u015fam\u0131n sosyal ve ekonomik anlamda \u00e7eperlerinde ya\u015fayan, yoksulluk, g\u00fcvencesizlik ve d\u0131\u015flanm\u0131\u015fl\u0131kla ba\u015f etmek zorunda kalan y\u0131\u011f\u0131na mensup bireyler ve onlar\u0131 bu seviyeye itti\u011fi d\u00fc\u015f\u00fcn\u00fclen zek\u00e2lar\u0131 hakk\u0131nda.Bu kitap, bizleri zek\u00e2n\u0131n tan\u0131mlanm\u0131\u015f, do\u011fu\u015ftan gelen ve testlerle \u00f6l\u00e7\u00fclebilen bir \u00f6zellik oldu\u011funa inand\u0131ran kimi bilimciler ve siyaset\u00e7iler hakk\u0131nda. Bu kitap, Genler, Beyin ve \u0130nsan Potansiyeli madalyonunun \u00f6teki y\u00fcz\u00fc, \u0130deoloji, Serbest Piyasa Ekonomisi ve Fizyolojik Ger\u00e7ekler hakk\u0131nda.Zek\u00e2y\u0131 aramaya sinir sisteminin mikro patikalar\u0131nda ba\u015flayan Ken Richardson, de\u011fi\u015fken \u00e7evrelere uyum sa\u011flamak i\u00e7in esneklik, i\u015fbirli\u011fi ve ileti\u015fimin yasala\u015ft\u0131\u011f\u0131 dinamik bir sistemle kar\u015f\u0131la\u015f\u0131yor. Genlerin efendi konumunu yitirdi\u011fi, i\u015fbirli\u011fi ve k\u00fclt\u00fcr\u00fcn sonu\u00e7 de\u011fil ba\u011flama d\u00f6n\u00fc\u015ft\u00fc\u011f\u00fc bu bili\u015fsel evrim ortam\u0131nda sinir sistemimiz di\u011ferlerinin sinir sistemine \u00f6ylesine ba\u011flan\u0131yor ki s\u0131n\u0131fl\u0131 ve hiyerar\u015fik mevcut toplum kadar olas\u0131 bir ba\u015fka se\u00e7enek daha ufukta beliriyor: Kat\u0131l\u0131mc\u0131, e\u015fitlik\u00e7i, kap\u0131s\u0131 herkese a\u00e7\u0131k bir d\u00fcnya!Zek\u00e2n\u0131n Bilimi ve \u0130deolojisi, olumlu alternatifin hayata ge\u00e7mesini engelleyen kuvvetlerin fark\u0131na varman\u0131z\u0131 sa\u011flayacak, geneti\u011fe ve beyne y\u00f6nelik indirgemeci bak\u0131\u015f\u0131 sorgulatacak, kadercili\u011fi ve karamsarl\u0131\u011f\u0131 defetmeye yard\u0131mc\u0131 olacak elzem bir ara\u00e7. Yazar\u0131n dedi\u011fi gibi \u201c\u00f6n\u00fcm\u00fczdeki g\u00f6rev zorlu, fakat insanl\u0131k tarihi bu t\u00fcr ideolojilerin ala\u015fa\u011f\u0131 edildi\u011fi \u00f6rneklerle dolu!\u201dBritanyal\u0131 psikolog ve yazar Ken Richardson, 1972\u2019de A\u00e7\u0131k \u00dcniversite\u2019de  ba\u015flayan akademik kariyeri boyunca zek\u00e2 testleri \u00fczerine \u00e7al\u0131\u015ft\u0131, dersler verdi ve pek \u00e7ok eser kaleme ald\u0131.<\/p>\n","protected":false},"excerpt":{"rendered":"<p>Bu kitap, toplumun \u00fcst tabakalar\u0131nda kendine yer bulmu\u015f, g\u00f6z al\u0131c\u0131 mesleklerde ba\u015far\u0131y\u0131 yakalam\u0131\u015f, servet biriktirebilmi\u015f, ayr\u0131cal\u0131kl\u0131 bir ya\u015fam s\u00fcren, yetenekli ve se\u00e7kin az\u0131nl\u0131\u011fa mensup bireyler ve<span class=\"excerpt-hellip\"> [\u2026]<\/span><\/p>\n","protected":false},"featured_media":0,"template":"","meta":{"_monsterinsights_skip_tracking":false,"_monsterinsights_sitenote_active":false,"_monsterinsights_sitenote_note":"","_monsterinsights_sitenote_category":0},"product_brand":[],"product_cat":[12364,12376],"product_tag":[],"class_list":{"0":"post-725011","1":"product","2":"type-product","3":"status-publish","5":"product_cat-genel-konular","6":"product_cat-kisisel-gelisim","7":"pa_cilt-ciltsiz","8":"pa_tur-kitap","9":"pa_yayinevi-koc-universitesi-yayinlari","10":"pa_yazar-ken-richardson","12":"first","13":"instock","14":"sale","15":"shipping-taxable","16":"purchasable","17":"product-type-simple"},"_links":{"self":[{"href":"https:\/\/roveyayinevi.com.tr\/index.php\/wp-json\/wp\/v2\/product\/725011","targetHints":{"allow":["GET"]}}],"collection":[{"href":"https:\/\/roveyayinevi.com.tr\/index.php\/wp-json\/wp\/v2\/product"}],"about":[{"href":"https:\/\/roveyayinevi.com.tr\/index.php\/wp-json\/wp\/v2\/types\/product"}],"wp:attachment":[{"href":"https:\/\/roveyayinevi.com.tr\/index.php\/wp-json\/wp\/v2\/media?parent=725011"}],"wp:term":[{"taxonomy":"product_brand","embeddable":true,"href":"https:\/\/roveyayinevi.com.tr\/index.php\/wp-json\/wp\/v2\/product_brand?post=725011"},{"taxonomy":"product_cat","embeddable":true,"href":"https:\/\/roveyayinevi.com.tr\/index.php\/wp-json\/wp\/v2\/product_cat?post=725011"},{"taxonomy":"product_tag","embeddable":true,"href":"https:\/\/roveyayinevi.com.tr\/index.php\/wp-json\/wp\/v2\/product_tag?post=725011"}],"curies":[{"name":"wp","href":"https:\/\/api.w.org\/{rel}","templated":true}]}}