{"id":725010,"date":"2025-08-27T19:42:58","date_gmt":"2025-08-27T16:42:58","guid":{"rendered":"https:\/\/roveyayinevi.com.tr\/index.php\/urun\/uykucular-ve-kakaocular-ulkesi\/"},"modified":"2026-01-21T02:55:06","modified_gmt":"2026-01-20T23:55:06","slug":"uykucular-ve-kakaocular-ulkesi","status":"publish","type":"product","link":"https:\/\/roveyayinevi.com.tr\/index.php\/urun\/uykucular-ve-kakaocular-ulkesi\/","title":{"rendered":"Uykucular Ve Kakaocular \u00dclkesi"},"content":{"rendered":"<p>Uyuyanlar uyans\u0131n!Ne o? \u0130\u015fler yolunda gitmiyor mu? Birilerinin hi\u00e7 \u00e7al\u0131\u015fmamaktan can\u0131 m\u0131 s\u0131k\u0131l\u0131yor? Kimileri de bir uykuya dalm\u0131\u015f, bir kahraman gelip de kurtars\u0131n diye mi bekliyormu\u015f?O zaman biri \u00e7\u0131k\u0131p \u201cUyan!\u201d demeli. Uyan! Kahraman\u0131n sen olmad\u0131\u011f\u0131 ne malum!Peki \u015fu \u201ckahraman\u201d dedikleri nas\u0131l biriymi\u015f? Hi\u00e7 kimsenin sahip olmad\u0131\u011f\u0131 \u00fcst\u00fcnyetenekleri nelermi\u015f? Ne yermi\u015f, ne i\u00e7ermi\u015f? Kimin \u00e7ocu\u011fu olarak d\u00fcnyaya gelmi\u015f?En \u00f6nemlisi \u00f6ylece durup bekleyince \u00e7\u0131k\u0131p gelir miymi\u015f? Uykucular \u00dclkesi sakinleribu kadar m\u0131 kendine g\u00fcvenmezmi\u015f? Kahraman bekleyenlere biri gelip \u201ckahramansen ol\u201d demez miymi\u015f?\u00d6zlem \u00d6zyurt\u2019un yazd\u0131\u011f\u0131, Eren Caner Polat\u2019\u0131n resimledi\u011fi Uykucular ve Kakaocular \u00dclkesi hem e\u011flendiren hem de d\u00fc\u015f\u00fcnd\u00fcren, elinizden b\u0131rakamayaca\u011f\u0131n\u0131z bir kitap\u2026<\/p>\n","protected":false},"excerpt":{"rendered":"<p>Uyuyanlar uyans\u0131n!Ne o? \u0130\u015fler yolunda gitmiyor mu? Birilerinin hi\u00e7 \u00e7al\u0131\u015fmamaktan can\u0131 m\u0131 s\u0131k\u0131l\u0131yor? Kimileri de bir uykuya dalm\u0131\u015f, bir kahraman gelip de kurtars\u0131n diye mi bekliyormu\u015f?O<span class=\"excerpt-hellip\"> [\u2026]<\/span><\/p>\n","protected":false},"featured_media":0,"template":"","meta":{"_monsterinsights_skip_tracking":false,"_monsterinsights_sitenote_active":false,"_monsterinsights_sitenote_note":"","_monsterinsights_sitenote_category":0},"product_brand":[],"product_cat":[12275,12274],"product_tag":[],"class_list":{"0":"post-725010","1":"product","2":"type-product","3":"status-publish","5":"product_cat-6-12-yas-kitaplari","6":"product_cat-cocuk-ve-genclik-kitaplari","7":"pa_cilt-ciltsiz","8":"pa_tur-kitap","9":"pa_yayinevi-yapi-kredi-yayinlari","10":"pa_yazar-ozlem-ozyurt","12":"first","13":"instock","14":"sale","15":"shipping-taxable","16":"purchasable","17":"product-type-simple"},"_links":{"self":[{"href":"https:\/\/roveyayinevi.com.tr\/index.php\/wp-json\/wp\/v2\/product\/725010","targetHints":{"allow":["GET"]}}],"collection":[{"href":"https:\/\/roveyayinevi.com.tr\/index.php\/wp-json\/wp\/v2\/product"}],"about":[{"href":"https:\/\/roveyayinevi.com.tr\/index.php\/wp-json\/wp\/v2\/types\/product"}],"wp:attachment":[{"href":"https:\/\/roveyayinevi.com.tr\/index.php\/wp-json\/wp\/v2\/media?parent=725010"}],"wp:term":[{"taxonomy":"product_brand","embeddable":true,"href":"https:\/\/roveyayinevi.com.tr\/index.php\/wp-json\/wp\/v2\/product_brand?post=725010"},{"taxonomy":"product_cat","embeddable":true,"href":"https:\/\/roveyayinevi.com.tr\/index.php\/wp-json\/wp\/v2\/product_cat?post=725010"},{"taxonomy":"product_tag","embeddable":true,"href":"https:\/\/roveyayinevi.com.tr\/index.php\/wp-json\/wp\/v2\/product_tag?post=725010"}],"curies":[{"name":"wp","href":"https:\/\/api.w.org\/{rel}","templated":true}]}}