{"id":725008,"date":"2025-08-27T19:42:56","date_gmt":"2025-08-27T16:42:56","guid":{"rendered":"https:\/\/roveyayinevi.com.tr\/index.php\/urun\/gecenin-hikayesi-aylema\/"},"modified":"2026-04-16T02:32:49","modified_gmt":"2026-04-15T23:32:49","slug":"gecenin-hikayesi-aylema","status":"publish","type":"product","link":"https:\/\/roveyayinevi.com.tr\/index.php\/urun\/gecenin-hikayesi-aylema\/","title":{"rendered":"Gecenin Hikayesi &#8211; Aylema"},"content":{"rendered":"<p>S\u0131radan bir g\u00fcn\u00fcn ak\u015fam\u0131nda, ge\u00e7meye \u00e7al\u0131\u015ft\u0131\u011f\u0131 k\u00f6pr\u00fcden nehre d\u00fc\u015fmek \u00fczereyken \u00f6l\u00fcm taraf\u0131ndan kula\u011f\u0131na f\u0131s\u0131ldand\u0131.\u201cUzat\u0131lan buz gibi so\u011fuk bir el b\u00fct\u00fcn hayat\u0131na dokunacak.\u201dBa\u011f\u0131ml\u0131lar ve Avc\u0131lar bu kez s\u0131radan bir hayat\u0131n hayalini kuran, geceye do\u011fmu\u015f bir k\u0131z i\u00e7in kar\u015f\u0131 kar\u015f\u0131ya gelecek.Siyahla beyaz\u0131n, geceyle g\u00fcnd\u00fcz\u00fcn, iyiyle k\u00f6t\u00fcn\u00fcn anlam\u0131n\u0131 yitirdi\u011fi bir i\u00e7 sava\u015f. Zihin \u00e7\u0131kmaz\u0131. Ya\u015fam m\u00fccadelesi. Sars\u0131c\u0131 bir k\u0131s\u0131r d\u00f6ng\u00fc.Iss\u0131z bir kasaba.Kusurlu bir kalp.U\u00e7urumun di\u011fer taraf\u0131na, g\u00f6lgelerin aras\u0131na hapsedilmi\u015f kay\u0131p bir ruh.\u00d6nce sahip oldu\u011fu her \u015feyi elinden alacaklar ve siz bunu her bir sat\u0131r aras\u0131nda hissedeceksiniz.Hayata tutunacak bir neden verecekler, \u201cYapma!\u201d diye hayk\u0131rmak isteyeceksiniz.Bu hik\u00e2yenin masumu yok. Bu bir a\u015fk hik\u00e2yesi de\u011fil, nefret hik\u00e2yesi.Gecenin solu\u011funu ensenizde hissedece\u011finiz, okurken s\u0131cak bir kahveye muhta\u00e7 olaca\u011f\u0131n\u0131z kadar so\u011fuk bir hik\u00e2ye.<\/p>\n","protected":false},"excerpt":{"rendered":"<p>S\u0131radan bir g\u00fcn\u00fcn ak\u015fam\u0131nda, ge\u00e7meye \u00e7al\u0131\u015ft\u0131\u011f\u0131 k\u00f6pr\u00fcden nehre d\u00fc\u015fmek \u00fczereyken \u00f6l\u00fcm taraf\u0131ndan kula\u011f\u0131na f\u0131s\u0131ldand\u0131.\u201cUzat\u0131lan buz gibi so\u011fuk bir el b\u00fct\u00fcn hayat\u0131na dokunacak.\u201dBa\u011f\u0131ml\u0131lar ve Avc\u0131lar bu kez<span class=\"excerpt-hellip\"> [\u2026]<\/span><\/p>\n","protected":false},"featured_media":0,"template":"","meta":{"_monsterinsights_skip_tracking":false,"_monsterinsights_sitenote_active":false,"_monsterinsights_sitenote_note":"","_monsterinsights_sitenote_category":0},"product_brand":[],"product_cat":[12291,12711],"product_tag":[],"class_list":{"0":"post-725008","1":"product","2":"type-product","3":"status-publish","5":"product_cat-edebiyat","6":"product_cat-roman-oyku","7":"pa_cilt-ciltsiz","8":"pa_tur-kitap","9":"pa_yayinevi-ephesus-yayinlari","10":"pa_yazar-n-g-kabal","12":"first","13":"instock","14":"sale","15":"shipping-taxable","16":"purchasable","17":"product-type-simple"},"_links":{"self":[{"href":"https:\/\/roveyayinevi.com.tr\/index.php\/wp-json\/wp\/v2\/product\/725008","targetHints":{"allow":["GET"]}}],"collection":[{"href":"https:\/\/roveyayinevi.com.tr\/index.php\/wp-json\/wp\/v2\/product"}],"about":[{"href":"https:\/\/roveyayinevi.com.tr\/index.php\/wp-json\/wp\/v2\/types\/product"}],"wp:attachment":[{"href":"https:\/\/roveyayinevi.com.tr\/index.php\/wp-json\/wp\/v2\/media?parent=725008"}],"wp:term":[{"taxonomy":"product_brand","embeddable":true,"href":"https:\/\/roveyayinevi.com.tr\/index.php\/wp-json\/wp\/v2\/product_brand?post=725008"},{"taxonomy":"product_cat","embeddable":true,"href":"https:\/\/roveyayinevi.com.tr\/index.php\/wp-json\/wp\/v2\/product_cat?post=725008"},{"taxonomy":"product_tag","embeddable":true,"href":"https:\/\/roveyayinevi.com.tr\/index.php\/wp-json\/wp\/v2\/product_tag?post=725008"}],"curies":[{"name":"wp","href":"https:\/\/api.w.org\/{rel}","templated":true}]}}