{"id":725006,"date":"2025-08-27T19:42:54","date_gmt":"2025-08-27T16:42:54","guid":{"rendered":"https:\/\/roveyayinevi.com.tr\/index.php\/urun\/gecenin-hikayesi-aseka\/"},"modified":"2026-04-16T02:32:49","modified_gmt":"2026-04-15T23:32:49","slug":"gecenin-hikayesi-aseka","status":"publish","type":"product","link":"https:\/\/roveyayinevi.com.tr\/index.php\/urun\/gecenin-hikayesi-aseka\/","title":{"rendered":"Gecenin Hikayesi &#8211; A\u015feka"},"content":{"rendered":"<p>O en g\u00fc\u00e7l\u00fc Avc\u0131 ama kalbi i\u00e7in kurulmu\u015f tuzaklardan birine kap\u0131lmak \u00fczere.Maya Efnan ka\u00e7t\u0131\u011f\u0131 hayat\u0131n tam ortas\u0131na d\u00fc\u015ft\u00fc, anla\u015fmay\u0131 bozman\u0131n bedeli tahmin etti\u011finden daha a\u011f\u0131r. Art\u0131k tamamen tek ba\u015f\u0131na.Ona ait olan\u0131 almak i\u00e7in \u00f6l\u00fcm emrini veren krali\u00e7enin inine girmesi gerekiyor ama kendisini \u00f6lmek ya da \u00f6ld\u00fcrmek zorunda kald\u0131\u011f\u0131 bir arenan\u0131n ortas\u0131nda buluyor. Kar\u015f\u0131s\u0131na kimin \u00e7\u0131kaca\u011f\u0131ndan haberi yok, etraf\u0131 sevdikleriyle ku\u015fat\u0131lm\u0131\u015f halde.Kan\u0131yla neler yapabilece\u011fini \u00f6\u011frenmi\u015fken art\u0131k hi\u00e7 kimseye g\u00fcvenemez ama taraf\u0131n\u0131 se\u00e7mek zorunda.Fetih Yarg\u0131c\u0131 intikam h\u0131rs\u0131 ve hayal k\u0131r\u0131kl\u0131\u011f\u0131 ile bir \u00e7\u0131kmaz\u0131n i\u00e7inde, kendisinin de kap\u0131ld\u0131\u011f\u0131 b\u00fcy\u00fck bir oyun oynuyor.Kasabada art\u0131k herkes daha tedirgin, \u00fczerine \u00e7\u00f6ken sisten ka\u00e7maya \u00e7al\u0131\u015f\u0131yor. Hava daha so\u011fuk, orman daha karanl\u0131k ve kar b\u00fct\u00fcn ayak izlerini sildi.Bu h\u00e2l\u00e2 bir a\u015fk hikayesi de\u011fil, bu defa tutku ate\u015fiyle harlanm\u0131\u015f bir intikam m\u00fccadelesi<\/p>\n","protected":false},"excerpt":{"rendered":"<p>O en g\u00fc\u00e7l\u00fc Avc\u0131 ama kalbi i\u00e7in kurulmu\u015f tuzaklardan birine kap\u0131lmak \u00fczere.Maya Efnan ka\u00e7t\u0131\u011f\u0131 hayat\u0131n tam ortas\u0131na d\u00fc\u015ft\u00fc, anla\u015fmay\u0131 bozman\u0131n bedeli tahmin etti\u011finden daha a\u011f\u0131r. Art\u0131k<span class=\"excerpt-hellip\"> [\u2026]<\/span><\/p>\n","protected":false},"featured_media":0,"template":"","meta":{"_monsterinsights_skip_tracking":false,"_monsterinsights_sitenote_active":false,"_monsterinsights_sitenote_note":"","_monsterinsights_sitenote_category":0},"product_brand":[],"product_cat":[12291,12711],"product_tag":[],"class_list":{"0":"post-725006","1":"product","2":"type-product","3":"status-publish","5":"product_cat-edebiyat","6":"product_cat-roman-oyku","7":"pa_cilt-ciltsiz","8":"pa_tur-kitap","9":"pa_yayinevi-ephesus-yayinlari","10":"pa_yazar-n-g-kabal","12":"first","13":"instock","14":"sale","15":"shipping-taxable","16":"purchasable","17":"product-type-simple"},"_links":{"self":[{"href":"https:\/\/roveyayinevi.com.tr\/index.php\/wp-json\/wp\/v2\/product\/725006","targetHints":{"allow":["GET"]}}],"collection":[{"href":"https:\/\/roveyayinevi.com.tr\/index.php\/wp-json\/wp\/v2\/product"}],"about":[{"href":"https:\/\/roveyayinevi.com.tr\/index.php\/wp-json\/wp\/v2\/types\/product"}],"wp:attachment":[{"href":"https:\/\/roveyayinevi.com.tr\/index.php\/wp-json\/wp\/v2\/media?parent=725006"}],"wp:term":[{"taxonomy":"product_brand","embeddable":true,"href":"https:\/\/roveyayinevi.com.tr\/index.php\/wp-json\/wp\/v2\/product_brand?post=725006"},{"taxonomy":"product_cat","embeddable":true,"href":"https:\/\/roveyayinevi.com.tr\/index.php\/wp-json\/wp\/v2\/product_cat?post=725006"},{"taxonomy":"product_tag","embeddable":true,"href":"https:\/\/roveyayinevi.com.tr\/index.php\/wp-json\/wp\/v2\/product_tag?post=725006"}],"curies":[{"name":"wp","href":"https:\/\/api.w.org\/{rel}","templated":true}]}}