{"id":725005,"date":"2025-08-27T19:42:54","date_gmt":"2025-08-27T16:42:54","guid":{"rendered":"https:\/\/roveyayinevi.com.tr\/index.php\/urun\/turkiyenin-dis-politikasinda-islam-isbirligi-teskilati-1969-2012\/"},"modified":"2026-04-12T02:39:19","modified_gmt":"2026-04-11T23:39:19","slug":"turkiyenin-dis-politikasinda-islam-isbirligi-teskilati-1969-2012","status":"publish","type":"product","link":"https:\/\/roveyayinevi.com.tr\/index.php\/urun\/turkiyenin-dis-politikasinda-islam-isbirligi-teskilati-1969-2012\/","title":{"rendered":"T\u00fcrkiye&#8217;nin D\u0131\u015f Politikas\u0131nda \u0130slam \u0130\u015fbirli\u011fi Te\u015fkilat\u0131 (1969 &#8211; 2012)"},"content":{"rendered":"<p>Bu \u00e7al\u0131\u015fmada, T\u00fcrk D\u0131\u015f Politikas\u0131nda \u0130slam d\u00fcnyas\u0131yla ili\u015fkiler ele al\u0131narak bu ili\u015fkilerde \u0130slam \u0130\u015fbirli\u011fi Te\u015fkilat\u0131n\u0131n (\u0130\u0130T) nas\u0131l bir \u00f6neme sahip oldu\u011fu ara\u015ft\u0131r\u0131lmaktad\u0131r. T\u00fcrkiye&#8217;nin Islam d\u00fcnyas\u0131yla ili\u015fkilerini ve \u0130\u0130T&#8217;nin bu anlamda oynad\u0131\u011f\u0131 rol\u00fc etkileyen de\u011fi\u015fkenler ele al\u0131narak hem T\u00fcrk d\u0131\u015f politikas\u0131ndaki geli\u015fmeler hem de \u0130slam d\u00fcnyas\u0131nda ya\u015fanan geli\u015fmelerin ili\u015fkileri ne denli etkiledi\u011fi ve tarihsel s\u00fcre\u00e7 i\u00e7erisinde ili\u015fkilerde ya\u015fanan d\u00f6n\u00fc\u015f\u00fcm s\u00fcreci analiz edilmeye \u00e7al\u0131\u015f\u0131lm\u0131\u015ft\u0131r.<\/p>\n","protected":false},"excerpt":{"rendered":"<p>Bu \u00e7al\u0131\u015fmada, T\u00fcrk D\u0131\u015f Politikas\u0131nda \u0130slam d\u00fcnyas\u0131yla ili\u015fkiler ele al\u0131narak bu ili\u015fkilerde \u0130slam \u0130\u015fbirli\u011fi Te\u015fkilat\u0131n\u0131n (\u0130\u0130T) nas\u0131l bir \u00f6neme sahip oldu\u011fu ara\u015ft\u0131r\u0131lmaktad\u0131r. T\u00fcrkiye&#8217;nin Islam d\u00fcnyas\u0131yla ili\u015fkilerini<span class=\"excerpt-hellip\"> [\u2026]<\/span><\/p>\n","protected":false},"featured_media":0,"template":"","meta":{"_monsterinsights_skip_tracking":false,"_monsterinsights_sitenote_active":false,"_monsterinsights_sitenote_note":"","_monsterinsights_sitenote_category":0},"product_brand":[],"product_cat":[20085,12337],"product_tag":[],"class_list":{"0":"post-725005","1":"product","2":"type-product","3":"status-publish","5":"product_cat-islam-ortadogu","6":"product_cat-politika-siyaset","7":"pa_cilt-ciltsiz","8":"pa_tur-kitap","9":"pa_yayinevi-siyasal-kitabevi","10":"pa_yazar-abdurrahman-ilhan","12":"first","13":"instock","14":"sale","15":"shipping-taxable","16":"purchasable","17":"product-type-simple"},"_links":{"self":[{"href":"https:\/\/roveyayinevi.com.tr\/index.php\/wp-json\/wp\/v2\/product\/725005","targetHints":{"allow":["GET"]}}],"collection":[{"href":"https:\/\/roveyayinevi.com.tr\/index.php\/wp-json\/wp\/v2\/product"}],"about":[{"href":"https:\/\/roveyayinevi.com.tr\/index.php\/wp-json\/wp\/v2\/types\/product"}],"wp:attachment":[{"href":"https:\/\/roveyayinevi.com.tr\/index.php\/wp-json\/wp\/v2\/media?parent=725005"}],"wp:term":[{"taxonomy":"product_brand","embeddable":true,"href":"https:\/\/roveyayinevi.com.tr\/index.php\/wp-json\/wp\/v2\/product_brand?post=725005"},{"taxonomy":"product_cat","embeddable":true,"href":"https:\/\/roveyayinevi.com.tr\/index.php\/wp-json\/wp\/v2\/product_cat?post=725005"},{"taxonomy":"product_tag","embeddable":true,"href":"https:\/\/roveyayinevi.com.tr\/index.php\/wp-json\/wp\/v2\/product_tag?post=725005"}],"curies":[{"name":"wp","href":"https:\/\/api.w.org\/{rel}","templated":true}]}}