{"id":725003,"date":"2025-08-27T19:42:52","date_gmt":"2025-08-27T16:42:52","guid":{"rendered":"https:\/\/roveyayinevi.com.tr\/index.php\/urun\/don-kisot-ciltli\/"},"modified":"2026-04-16T02:32:49","modified_gmt":"2026-04-15T23:32:49","slug":"don-kisot-ciltli","status":"publish","type":"product","link":"https:\/\/roveyayinevi.com.tr\/index.php\/urun\/don-kisot-ciltli\/","title":{"rendered":"Don Ki\u015fot (Ciltli)"},"content":{"rendered":"<p>Okudu\u011fu kitaplardaki \u015f\u00f6valyelere \u00f6zenip kendisi de bir gezgin \u015f\u00f6valye olmaya karar veren Don Ki\u015fot z\u0131rh\u0131n\u0131 ku\u015fan\u0131p at\u0131na atlayarak macera aramak i\u00e7in yaveri San\u00e7o ile birlikte yollara d\u00fc\u015fer. Ger\u00e7ekle hayalin gittik\u00e7e birbirine kar\u0131\u015ft\u0131\u011f\u0131 bu yolculukta k\u00e2h dev zannetti\u011fi yel de\u011firmenleriyle sava\u015fan k\u00e2h d\u00fc\u015fman ordusu zannetti\u011fi koyun s\u00fcr\u00fclerinin aras\u0131na dalan Don Ki\u015fot asla pes etmez ve yeni yeni maceralar aramaya devam eder.<\/p>\n","protected":false},"excerpt":{"rendered":"<p>Okudu\u011fu kitaplardaki \u015f\u00f6valyelere \u00f6zenip kendisi de bir gezgin \u015f\u00f6valye olmaya karar veren Don Ki\u015fot z\u0131rh\u0131n\u0131 ku\u015fan\u0131p at\u0131na atlayarak macera aramak i\u00e7in yaveri San\u00e7o ile birlikte yollara<span class=\"excerpt-hellip\"> [\u2026]<\/span><\/p>\n","protected":false},"featured_media":0,"template":"","meta":{"_monsterinsights_skip_tracking":false,"_monsterinsights_sitenote_active":false,"_monsterinsights_sitenote_note":"","_monsterinsights_sitenote_category":0},"product_brand":[],"product_cat":[12274,12467],"product_tag":[],"class_list":{"0":"post-725003","1":"product","2":"type-product","3":"status-publish","5":"product_cat-cocuk-ve-genclik-kitaplari","6":"product_cat-dunya-klasikleri","7":"pa_cilt-ciltli","8":"pa_tur-kitap","9":"pa_yayinevi-beyaz-balina-yayinlari","10":"pa_yazar-miguel-de-cervantes","12":"first","13":"instock","14":"sale","15":"shipping-taxable","16":"purchasable","17":"product-type-simple"},"_links":{"self":[{"href":"https:\/\/roveyayinevi.com.tr\/index.php\/wp-json\/wp\/v2\/product\/725003","targetHints":{"allow":["GET"]}}],"collection":[{"href":"https:\/\/roveyayinevi.com.tr\/index.php\/wp-json\/wp\/v2\/product"}],"about":[{"href":"https:\/\/roveyayinevi.com.tr\/index.php\/wp-json\/wp\/v2\/types\/product"}],"wp:attachment":[{"href":"https:\/\/roveyayinevi.com.tr\/index.php\/wp-json\/wp\/v2\/media?parent=725003"}],"wp:term":[{"taxonomy":"product_brand","embeddable":true,"href":"https:\/\/roveyayinevi.com.tr\/index.php\/wp-json\/wp\/v2\/product_brand?post=725003"},{"taxonomy":"product_cat","embeddable":true,"href":"https:\/\/roveyayinevi.com.tr\/index.php\/wp-json\/wp\/v2\/product_cat?post=725003"},{"taxonomy":"product_tag","embeddable":true,"href":"https:\/\/roveyayinevi.com.tr\/index.php\/wp-json\/wp\/v2\/product_tag?post=725003"}],"curies":[{"name":"wp","href":"https:\/\/api.w.org\/{rel}","templated":true}]}}