{"id":725002,"date":"2025-08-27T19:42:51","date_gmt":"2025-08-27T16:42:51","guid":{"rendered":"https:\/\/roveyayinevi.com.tr\/index.php\/urun\/uygar-olmak-zor-is-2\/"},"modified":"2026-04-16T02:32:49","modified_gmt":"2026-04-15T23:32:49","slug":"uygar-olmak-zor-is-2","status":"publish","type":"product","link":"https:\/\/roveyayinevi.com.tr\/index.php\/urun\/uygar-olmak-zor-is-2\/","title":{"rendered":"Uygar Olmak Zor \u0130\u015f"},"content":{"rendered":"<p>Kimi yazarlar vard\u0131r, ya\u015famlar\u0131 ile yap\u0131tlar\u0131 aras\u0131nda derin u\u00e7urumlar g\u00f6r\u00fcrs\u00fcn\u00fcz. Oysa, Daver Darende&#8217;yi anlamak i\u00e7in resimlerine ve yaz\u0131lar\u0131na bakmak yeterlidir. \u015e\u0131k\u0131r \u015f\u0131k\u0131r resimlerinde neyi imliyorsan\u0131z; iyi, ilkeli insanl\u0131\u011f\u0131n\u0131n kan\u0131t\u0131 yaz\u0131lar\u0131nda neyi anl\u0131yorsan\u0131z, Daver Darende tam da odur.Elinizdeki kitapta diyor ki, \u201cUygar olmak zor i\u015f.\u201dSanmay\u0131n\u0131z ki, Darende, uygarl\u0131ktan yak\u0131n\u0131yor. Bilisizli\u011fin kurakl\u0131\u011f\u0131n\u0131 giderebilmek, o \u00e7\u00f6l\u00fc verimli k\u0131labilmenin ne denli g\u00fc\u00e7 oldu\u011funa de\u011finiyor. Kitab\u0131n i\u00e7ine girdi\u011finizde, bu tezin ilmik ilmik \u00f6r\u00fcld\u00fc\u011f\u00fcne de tan\u0131k oluyorsunuz. Aragon&#8217;dan Melih Cevdet Anday&#8217;a, Haldun Taner&#8217;den Kafka&#8217;ya uygarl\u0131k; isimler, an\u0131lar, izlenimler, al\u0131nt\u0131lar ve yorumlarla alg\u0131 da\u011farc\u0131\u011f\u0131m\u0131z\u0131n k\u00fc\u00e7\u00fck odalar\u0131na yerle\u015fiveriyorlar.Daver Darende&#8217;nin sanat\u0131, yaz\u0131s\u0131 ve d\u00fcnya g\u00f6r\u00fc\u015f\u00fc hi\u00e7 ya\u015flanmaz. \u00c7\u00fcnk\u00fc o, dedi\u011fi gibi, mutlulu\u011fu \u00e7al\u0131\u015fmada bulanlardan&#8230;Uygarl\u0131\u011f\u0131n amac\u0131 da sonsuz mutlulu\u011fu aramak ve bulmaya \u00e7al\u0131\u015fmak de\u011fil mi zaten?I\u015f\u0131k Kansu \u2018Uygar Olmak Zor \u0130\u015f\u2019te ad\u0131 ge\u00e7en o b\u00fcy\u00fck sanat\u00e7\u0131lar\u0131 ve ayd\u0131nlar\u0131, Daver Darende\u2019nin penceresinden g\u00f6zlemledi\u011finizde, ilk hissetti\u011finiz duygu m\u00fcthi\u015f bir yaln\u0131zl\u0131k olacak.O insanlar\u0131 hi\u00e7 tan\u0131mam\u0131\u015f olsan\u0131z bile\u2026Niye bir\u00e7o\u011fu bug\u00fcn yok, diye ge\u00e7ireceksiniz i\u00e7inizden.Ve i\u00e7inde ya\u015famaya mahkum edildi\u011finiz d\u00fc\u015f\u00fcnsel co\u011frafyadaki \u00e7orakl\u0131k, bir kez daha ac\u0131tacak y\u00fcre\u011finizi.Sonra Daver Darende\u2019yi k\u0131skanacaks\u0131n\u0131z.Size bug\u00fcn yokluklar\u0131yla kendinizi yaln\u0131z hissettiren, o hi\u00e7 tan\u0131mad\u0131\u011f\u0131n\u0131z insanlarla kurdu\u011fu s\u0131cak dostluklara, payla\u015f\u0131mlara, birlikte sergiledikleri m\u00fccadelelere imreneceksiniz.Ve kitab\u0131n son sayfas\u0131n\u0131 \u00e7evirdi\u011finizde, bu \u00fclkenin en sayg\u0131de\u011fer insanlar\u0131n\u0131 bir par\u00e7a olsun \u00f6z\u00fcmsemi\u015f olman\u0131n doygunlu\u011funu ya\u015farken; d\u00fcnle bug\u00fcn aras\u0131nda adeta bir uygarl\u0131k k\u00f6pr\u00fcs\u00fc olan Daver Darende\u2019ye minnet duyacaks\u0131n\u0131z:\u2018\u0130yi ki Daver Darende var!\u2019 diyeceksiniz\u2026Server Tanilli, \u201c\u0130nsanl\u0131\u011fa aday\u2019 olarak do\u011far\u0131z; insanl\u0131\u011f\u0131n k\u00fclt\u00fcrel birikimini \u00f6\u011frenerek \u2018insanla\u015f\u0131r\u2019\u0131z.\u201d der bir kitab\u0131nda.Daver Darende hi\u00e7 \u015f\u00fcphe yok ki, bu topraklar\u0131n en \u2018insanla\u015fm\u0131\u015f\u2019 yazarlar\u0131ndan biri\u2026Ne mutlu ona, ne mutlu onu okuyanlara!<\/p>\n","protected":false},"excerpt":{"rendered":"<p>Kimi yazarlar vard\u0131r, ya\u015famlar\u0131 ile yap\u0131tlar\u0131 aras\u0131nda derin u\u00e7urumlar g\u00f6r\u00fcrs\u00fcn\u00fcz. Oysa, Daver Darende&#8217;yi anlamak i\u00e7in resimlerine ve yaz\u0131lar\u0131na bakmak yeterlidir. \u015e\u0131k\u0131r \u015f\u0131k\u0131r resimlerinde neyi imliyorsan\u0131z; iyi,<span class=\"excerpt-hellip\"> [\u2026]<\/span><\/p>\n","protected":false},"featured_media":0,"template":"","meta":{"_monsterinsights_skip_tracking":false,"_monsterinsights_sitenote_active":false,"_monsterinsights_sitenote_note":"","_monsterinsights_sitenote_category":0},"product_brand":[],"product_cat":[12777,12291],"product_tag":[],"class_list":{"0":"post-725002","1":"product","2":"type-product","3":"status-publish","5":"product_cat-deneme","6":"product_cat-edebiyat","7":"pa_cilt-ciltsiz","8":"pa_tur-kitap","9":"pa_yayinevi-telgrafhane-yayinlari","10":"pa_yazar-daver-darende","12":"first","13":"instock","14":"sale","15":"shipping-taxable","16":"purchasable","17":"product-type-simple"},"_links":{"self":[{"href":"https:\/\/roveyayinevi.com.tr\/index.php\/wp-json\/wp\/v2\/product\/725002","targetHints":{"allow":["GET"]}}],"collection":[{"href":"https:\/\/roveyayinevi.com.tr\/index.php\/wp-json\/wp\/v2\/product"}],"about":[{"href":"https:\/\/roveyayinevi.com.tr\/index.php\/wp-json\/wp\/v2\/types\/product"}],"wp:attachment":[{"href":"https:\/\/roveyayinevi.com.tr\/index.php\/wp-json\/wp\/v2\/media?parent=725002"}],"wp:term":[{"taxonomy":"product_brand","embeddable":true,"href":"https:\/\/roveyayinevi.com.tr\/index.php\/wp-json\/wp\/v2\/product_brand?post=725002"},{"taxonomy":"product_cat","embeddable":true,"href":"https:\/\/roveyayinevi.com.tr\/index.php\/wp-json\/wp\/v2\/product_cat?post=725002"},{"taxonomy":"product_tag","embeddable":true,"href":"https:\/\/roveyayinevi.com.tr\/index.php\/wp-json\/wp\/v2\/product_tag?post=725002"}],"curies":[{"name":"wp","href":"https:\/\/api.w.org\/{rel}","templated":true}]}}