{"id":724998,"date":"2025-08-27T19:42:48","date_gmt":"2025-08-27T16:42:48","guid":{"rendered":"https:\/\/roveyayinevi.com.tr\/index.php\/urun\/kucuk-seytan-2\/"},"modified":"2025-09-18T00:15:31","modified_gmt":"2025-09-17T21:15:31","slug":"kucuk-seytan-2","status":"publish","type":"product","link":"https:\/\/roveyayinevi.com.tr\/index.php\/urun\/kucuk-seytan-2\/","title":{"rendered":"K\u00fc\u00e7\u00fck \u015eeytan"},"content":{"rendered":"<p>Rus sembolizminin \u00f6zg\u00fcn kalemi Fyodor Sologub, \u00f6nc\u00fcllerinin izledi\u011fi yolu tamamen terk etti\u011fi ve en \u00f6nemli eseri say\u0131lan K\u00fc\u00e7\u00fck \u015eeytan&#8217;da, s\u0131radan insanlar\u0131n d\u00fc\u015ft\u00fc\u011f\u00fc trajikomik durumlar\u0131 s\u0131rad\u0131\u015f\u0131 bir kasaba dekoruna yedirerek okuru ad\u0131m ad\u0131m kimin su\u00e7lu kimin kurban oldu\u011funu sorgulatan bir \u00e7\u00f6k\u00fc\u015f panoramas\u0131na s\u00fcr\u00fckl\u00fcyor.Rus edebiyat\u0131n\u0131 h\u00e2kimiyeti alt\u0131na alm\u0131\u015f ger\u00e7ek\u00e7ilik ak\u0131m\u0131na yap\u0131lm\u0131\u015f en vurucu misillemelerden biri olan K\u00fc\u00e7\u00fck \u015eeytan, ayn\u0131 zamanda Ekim Devrimi \u00f6ncesi burjuva ya\u015fant\u0131s\u0131n\u0131 ve rehaveti, y\u0131k\u0131ma g\u00f6t\u00fcren toplumsal \u00e7\u00f6z\u00fclmeyi g\u00f6zler \u00f6n\u00fcne seriyor. Yaz\u0131ld\u0131\u011f\u0131 d\u00f6nem ahlaka mugayir oldu\u011fu gerek\u00e7esiyle pek \u00e7ok kez sans\u00fcrlenen ve yasaklanan bu yer yer karnavalesk hiciv, sans\u00fcrs\u00fcz haliyle ilk kez T\u00fcrk\u00e7ede&#8230;<\/p>\n","protected":false},"excerpt":{"rendered":"<p>Rus sembolizminin \u00f6zg\u00fcn kalemi Fyodor Sologub, \u00f6nc\u00fcllerinin izledi\u011fi yolu tamamen terk etti\u011fi ve en \u00f6nemli eseri say\u0131lan K\u00fc\u00e7\u00fck \u015eeytan&#8217;da, s\u0131radan insanlar\u0131n d\u00fc\u015ft\u00fc\u011f\u00fc trajikomik durumlar\u0131 s\u0131rad\u0131\u015f\u0131 bir<span class=\"excerpt-hellip\"> [\u2026]<\/span><\/p>\n","protected":false},"featured_media":0,"template":"","meta":{"_monsterinsights_skip_tracking":false,"_monsterinsights_sitenote_active":false,"_monsterinsights_sitenote_note":"","_monsterinsights_sitenote_category":0},"product_brand":[],"product_cat":[12291,12711],"product_tag":[],"class_list":{"0":"post-724998","1":"product","2":"type-product","3":"status-publish","5":"product_cat-edebiyat","6":"product_cat-roman-oyku","7":"pa_cilt-ciltsiz","8":"pa_tur-kitap","9":"pa_yayinevi-sel-yayincilik","10":"pa_yazar-fyodor-sologub","12":"first","13":"instock","14":"sale","15":"shipping-taxable","16":"purchasable","17":"product-type-simple"},"_links":{"self":[{"href":"https:\/\/roveyayinevi.com.tr\/index.php\/wp-json\/wp\/v2\/product\/724998","targetHints":{"allow":["GET"]}}],"collection":[{"href":"https:\/\/roveyayinevi.com.tr\/index.php\/wp-json\/wp\/v2\/product"}],"about":[{"href":"https:\/\/roveyayinevi.com.tr\/index.php\/wp-json\/wp\/v2\/types\/product"}],"wp:attachment":[{"href":"https:\/\/roveyayinevi.com.tr\/index.php\/wp-json\/wp\/v2\/media?parent=724998"}],"wp:term":[{"taxonomy":"product_brand","embeddable":true,"href":"https:\/\/roveyayinevi.com.tr\/index.php\/wp-json\/wp\/v2\/product_brand?post=724998"},{"taxonomy":"product_cat","embeddable":true,"href":"https:\/\/roveyayinevi.com.tr\/index.php\/wp-json\/wp\/v2\/product_cat?post=724998"},{"taxonomy":"product_tag","embeddable":true,"href":"https:\/\/roveyayinevi.com.tr\/index.php\/wp-json\/wp\/v2\/product_tag?post=724998"}],"curies":[{"name":"wp","href":"https:\/\/api.w.org\/{rel}","templated":true}]}}