{"id":724997,"date":"2025-08-27T19:42:47","date_gmt":"2025-08-27T16:42:47","guid":{"rendered":"https:\/\/roveyayinevi.com.tr\/index.php\/urun\/ellis-adasi\/"},"modified":"2026-04-15T02:43:34","modified_gmt":"2026-04-14T23:43:34","slug":"ellis-adasi","status":"publish","type":"product","link":"https:\/\/roveyayinevi.com.tr\/index.php\/urun\/ellis-adasi\/","title":{"rendered":"Ellis Adas\u0131"},"content":{"rendered":"<p>Tedirgin, heyecanl\u0131, g\u00f6z\u00fc ya\u015fl\u0131 bir kalabal\u0131k&#8230; Korkunun deh\u015fete, beklentilerinse h\u00fcsrana d\u00f6n\u00fc\u015febilece\u011fi grotesk, m\u00fcphem bir karma\u015fa&#8230; T\u00fcm hayat\u0131n\u0131 bir bavula s\u0131\u011fd\u0131ran kimsesizlerin, zaman\u0131n ve mek\u00e2n\u0131n d\u0131\u015f\u0131na itilenlerin o yepyeni, \u00fcmitvar kurtulu\u015f ihtimali: Ellis Adas\u0131.Georges Perec, yoldan \u00e7\u0131kanlar\u0131n, isyan edenlerin, kaderine raz\u0131 gelenlerin \u00f6n\u00fcnde uzun kuyruklar olu\u015fturduklar\u0131 Amerika&#8217;ya a\u00e7\u0131lan bu k\u00fc\u00e7\u00fck aday\u0131, s\u0131rt\u0131nda s\u00fcrg\u00fcn\u00fcn a\u011f\u0131rl\u0131\u011f\u0131n\u0131 ta\u015f\u0131yarak ar\u015f\u0131nl\u0131yor. A\u00e7l\u0131ktan, sefaletten, bask\u0131 ve \u015fiddetten ka\u00e7arken kimlikler, k\u00f6kler ve arafta kalma hali benzersiz bir felaketin \u00e7amurunda yeni bi\u00e7imler kazan\u0131yor; karanl\u0131k bekleyi\u015f s\u00fcr\u00fcyor&#8230;<\/p>\n","protected":false},"excerpt":{"rendered":"<p>Tedirgin, heyecanl\u0131, g\u00f6z\u00fc ya\u015fl\u0131 bir kalabal\u0131k&#8230; Korkunun deh\u015fete, beklentilerinse h\u00fcsrana d\u00f6n\u00fc\u015febilece\u011fi grotesk, m\u00fcphem bir karma\u015fa&#8230; T\u00fcm hayat\u0131n\u0131 bir bavula s\u0131\u011fd\u0131ran kimsesizlerin, zaman\u0131n ve mek\u00e2n\u0131n d\u0131\u015f\u0131na itilenlerin<span class=\"excerpt-hellip\"> [\u2026]<\/span><\/p>\n","protected":false},"featured_media":0,"template":"","meta":{"_monsterinsights_skip_tracking":false,"_monsterinsights_sitenote_active":false,"_monsterinsights_sitenote_note":"","_monsterinsights_sitenote_category":0},"product_brand":[],"product_cat":[12291,12711],"product_tag":[],"class_list":{"0":"post-724997","1":"product","2":"type-product","3":"status-publish","5":"product_cat-edebiyat","6":"product_cat-roman-oyku","7":"pa_cilt-ciltsiz","8":"pa_tur-kitap","9":"pa_yayinevi-sel-yayincilik","10":"pa_yazar-georges-perec","12":"first","13":"instock","14":"sale","15":"shipping-taxable","16":"purchasable","17":"product-type-simple"},"_links":{"self":[{"href":"https:\/\/roveyayinevi.com.tr\/index.php\/wp-json\/wp\/v2\/product\/724997","targetHints":{"allow":["GET"]}}],"collection":[{"href":"https:\/\/roveyayinevi.com.tr\/index.php\/wp-json\/wp\/v2\/product"}],"about":[{"href":"https:\/\/roveyayinevi.com.tr\/index.php\/wp-json\/wp\/v2\/types\/product"}],"wp:attachment":[{"href":"https:\/\/roveyayinevi.com.tr\/index.php\/wp-json\/wp\/v2\/media?parent=724997"}],"wp:term":[{"taxonomy":"product_brand","embeddable":true,"href":"https:\/\/roveyayinevi.com.tr\/index.php\/wp-json\/wp\/v2\/product_brand?post=724997"},{"taxonomy":"product_cat","embeddable":true,"href":"https:\/\/roveyayinevi.com.tr\/index.php\/wp-json\/wp\/v2\/product_cat?post=724997"},{"taxonomy":"product_tag","embeddable":true,"href":"https:\/\/roveyayinevi.com.tr\/index.php\/wp-json\/wp\/v2\/product_tag?post=724997"}],"curies":[{"name":"wp","href":"https:\/\/api.w.org\/{rel}","templated":true}]}}