{"id":724995,"date":"2025-08-27T19:42:44","date_gmt":"2025-08-27T16:42:44","guid":{"rendered":"https:\/\/roveyayinevi.com.tr\/index.php\/urun\/pandalar-ucabilir\/"},"modified":"2026-04-16T02:32:49","modified_gmt":"2026-04-15T23:32:49","slug":"pandalar-ucabilir","status":"publish","type":"product","link":"https:\/\/roveyayinevi.com.tr\/index.php\/urun\/pandalar-ucabilir\/","title":{"rendered":"Pandalar U\u00e7abilir"},"content":{"rendered":"<p>G\u00fczel olan her \u015fey nefreti yenebilir. \u0130nanmak her g\u00fc\u00e7l\u00fc\u011f\u00fc yenebilir.E\u011fer inan\u0131rsan, pandalar bile u\u00e7abilir&#8230;   Yaralar sar\u0131l\u0131r, k\u00fcsler bar\u0131\u015f\u0131r, gece ayd\u0131nlan\u0131r.\u0130nand\u0131\u011f\u0131n do\u011frular asl\u0131nda birer masald\u0131r. Masallar ac\u0131tmaz ger\u00e7ekler kadar, ger\u00e7ek masaldan daha yaland\u0131r.Ya\u011fmur ya\u011far. Sonra diner.Baz\u0131lar\u0131 hi\u00e7 d\u00f6nmez. Baz\u0131 ac\u0131lar diner. Baz\u0131 yaralar\u0131 kim ok\u015fasa ge\u00e7mez.Er ge\u00e7 iyile\u015fir hakk\u0131na girilen y\u00fcrekler. Bu devran b\u00f6yle s\u00fcr\u00fcp gitmez.Bir g\u00fcn&#8230;Susayan kanar susad\u0131\u011f\u0131 ne varsa. A\u015fka doyar mesela, ya da g\u00fcl\u00fcmseyen insan suratlar\u0131na.G\u00fclmek g\u00fczeldir. Ya\u015famak g\u00fczeldir. Sevmek g\u00fczeldir.G\u00fczel olan her \u015fey nefreti yenebilir.\u0130nanmak her g\u00fc\u00e7l\u00fc\u011f\u00fc yenebilir.E\u011fer inan\u0131rsan, pandalar bile u\u00e7abilir&#8230;<\/p>\n","protected":false},"excerpt":{"rendered":"<p>G\u00fczel olan her \u015fey nefreti yenebilir. \u0130nanmak her g\u00fc\u00e7l\u00fc\u011f\u00fc yenebilir.E\u011fer inan\u0131rsan, pandalar bile u\u00e7abilir&#8230; Yaralar sar\u0131l\u0131r, k\u00fcsler bar\u0131\u015f\u0131r, gece ayd\u0131nlan\u0131r.\u0130nand\u0131\u011f\u0131n do\u011frular asl\u0131nda birer masald\u0131r. Masallar ac\u0131tmaz<span class=\"excerpt-hellip\"> [\u2026]<\/span><\/p>\n","protected":false},"featured_media":0,"template":"","meta":{"_monsterinsights_skip_tracking":false,"_monsterinsights_sitenote_active":false,"_monsterinsights_sitenote_note":"","_monsterinsights_sitenote_category":0},"product_brand":[],"product_cat":[12777,12291],"product_tag":[],"class_list":{"0":"post-724995","1":"product","2":"type-product","3":"status-publish","5":"product_cat-deneme","6":"product_cat-edebiyat","7":"pa_cilt-ciltsiz","8":"pa_tur-kitap","9":"pa_yayinevi-hayykitap","10":"pa_yazar-caner-yaman","12":"first","13":"instock","14":"sale","15":"shipping-taxable","16":"purchasable","17":"product-type-simple"},"_links":{"self":[{"href":"https:\/\/roveyayinevi.com.tr\/index.php\/wp-json\/wp\/v2\/product\/724995","targetHints":{"allow":["GET"]}}],"collection":[{"href":"https:\/\/roveyayinevi.com.tr\/index.php\/wp-json\/wp\/v2\/product"}],"about":[{"href":"https:\/\/roveyayinevi.com.tr\/index.php\/wp-json\/wp\/v2\/types\/product"}],"wp:attachment":[{"href":"https:\/\/roveyayinevi.com.tr\/index.php\/wp-json\/wp\/v2\/media?parent=724995"}],"wp:term":[{"taxonomy":"product_brand","embeddable":true,"href":"https:\/\/roveyayinevi.com.tr\/index.php\/wp-json\/wp\/v2\/product_brand?post=724995"},{"taxonomy":"product_cat","embeddable":true,"href":"https:\/\/roveyayinevi.com.tr\/index.php\/wp-json\/wp\/v2\/product_cat?post=724995"},{"taxonomy":"product_tag","embeddable":true,"href":"https:\/\/roveyayinevi.com.tr\/index.php\/wp-json\/wp\/v2\/product_tag?post=724995"}],"curies":[{"name":"wp","href":"https:\/\/api.w.org\/{rel}","templated":true}]}}