{"id":724992,"date":"2025-08-27T19:42:41","date_gmt":"2025-08-27T16:42:41","guid":{"rendered":"https:\/\/roveyayinevi.com.tr\/index.php\/urun\/adini-degistiren-cocuk\/"},"modified":"2026-04-16T02:32:49","modified_gmt":"2026-04-15T23:32:49","slug":"adini-degistiren-cocuk","status":"publish","type":"product","link":"https:\/\/roveyayinevi.com.tr\/index.php\/urun\/adini-degistiren-cocuk\/","title":{"rendered":"Ad\u0131n\u0131 De\u011fi\u015ftiren \u00c7ocuk"},"content":{"rendered":"<p>&#8220;Bizim evimiz k\u00f6ydeki di\u011fer evlere hi\u00e7 benzemezdi. Evimize k\u00f6yde kiremitli ev derlerdi. Penceresinde cam, evin yan\u0131nda erik a\u011fa\u00e7lar\u0131 vard\u0131. Evimizde lamba yakar; hi\u00e7 kimsede olmayan yemek kaplar\u0131, e\u015fyalar kullan\u0131rd\u0131k. Diki\u015f makinemiz bile vard\u0131. Ara s\u0131ra k\u00f6y\u00fcn kad\u0131nlar\u0131 anneme gelip diki\u015f makinesinde bir \u015feyler diktirirlerdi. K\u00f6ydeki herkesten daha iyi durumdayd\u0131k. Akl\u0131m erdi\u011finden beri hayat\u0131mda b\u00fcy\u00fck bir s\u0131r oldu\u011funu d\u00fc\u015f\u00fcn\u00fcyordum. Ama ne oldu\u011funu anlayamam\u0131\u015ft\u0131m.&#8221; Kemalettin Tu\u011fcu Ad\u0131n\u0131 De\u011fi\u015ftiren \u00c7ocuk kitab\u0131nda; insan\u0131n \u00f6z\u00fcn\u00fcn de\u011fi\u015fmedi\u011fini, kendini geli\u015ftirmenin \u00f6nemini ve aile ba\u011flar\u0131n\u0131n kuvvetini anlat\u0131yor. Her kitab\u0131n arkas\u0131ndaki s\u00f6zl\u00fck ile yazar\u0131n kurdu\u011fu d\u00fcnyay\u0131 bozmadan okurlara sunuyoruz.<\/p>\n","protected":false},"excerpt":{"rendered":"<p>&#8220;Bizim evimiz k\u00f6ydeki di\u011fer evlere hi\u00e7 benzemezdi. Evimize k\u00f6yde kiremitli ev derlerdi. Penceresinde cam, evin yan\u0131nda erik a\u011fa\u00e7lar\u0131 vard\u0131. Evimizde lamba yakar; hi\u00e7 kimsede olmayan yemek<span class=\"excerpt-hellip\"> [\u2026]<\/span><\/p>\n","protected":false},"featured_media":0,"template":"","meta":{"_monsterinsights_skip_tracking":false,"_monsterinsights_sitenote_active":false,"_monsterinsights_sitenote_note":"","_monsterinsights_sitenote_category":0},"product_brand":[],"product_cat":[12274,12284],"product_tag":[],"class_list":{"0":"post-724992","1":"product","2":"type-product","3":"status-publish","5":"product_cat-cocuk-ve-genclik-kitaplari","6":"product_cat-hikayeler","7":"pa_cilt-ciltsiz","8":"pa_tur-kitap","9":"pa_yayinevi-ucan-at","10":"pa_yazar-kemalettin-tugcu","12":"first","13":"instock","14":"sale","15":"shipping-taxable","16":"purchasable","17":"product-type-simple"},"_links":{"self":[{"href":"https:\/\/roveyayinevi.com.tr\/index.php\/wp-json\/wp\/v2\/product\/724992","targetHints":{"allow":["GET"]}}],"collection":[{"href":"https:\/\/roveyayinevi.com.tr\/index.php\/wp-json\/wp\/v2\/product"}],"about":[{"href":"https:\/\/roveyayinevi.com.tr\/index.php\/wp-json\/wp\/v2\/types\/product"}],"wp:attachment":[{"href":"https:\/\/roveyayinevi.com.tr\/index.php\/wp-json\/wp\/v2\/media?parent=724992"}],"wp:term":[{"taxonomy":"product_brand","embeddable":true,"href":"https:\/\/roveyayinevi.com.tr\/index.php\/wp-json\/wp\/v2\/product_brand?post=724992"},{"taxonomy":"product_cat","embeddable":true,"href":"https:\/\/roveyayinevi.com.tr\/index.php\/wp-json\/wp\/v2\/product_cat?post=724992"},{"taxonomy":"product_tag","embeddable":true,"href":"https:\/\/roveyayinevi.com.tr\/index.php\/wp-json\/wp\/v2\/product_tag?post=724992"}],"curies":[{"name":"wp","href":"https:\/\/api.w.org\/{rel}","templated":true}]}}