{"id":724990,"date":"2025-08-27T19:42:39","date_gmt":"2025-08-27T16:42:39","guid":{"rendered":"https:\/\/roveyayinevi.com.tr\/index.php\/urun\/trabzonun-liberal-bolsevigi-rifki-kulac-1896-1962\/"},"modified":"2026-04-16T02:32:49","modified_gmt":"2026-04-15T23:32:49","slug":"trabzonun-liberal-bolsevigi-rifki-kulac-1896-1962","status":"publish","type":"product","link":"https:\/\/roveyayinevi.com.tr\/index.php\/urun\/trabzonun-liberal-bolsevigi-rifki-kulac-1896-1962\/","title":{"rendered":"Trabzon\u2019un \u201cLiberal Bol\u015fevi\u011fi \u201d &#8211; R\u0131fk\u0131 Kula\u00e7 (1896 \u2013 1962)"},"content":{"rendered":"<p>\u201c\u00dclk\u00fc, maddenin marabas\u0131d\u0131r.\u201d     Trabzon liman burjuvazisinin Batum\u2019da k\u00e2r, \u0130stanbul\u2019da ayr\u0131ca emniyet ve de siyaset arayan temsilcilerinden S\u00fcrmeneli Kula\u00e7zadelerin o\u011flu Halit R\u0131fk\u0131, 1915\u2019te Hicaz Cephesi\u2019nde Birinci D\u00fcnya Sava\u015f\u0131\u2019na dahil edildi\u011finde, \u201cd\u00fcnya kavimlerinin Marx \u00fcmmeti\u201d olmaya ba\u015flad\u0131klar\u0131n\u0131 g\u00f6rmekteydi\u2026   Esaret kamp\u0131nda \u00e7\u0131kard\u0131\u011f\u0131 gazetelerde ve 1920\u2019de Trabzon\u2019da bu d\u00fc\u015f\u00fcncelerini dile getirdi. 1921\u2019de Tiflis, 1922\u2019de Moskova\u2019dayd\u0131. 1927\u2019de Trabzon\u2019da bir gazetenin ba\u015fyazar\u0131 oldu.   Verimli bir k\u00f6\u015fe yazar\u0131 olan Halit R\u0131fk\u0131, siyasi g\u00f6r\u00fc\u015fleri nedeniyle suskunlu\u011fa mahkum edildi, buna kar\u015f\u0131l\u0131k 1936\u2019da \u00f6zg\u00fcn bir Kurtulu\u015f Sava\u015f\u0131 roman\u0131 (Milletle\u015fen Adam) kaleme ald\u0131. \u00d6lene kadar 1917 \u00f6ncesi Marksizmi\u2019ne ba\u011fl\u0131 kald\u0131, Trabzon\u2019da kendi k\u00f6\u015fesini, bilgisi ve diren\u00e7li duru\u015fuyla kendisi yaratt\u0131\u2026      Kapitalizmden sosyalizme ge\u00e7i\u015f sorunlar\u0131yla ba\u011flant\u0131l\u0131 olarak, \u00fcretimin geli\u015fmi\u015fli\u011fi, ekonomizm, legalizm, d\u00fcnya devrimi ve parti kavramlar\u0131 \u00fczerinden tart\u0131\u015f\u0131l\u0131rken, Mustafa Suphi, Esat \u00d6mer, Zeki Ba\u015ft\u0131mar\u2019lar\u0131n Trabzon\u2019unda siyaset \u2013 aile reisli\u011fi, kom\u015fuluk ve de \u2018insanl\u0131k\u2019 &#8211; hangi toplumsal ba\u011flam\u0131n hangi s\u00f6ylemiyle y\u00fcr\u00fct\u00fclecekti\u2026    <\/p>\n","protected":false},"excerpt":{"rendered":"<p>\u201c\u00dclk\u00fc, maddenin marabas\u0131d\u0131r.\u201d Trabzon liman burjuvazisinin Batum\u2019da k\u00e2r, \u0130stanbul\u2019da ayr\u0131ca emniyet ve de siyaset arayan temsilcilerinden S\u00fcrmeneli Kula\u00e7zadelerin o\u011flu Halit R\u0131fk\u0131, 1915\u2019te Hicaz Cephesi\u2019nde Birinci D\u00fcnya<span class=\"excerpt-hellip\"> [\u2026]<\/span><\/p>\n","protected":false},"featured_media":0,"template":"","meta":{"_monsterinsights_skip_tracking":false,"_monsterinsights_sitenote_active":false,"_monsterinsights_sitenote_note":"","_monsterinsights_sitenote_category":0},"product_brand":[],"product_cat":[14009,12291],"product_tag":[],"class_list":{"0":"post-724990","1":"product","2":"type-product","3":"status-publish","5":"product_cat-biyografi-otobiyografi-edebiyat","6":"product_cat-edebiyat","7":"pa_cilt-ciltsiz","8":"pa_tur-kitap","9":"pa_yayinevi-islik-yayinlari","10":"pa_yazar-kudret-emiroglu","12":"first","13":"instock","14":"sale","15":"shipping-taxable","16":"purchasable","17":"product-type-simple"},"_links":{"self":[{"href":"https:\/\/roveyayinevi.com.tr\/index.php\/wp-json\/wp\/v2\/product\/724990","targetHints":{"allow":["GET"]}}],"collection":[{"href":"https:\/\/roveyayinevi.com.tr\/index.php\/wp-json\/wp\/v2\/product"}],"about":[{"href":"https:\/\/roveyayinevi.com.tr\/index.php\/wp-json\/wp\/v2\/types\/product"}],"wp:attachment":[{"href":"https:\/\/roveyayinevi.com.tr\/index.php\/wp-json\/wp\/v2\/media?parent=724990"}],"wp:term":[{"taxonomy":"product_brand","embeddable":true,"href":"https:\/\/roveyayinevi.com.tr\/index.php\/wp-json\/wp\/v2\/product_brand?post=724990"},{"taxonomy":"product_cat","embeddable":true,"href":"https:\/\/roveyayinevi.com.tr\/index.php\/wp-json\/wp\/v2\/product_cat?post=724990"},{"taxonomy":"product_tag","embeddable":true,"href":"https:\/\/roveyayinevi.com.tr\/index.php\/wp-json\/wp\/v2\/product_tag?post=724990"}],"curies":[{"name":"wp","href":"https:\/\/api.w.org\/{rel}","templated":true}]}}